{"id":25180,"date":"2025-03-14T11:00:42","date_gmt":"2025-03-14T10:00:42","guid":{"rendered":"https:\/\/www.wave-protect-france.com\/boutique\/par-de-espinilleras-wp10-personalizadas-para-proteccion-de-ondas-electromagneticas\/"},"modified":"2025-03-14T11:00:42","modified_gmt":"2025-03-14T10:00:42","slug":"par-de-espinilleras-wp10-personalizadas-para-proteccion-de-ondas-electromagneticas","status":"publish","type":"product","link":"https:\/\/www.wave-protect-france.com\/es\/comercio\/par-de-espinilleras-wp10-personalizadas-para-proteccion-de-ondas-electromagneticas\/","title":{"rendered":"PAR DE ESPINILLERAS WP10 PERSONALIZADAS PARA PROTECCI\u00d3N DE ONDAS ELECTROMAGN\u00c9TICAS"},"content":{"rendered":"<p>Moldeado por inyecci\u00f3n termopl\u00e1stica con sistema de bisagra adaptable a la forma del atleta<\/p>\n<p>Producci\u00f3n certificada ISO 9001 (sistema franc\u00e9s patentado y certificado por Emitec)<\/p>\n<p><span style=\"color: #0000ff;\"><strong>Tecnolog\u00eda probada 4G y 5G por el laboratorio NEXIO en diciembre de 2020<br \/>\n<\/strong><\/span>Peso: 95gr<\/p>\n<p>El aparato no se desgasta con un uso normal.<\/p>\n<p>Las espinilleras protectoras WP10 se utilizan para<br \/>\n&#8211; Mejora tu energ\u00eda durante el entrenamiento o un partido de f\u00fatbol<br \/>\n&#8211; Mejorar la resistencia muscular<br \/>\n&#8211; Reducir el estr\u00e9s y la fatiga muscular<br \/>\n&#8211; Mejorar la recuperaci\u00f3n despu\u00e9s del ejercicio.<br \/>\n&#8211; Reducir el riesgo de lesiones<br \/>\n&#8211; Mejorar la concentraci\u00f3n y la eficiencia durante las sesiones deportivas.<\/p>\n<p>Las espinilleras est\u00e1n equipadas con un dispositivo cu\u00e1ntico de tipo \u201cpasivo\u201d WP10 que no implica efectos secundarios, permite absorber las ondas y transformarlas en energ\u00eda continua.<br \/>\nLimpiar con una toallita sin alcohol<\/p>\n<p>LOS PROTECTORES DE ESPINILLAS PUEDEN UTILIZARSE PARA SUSTITUIR O COMPLEMENTAR UN BROCHE, UN COLGANTE O UNA PULSERA PARA QUE SEAN 100% EFICACES DESDE EL MOMENTO EN QUE SE LLEVAN PUESTOS.<\/p>\n<p>&nbsp;<\/p>\n","protected":false},"excerpt":{"rendered":"<p><strong>\u00a1Descubre nuestras espinilleras \u201cTibtop\u201d!<br \/>\n<\/strong>Aten\u00faan los efectos de las ondas electromagn\u00e9ticas y as\u00ed te garantizan una protecci\u00f3n \u00f3ptima.<br \/>\nLas espinilleras se fabrican en nuestros talleres en Francia y se prueban para ofrecerle el m\u00e1ximo confort y una protecci\u00f3n \u00f3ptima.<br \/>\nDirectamente en contacto con nuestro dispositivo, sentir\u00e1 una ganancia inmediata en su recuperaci\u00f3n pero tambi\u00e9n en su rendimiento.<br \/>\n<span style=\"color: #0000ff;\"><strong>Tecnolog\u00eda probada 4G y 5G por el laboratorio NEXIO en diciembre de 2020<\/strong><\/span><\/p>\n<p><img alt=\"\" decoding=\"async\" class=\"alignnone wp-image-2038 size-full\" src=\"https:\/\/www.wave-protect-france.com\/wp-content\/uploads\/2020\/10\/LOGO-FABRIQUE-EN-FRANCE-WPF-V2-1.png\" alt=\"\" width=\"200\" height=\"113\"><\/p>\n","protected":false},"featured_media":24985,"comment_status":"closed","ping_status":"closed","template":"","meta":{"_acf_changed":false,"_seopress_robots_primary_cat":"","_seopress_titles_title":"","_seopress_titles_desc":"","_seopress_robots_index":""},"product_brand":[],"product_cat":[218],"product_tag":[],"class_list":{"0":"post-25180","1":"product","2":"type-product","3":"status-publish","4":"has-post-thumbnail","6":"product_cat-tjrs-au-taquet-es","8":"first","9":"instock","10":"shipping-taxable","11":"purchasable","12":"product-type-simple"},"acf":[],"_links":{"self":[{"href":"https:\/\/www.wave-protect-france.com\/es\/wp-json\/wp\/v2\/product\/25180","targetHints":{"allow":["GET"]}}],"collection":[{"href":"https:\/\/www.wave-protect-france.com\/es\/wp-json\/wp\/v2\/product"}],"about":[{"href":"https:\/\/www.wave-protect-france.com\/es\/wp-json\/wp\/v2\/types\/product"}],"replies":[{"embeddable":true,"href":"https:\/\/www.wave-protect-france.com\/es\/wp-json\/wp\/v2\/comments?post=25180"}],"version-history":[{"count":0,"href":"https:\/\/www.wave-protect-france.com\/es\/wp-json\/wp\/v2\/product\/25180\/revisions"}],"wp:featuredmedia":[{"embeddable":true,"href":"https:\/\/www.wave-protect-france.com\/es\/wp-json\/wp\/v2\/media\/24985"}],"wp:attachment":[{"href":"https:\/\/www.wave-protect-france.com\/es\/wp-json\/wp\/v2\/media?parent=25180"}],"wp:term":[{"taxonomy":"product_brand","embeddable":true,"href":"https:\/\/www.wave-protect-france.com\/es\/wp-json\/wp\/v2\/product_brand?post=25180"},{"taxonomy":"product_cat","embeddable":true,"href":"https:\/\/www.wave-protect-france.com\/es\/wp-json\/wp\/v2\/product_cat?post=25180"},{"taxonomy":"product_tag","embeddable":true,"href":"https:\/\/www.wave-protect-france.com\/es\/wp-json\/wp\/v2\/product_tag?post=25180"}],"curies":[{"name":"wp","href":"https:\/\/api.w.org\/{rel}","templated":true}]}}