{"id":25176,"date":"2025-03-14T11:09:47","date_gmt":"2025-03-14T10:09:47","guid":{"rendered":"https:\/\/www.wave-protect-france.com\/boutique\/kit-multideporte-performance-advance-2-para-proteccion-contra-ondas-electromagneticas\/"},"modified":"2025-03-14T11:09:47","modified_gmt":"2025-03-14T10:09:47","slug":"kit-multideporte-performance-advance-2-para-proteccion-contra-ondas-electromagneticas","status":"publish","type":"product","link":"https:\/\/www.wave-protect-france.com\/es\/comercio\/kit-multideporte-performance-advance-2-para-proteccion-contra-ondas-electromagneticas\/","title":{"rendered":"KIT MULTIDEPORTE PERFORMANCE ADVANCE 2 PARA PROTECCI\u00d3N CONTRA ONDAS ELECTROMAGN\u00c9TICAS"},"content":{"rendered":"<p><em><strong>EL KIT MULTIDEPORTE PERFORMANCE ADVANCE 2:<\/strong><\/em><\/p>\n<p><em><strong>El pin de protecci\u00f3n universal WP2 + Mu\u00f1eca de entrenamiento WP12 <\/strong><\/em><strong><em>+ D\u00fao de nutrientes + CLEAN WATER PROTECT<\/em><\/strong><\/p>\n<p><strong>El pasador de protecci\u00f3n universal WP2<\/strong><\/p>\n<p>Moldeo por inyecci\u00f3n de termopl\u00e1sticos conforme a las normas ROHS y REACH<\/p>\n<p>Tecnolog\u00eda 100% francesa, patentada y probada por el laboratorio EMITECH<\/p>\n<p><strong>Tecnolog\u00eda probada 4G y 5G por el laboratorio NEXIO en diciembre de 2020<br \/>\n<\/strong>Producci\u00f3n estandarizada ISO 9001<br \/>\nPeso del pasador: 15gr<br \/>\nSin desgaste del dispositivo durante el uso normal.<\/p>\n<p><strong>El pasador de protecci\u00f3n universal WP2 se puede utilizar para<br \/>\n<\/strong>\u2013 Mejora tu energ\u00eda diaria (aumento de la tasa de vibraci\u00f3n)<br \/>\n\u2013 Mejorar la resistencia muscular<br \/>\n\u2013 Proteger a las llamadas personas electrosensibles<br \/>\n\u2013 Reducir el estr\u00e9s y la fatiga<br \/>\n\u2013 Mejorar la concentraci\u00f3n y la eficiencia en el trabajo.<br \/>\n\u2013 Reducir los trastornos del sue\u00f1o<\/p>\n<p>Equipado con un dispositivo cu\u00e1ntico de tipo \u201cpasivo\u201d WP2 que no implica efectos secundarios.<br \/>\nPermite que las ondas sean absorbidas y transformadas en energ\u00eda continua. Se puede usar en cualquier parte del cuerpo, lo m\u00e1s cerca posible de la piel, con el lado plano contra usted.<br \/>\nSe recomienda una distancia inferior a 10 mm de la piel para obtener una eficacia \u00f3ptima.<br \/>\nUsar 24 horas al d\u00eda, 7 d\u00edas a la semana excepto en la ducha.<br \/>\nNo utilices este producto bajo el agua, no te preocupes por el sudor y la lluvia.<br \/>\nLimpiar el husillo con una toallita sin alcohol<\/p>\n<p><strong>Entrenamiento de mu\u00f1eca WP12 <\/strong><\/p>\n<p>De tejido el\u00e1stico hipoalerg\u00e9nico.<br \/>\nWP12 dispositivo cu\u00e1ntico de protecci\u00f3n contra las ondas electromagn\u00e9ticas y de radiofrecuencia (sistema patentado franc\u00e9s y tecnolog\u00eda probada por el laboratorio Emitec)<\/p>\n<p><strong>Tecnolog\u00eda probada 4G y 5G por el laboratorio NEXIO en diciembre de<\/strong><br \/>\nProducci\u00f3n estandarizada ISO 9001<br \/>\nPeso: 48gr<\/p>\n<p>El aparato no se desgasta con un uso normal.<\/p>\n<p>La formaci\u00f3n en protecci\u00f3n WP12 se puede utilizar para<br \/>\n\u2013 Mejora tu energ\u00eda durante sesiones deportivas intensas o reequilibrio energ\u00e9tico muy alto.<\/p>\n<p>\u2013 Mejorar la resistencia muscular<\/p>\n<p>\u2013 Reducir el estr\u00e9s y la fatiga muscular<\/p>\n<p>\u2013 Mejorar la concentraci\u00f3n y la eficiencia durante las sesiones deportivas.<\/p>\n<p>El WP12 Wrist Training es un dispositivo cu\u00e1ntico &#8220;pasivo&#8221;, lo que significa que no tiene efectos secundarios. Absorbe las ondas y las transforma en energ\u00eda continua, y puede llevarse en el brazo o en el tobillo.<\/p>\n<p>Training Poigneet WP12 se lleva sin ninguna pieza met\u00e1lica en contacto.<\/p>\n<p>Utilizar s\u00f3lo para sesiones deportivas intensas o reequilibrio energ\u00e9tico muy elevado.<br \/>\nRetire la tecnolog\u00eda del bolsillo y lave a m\u00e1quina el Entrenamiento de Mu\u00f1eca solo.<\/p>\n<p>LA FORMACI\u00d3N DEBE UTILIZARSE PARA SUSTITUIR O COMPLEMENTAR UN BROCHE, COLGANTE O PULSERA PARA QUE SEA 100% EFICAZ DESDE EL MOMENTO DE SU UTILIZACI\u00d3N.<\/p>\n<p><strong>D\u00fao de nutrientes<\/strong><\/p>\n<p>Made from hypoallergenic fabric and genuine cork, compliant with ROHS and REACH standards.<br \/>\nPositive and negative quantum shielding against electromagnetic and radiofrequency waves (patented French system).<\/p>\n<p><strong>Tecnolog\u00eda 4G y 5G probada por el laboratorio NEXIO en diciembre de 2020<\/strong><\/p>\n<p>ISO 9001-certified production<br \/>\nWeight: 17g<\/p>\n<p>El aparato no se desgasta con un uso normal.<\/p>\n<p>DUO NUTRIMENTS discs are used to:<br \/>\n-Improve the taste of food<br \/>\n-Improve the nutritional value of food<br \/>\n-Improve the vibrational rate of liquid and solid foods<br \/>\n-Energize liquid and solid foods<br \/>\n-Improve the body&#8217;s energy balance after food intake<\/p>\n<p>Equipados con dispositivos cu\u00e1nticos &#8220;pasivos&#8221;, limpian el agua contenida en los alimentos y los dinamizan en 2 minutos.<\/p>\n<p>Place your food directly on the negative (round) disc for 1 minute<br \/>\nRepeat this process on the positive (square) disc for 1 minute<\/p>\n<p>Do not place products in water<br \/>\nClean with an alcohol-free wipe<\/p>\n<p><strong>AGUA LIMPIA PROTEGE<\/strong><\/p>\n<p>Fabricado con tejido hipoalerg\u00e9nico conforme a las normas ROHS y REACH<\/p>\n<p>Dispositivo de protecci\u00f3n cu\u00e1ntica negativa para limpiar el agua de tu cuerpo<\/p>\n<p>Producci\u00f3n estandarizada ISO 9001<br \/>\nPeso: 25g<br \/>\nSin desgaste del dispositivo durante el uso normal.<\/p>\n<p><strong>Este dispositivo se utiliza para<br \/>\n<\/strong>\u2013 Mejorar el equilibrio energ\u00e9tico del cuerpo.<br \/>\n\u2013 Reducir la inflamaci\u00f3n<br \/>\n\u2013 Limpiar el agua contenida en tu cuerpo.<\/p>\n<p>Utilice este producto para sustituir broches &#8211; colgantes &#8211; pulseras de la noche a la ma\u00f1ana.<\/p>\n<p>Este dispositivo se lleva en la mu\u00f1eca o el tobillo derechos.<\/p>\n<p>Asesorar al menos una vez a la semana.<br \/>\nNo ponga el dispositivo en agua.<br \/>\nLimpiar la bolsa en la m\u00e1quina quitando el dispositivo<\/p>\n","protected":false},"excerpt":{"rendered":"<p>Descubra nuestro <strong>pasador <\/strong>de <b>protecci\u00f3n universal WP2<\/b><b><br \/>\n<\/b>Esta clavija aten\u00faa el efecto de las ondas electromagn\u00e9ticas, ofreci\u00e9ndole una protecci\u00f3n \u00f3ptima.<\/p>\n<p>Discreto y ligero, con su dise\u00f1o altamente funcional, puede engancharlo f\u00e1cilmente y llevarlo todo el d\u00eda sin que le moleste. Su delgadez permite utilizarlo tanto en situaciones cotidianas como en actividades deportivas.<\/p>\n<p>Descubra nuestro <strong>entrenamiento sobre protecci\u00f3n de mu\u00f1eca WP12<\/strong>.<br \/>\nReducen los efectos de las ondas electromagn\u00e9ticas y as\u00ed te garantizan una protecci\u00f3n \u00f3ptima en todas tus sesiones deportivas intensas.<\/p>\n<p>Este producto est\u00e1 fabricado en nuestros talleres en Francia y probado para brindarle el m\u00e1ximo confort y una protecci\u00f3n \u00f3ptima.<br \/>\nDirectamente en contacto con nuestro dispositivo, sentir\u00e1 una ganancia inmediata en su estabilidad, su recuperaci\u00f3n pero tambi\u00e9n en su rendimiento.<\/p>\n<p>&nbsp;<\/p>\n<p><strong>\u00a1Descubre nuestro kit D\u00fao de nutrientes + para tu dieta!<\/strong><\/p>\n<p>El kit DUO NUTRIMENTS se utiliza para :<\/p>\n<p>\u2013 Mejorar el sabor de los alimentos.<br \/>\n\u2013 Mejorar el valor energ\u00e9tico de los alimentos.<br \/>\n\u2013 Mejorar la tasa de vibraci\u00f3n de alimentos l\u00edquidos y s\u00f3lidos.<br \/>\n\u2013 Energizar alimentos l\u00edquidos y s\u00f3lidos.<br \/>\n\u2013 Mejorar el equilibrio energ\u00e9tico del cuerpo despu\u00e9s de la absorci\u00f3n de los alimentos.<\/p>\n<p>Este kit aten\u00faa el efecto de las ondas electromagn\u00e9ticas y le garantiza una vibraci\u00f3n energ\u00e9tica \u00f3ptima.<\/p>\n<p><strong>Descubra nuestro PROTECTOR DE AGUA LIMPIA<\/strong><\/p>\n<p>Este aparato sirve para depurar el agua contenida en el organismo con el fin de reequilibrar la energ\u00eda y reducir el riesgo de inflamaci\u00f3n al hidratar mejor las c\u00e9lulas.<\/p>\n<p>Aten\u00faan <strong>los efectos de las ondas electromagn\u00e9ticas<\/strong> y as\u00ed te garantizan una protecci\u00f3n \u00f3ptima.<br \/>\nEste producto est\u00e1 fabricado en nuestros talleres en Francia y probado para brindarle el m\u00e1ximo confort y una protecci\u00f3n \u00f3ptima.<\/p>\n<p><span style=\"color: #0000ff;\"><strong>Tecnolog\u00eda 4G y 5G probada por el laboratorio NEXIO en diciembre de 2020<\/strong><\/span><\/p>\n<p><img alt=\"\" decoding=\"async\" class=\"alignnone wp-image-2038 size-full\" src=\"https:\/\/waveprotect.ezway-technology.com\/wp-content\/uploads\/2020\/10\/LOGO-FABRIQUE-EN-FRANCE-WPF-V2-1.png\" alt=\"\" width=\"200\" height=\"113\"><\/p>\n","protected":false},"featured_media":24979,"comment_status":"closed","ping_status":"closed","template":"","meta":{"_acf_changed":false,"_seopress_robots_primary_cat":"","_seopress_titles_title":"","_seopress_titles_desc":"","_seopress_robots_index":""},"product_brand":[],"product_cat":[218],"product_tag":[],"class_list":{"0":"post-25176","1":"product","2":"type-product","3":"status-publish","4":"has-post-thumbnail","6":"product_cat-tjrs-au-taquet-es","8":"first","9":"instock","10":"shipping-taxable","11":"purchasable","12":"product-type-simple"},"acf":[],"_links":{"self":[{"href":"https:\/\/www.wave-protect-france.com\/es\/wp-json\/wp\/v2\/product\/25176","targetHints":{"allow":["GET"]}}],"collection":[{"href":"https:\/\/www.wave-protect-france.com\/es\/wp-json\/wp\/v2\/product"}],"about":[{"href":"https:\/\/www.wave-protect-france.com\/es\/wp-json\/wp\/v2\/types\/product"}],"replies":[{"embeddable":true,"href":"https:\/\/www.wave-protect-france.com\/es\/wp-json\/wp\/v2\/comments?post=25176"}],"version-history":[{"count":0,"href":"https:\/\/www.wave-protect-france.com\/es\/wp-json\/wp\/v2\/product\/25176\/revisions"}],"wp:featuredmedia":[{"embeddable":true,"href":"https:\/\/www.wave-protect-france.com\/es\/wp-json\/wp\/v2\/media\/24979"}],"wp:attachment":[{"href":"https:\/\/www.wave-protect-france.com\/es\/wp-json\/wp\/v2\/media?parent=25176"}],"wp:term":[{"taxonomy":"product_brand","embeddable":true,"href":"https:\/\/www.wave-protect-france.com\/es\/wp-json\/wp\/v2\/product_brand?post=25176"},{"taxonomy":"product_cat","embeddable":true,"href":"https:\/\/www.wave-protect-france.com\/es\/wp-json\/wp\/v2\/product_cat?post=25176"},{"taxonomy":"product_tag","embeddable":true,"href":"https:\/\/www.wave-protect-france.com\/es\/wp-json\/wp\/v2\/product_tag?post=25176"}],"curies":[{"name":"wp","href":"https:\/\/api.w.org\/{rel}","templated":true}]}}