{"id":25169,"date":"2025-03-14T11:26:23","date_gmt":"2025-03-14T10:26:23","guid":{"rendered":"https:\/\/www.wave-protect-france.com\/boutique\/wp2-pin-universal-para-proteccion-contra-ondas-electromagneticas\/"},"modified":"2025-03-14T11:26:23","modified_gmt":"2025-03-14T10:26:23","slug":"wp2-pin-universal-para-proteccion-contra-ondas-electromagneticas","status":"publish","type":"product","link":"https:\/\/www.wave-protect-france.com\/es\/comercio\/wp2-pin-universal-para-proteccion-contra-ondas-electromagneticas\/","title":{"rendered":"WP2 PIN UNIVERSAL PARA PROTECCI\u00d3N CONTRA ONDAS ELECTROMAGN\u00c9TICAS"},"content":{"rendered":"<p>Moldeo por inyecci\u00f3n de termopl\u00e1sticos conforme a las normas ROHS y REACH<\/p>\n<p>Tecnolog\u00eda 100% francesa, patentada y probada por el laboratorio EMITECH<\/p>\n<p><span style=\"color: #0000ff;\"><strong>Tecnolog\u00eda probada 4G y 5G por el laboratorio NEXIO en diciembre de 2020 <\/strong><\/span>Producci\u00f3n estandarizada ISO 9001Peso del pasador: 15grSin desgaste del dispositivo durante el uso normal.<\/p>\n<p><strong>El pasador de protecci\u00f3n universal WP2 se puede utilizar para<br \/>\n<\/strong>&#8211; Mejora tu energ\u00eda diaria (aumento de la tasa de vibraci\u00f3n)<br \/>\n&#8211; Mejorar la resistencia muscular<br \/>\n&#8211; Proteger a las llamadas personas electrosensibles<br \/>\n&#8211; Reducir el estr\u00e9s y la fatiga<br \/>\n&#8211; Mejorar la concentraci\u00f3n y la eficiencia en el trabajo.<br \/>\n&#8211; Reducir los trastornos del sue\u00f1o.<\/p>\n<p>Equipado con un dispositivo cu\u00e1ntico de tipo \u201cpasivo\u201d WP2 que no implica efectos secundarios.<br \/>\nPermite que las ondas sean absorbidas y transformadas en energ\u00eda continua. Se puede usar en cualquier parte del cuerpo, lo m\u00e1s cerca posible de la piel, con el lado plano contra usted.<br \/>\nSe recomienda una distancia inferior a 10 mm de la piel para obtener una eficacia \u00f3ptima.<br \/>\nUsar 24 horas al d\u00eda, 7 d\u00edas a la semana excepto en la ducha.<br \/>\nNo utilices este producto bajo el agua, no te preocupes por el sudor y la lluvia.<br \/>\nLimpiar el husillo con una toallita sin alcohol<\/p>\n","protected":false},"excerpt":{"rendered":"<p>Descubra <span style=\"font-weight: 400;\">nuestro <strong>pasador <\/strong><\/span><b>de protecci\u00f3n universal WP2<\/b><b><br \/>\n<\/b>Esta clavija aten\u00faa el efecto de las ondas electromagn\u00e9ticas, ofreci\u00e9ndole una protecci\u00f3n \u00f3ptima.<\/p>\n<p>Discreto y ligero, con su dise\u00f1o <span style=\"font-weight: 400;\">altamente funcional<\/span>, puede engancharlo f\u00e1cilmente y llevarlo todo el d\u00eda sin que le moleste. Su delgadez permite utilizarlo tanto en situaciones cotidianas como en actividades deportivas.<\/p>\n<p><span style=\"color: #0000ff;\"><strong>Tecnolog\u00eda 4G y 5G probada por el laboratorio NEXIO en diciembre de 2020<\/strong><\/span><\/p>\n<p><img alt=\"\" decoding=\"async\" class=\"alignnone wp-image-2038 size-full\" src=\"https:\/\/www.wave-protect-france.com\/wp-content\/uploads\/2020\/10\/LOGO-FABRIQUE-EN-FRANCE-WPF-V2-1.png\" alt=\"\" width=\"200\" height=\"113\"><\/p>\n","protected":false},"featured_media":24955,"comment_status":"closed","ping_status":"closed","template":"","meta":{"_acf_changed":false,"_seopress_robots_primary_cat":"","_seopress_titles_title":"","_seopress_titles_desc":"","_seopress_robots_index":""},"product_brand":[],"product_cat":[218],"product_tag":[],"class_list":{"0":"post-25169","1":"product","2":"type-product","3":"status-publish","4":"has-post-thumbnail","6":"product_cat-tjrs-au-taquet-es","8":"first","9":"instock","10":"shipping-taxable","11":"purchasable","12":"product-type-simple"},"acf":[],"_links":{"self":[{"href":"https:\/\/www.wave-protect-france.com\/es\/wp-json\/wp\/v2\/product\/25169","targetHints":{"allow":["GET"]}}],"collection":[{"href":"https:\/\/www.wave-protect-france.com\/es\/wp-json\/wp\/v2\/product"}],"about":[{"href":"https:\/\/www.wave-protect-france.com\/es\/wp-json\/wp\/v2\/types\/product"}],"replies":[{"embeddable":true,"href":"https:\/\/www.wave-protect-france.com\/es\/wp-json\/wp\/v2\/comments?post=25169"}],"version-history":[{"count":0,"href":"https:\/\/www.wave-protect-france.com\/es\/wp-json\/wp\/v2\/product\/25169\/revisions"}],"wp:featuredmedia":[{"embeddable":true,"href":"https:\/\/www.wave-protect-france.com\/es\/wp-json\/wp\/v2\/media\/24955"}],"wp:attachment":[{"href":"https:\/\/www.wave-protect-france.com\/es\/wp-json\/wp\/v2\/media?parent=25169"}],"wp:term":[{"taxonomy":"product_brand","embeddable":true,"href":"https:\/\/www.wave-protect-france.com\/es\/wp-json\/wp\/v2\/product_brand?post=25169"},{"taxonomy":"product_cat","embeddable":true,"href":"https:\/\/www.wave-protect-france.com\/es\/wp-json\/wp\/v2\/product_cat?post=25169"},{"taxonomy":"product_tag","embeddable":true,"href":"https:\/\/www.wave-protect-france.com\/es\/wp-json\/wp\/v2\/product_tag?post=25169"}],"curies":[{"name":"wp","href":"https:\/\/api.w.org\/{rel}","templated":true}]}}