{"id":25165,"date":"2025-03-14T11:31:24","date_gmt":"2025-03-14T10:31:24","guid":{"rendered":"https:\/\/www.wave-protect-france.com\/boutique\/proteccion-del-agua-limpia-siempre-al-hecho\/"},"modified":"2025-03-14T11:31:24","modified_gmt":"2025-03-14T10:31:24","slug":"proteccion-del-agua-limpia-siempre-al-hecho","status":"publish","type":"product","link":"https:\/\/www.wave-protect-france.com\/es\/comercio\/proteccion-del-agua-limpia-siempre-al-hecho\/","title":{"rendered":"PROTECCI\u00d3N DEL AGUA LIMPIA &#8211; SIEMPRE AL HECHO"},"content":{"rendered":"<p>Fabricado con tejido hipoalerg\u00e9nico conforme a las normas ROHS y REACH<\/p>\n<p>Dispositivo de protecci\u00f3n cu\u00e1ntica negativa para limpiar el agua de tu cuerpo<\/p>\n<p>Producci\u00f3n estandarizada ISO 9001<br \/>\nPeso: 25g<br \/>\nSin desgaste del dispositivo durante el uso normal.<\/p>\n<p><strong>Este dispositivo se utiliza para<br \/>\n<\/strong>&#8211; Mejorar el equilibrio energ\u00e9tico del cuerpo.<br \/>\n&#8211; Reducir la inflamaci\u00f3n<br \/>\n&#8211; Limpiar el agua contenida en tu cuerpo.<\/p>\n<p>Utilice este producto para sustituir broches &#8211; colgantes &#8211; pulseras de la noche a la ma\u00f1ana.<\/p>\n<p>Este dispositivo se lleva en la mu\u00f1eca o el tobillo derechos.<\/p>\n<p>Asesorar al menos una vez a la semana.<br \/>\nNo ponga el dispositivo en agua.<br \/>\nLimpiar la bolsa en la m\u00e1quina quitando el dispositivo<\/p>\n<p>&nbsp;<\/p>\n","protected":false},"excerpt":{"rendered":"<p><strong>Descubra nuestra PROTECCI\u00d3N DE AGUA LIMPIA<br \/>\n<\/strong>Este dispositivo se utiliza para limpiar el agua contenida en el cuerpo con el fin de reequilibrar la energ\u00eda y reducir el riesgo de inflamaci\u00f3n mediante una mejor hidrataci\u00f3n de las c\u00e9lulas.<br \/>\nAten\u00faan <strong>los efectos de las ondas electromagn\u00e9ticas<\/strong> y as\u00ed te garantizan una protecci\u00f3n \u00f3ptima.<br \/>\nEste producto est\u00e1 fabricado en nuestros talleres en Francia y probado para brindarle el m\u00e1ximo confort y una protecci\u00f3n \u00f3ptima.<\/p>\n<p><img alt=\"\" decoding=\"async\" class=\"alignnone wp-image-2038 size-full\" src=\"https:\/\/www.wave-protect-france.com\/wp-content\/uploads\/2020\/10\/LOGO-FABRIQUE-EN-FRANCE-WPF-V2-1.png\" alt=\"\" width=\"200\" height=\"113\"><\/p>\n","protected":false},"featured_media":24958,"comment_status":"closed","ping_status":"closed","template":"","meta":{"_acf_changed":false,"_seopress_robots_primary_cat":"","_seopress_titles_title":"","_seopress_titles_desc":"","_seopress_robots_index":""},"product_brand":[],"product_cat":[218],"product_tag":[],"class_list":{"0":"post-25165","1":"product","2":"type-product","3":"status-publish","4":"has-post-thumbnail","6":"product_cat-tjrs-au-taquet-es","8":"first","9":"instock","10":"shipping-taxable","11":"purchasable","12":"product-type-simple"},"acf":[],"_links":{"self":[{"href":"https:\/\/www.wave-protect-france.com\/es\/wp-json\/wp\/v2\/product\/25165","targetHints":{"allow":["GET"]}}],"collection":[{"href":"https:\/\/www.wave-protect-france.com\/es\/wp-json\/wp\/v2\/product"}],"about":[{"href":"https:\/\/www.wave-protect-france.com\/es\/wp-json\/wp\/v2\/types\/product"}],"replies":[{"embeddable":true,"href":"https:\/\/www.wave-protect-france.com\/es\/wp-json\/wp\/v2\/comments?post=25165"}],"version-history":[{"count":0,"href":"https:\/\/www.wave-protect-france.com\/es\/wp-json\/wp\/v2\/product\/25165\/revisions"}],"wp:featuredmedia":[{"embeddable":true,"href":"https:\/\/www.wave-protect-france.com\/es\/wp-json\/wp\/v2\/media\/24958"}],"wp:attachment":[{"href":"https:\/\/www.wave-protect-france.com\/es\/wp-json\/wp\/v2\/media?parent=25165"}],"wp:term":[{"taxonomy":"product_brand","embeddable":true,"href":"https:\/\/www.wave-protect-france.com\/es\/wp-json\/wp\/v2\/product_brand?post=25165"},{"taxonomy":"product_cat","embeddable":true,"href":"https:\/\/www.wave-protect-france.com\/es\/wp-json\/wp\/v2\/product_cat?post=25165"},{"taxonomy":"product_tag","embeddable":true,"href":"https:\/\/www.wave-protect-france.com\/es\/wp-json\/wp\/v2\/product_tag?post=25165"}],"curies":[{"name":"wp","href":"https:\/\/api.w.org\/{rel}","templated":true}]}}