{"id":25156,"date":"2025-03-14T11:47:19","date_gmt":"2025-03-14T10:47:19","guid":{"rendered":"https:\/\/www.wave-protect-france.com\/boutique\/wp12-entrenamiento-de-muneca-para-proteccion-contra-ondas-electromagneticas\/"},"modified":"2025-03-14T11:47:19","modified_gmt":"2025-03-14T10:47:19","slug":"wp12-entrenamiento-de-muneca-para-proteccion-contra-ondas-electromagneticas","status":"publish","type":"product","link":"https:\/\/www.wave-protect-france.com\/es\/comercio\/wp12-entrenamiento-de-muneca-para-proteccion-contra-ondas-electromagneticas\/","title":{"rendered":"WP12 ENTRENAMIENTO DE MU\u00d1ECA PARA PROTECCI\u00d3N CONTRA ONDAS ELECTROMAGN\u00c9TICAS"},"content":{"rendered":"<p>De tejido el\u00e1stico hipoalerg\u00e9nico.<br \/>\nWP12 dispositivo cu\u00e1ntico de protecci\u00f3n contra las ondas electromagn\u00e9ticas y de radiofrecuencia (sistema patentado franc\u00e9s y tecnolog\u00eda probada por el laboratorio Emitec)<\/p>\n<p><span style=\"color: #0000ff;\"><strong>Tecnolog\u00eda probada 4G y 5G por el laboratorio NEXIO en diciembre de 2020<br \/>\n<\/strong><\/span>Producci\u00f3n estandarizada ISO 9001<br \/>\nPeso: 48gr<\/p>\n<p>El aparato no se desgasta con un uso normal.<\/p>\n<p>La formaci\u00f3n en protecci\u00f3n WP12 se puede utilizar para<br \/>\n&#8211; Mejora tu energ\u00eda durante sesiones deportivas intensas o reequilibrio energ\u00e9tico muy alto<\/p>\n<p>&#8211; Mejorar la fuerza muscular<\/p>\n<p>&#8211; Reducir el estr\u00e9s y la fatiga muscular<\/p>\n<p>&#8211; Mejorar la concentraci\u00f3n y la eficacia durante las sesiones deportivas<\/p>\n<p>El WP12 Wrist Training es un dispositivo cu\u00e1ntico &#8220;pasivo&#8221;, lo que significa que no tiene efectos secundarios. Absorbe las ondas y las transforma en energ\u00eda continua, y puede llevarse en el brazo o en el tobillo.<\/p>\n<p>Training Poigneet WP12 se lleva sin ninguna pieza met\u00e1lica en contacto.<\/p>\n<p>Utilizar s\u00f3lo para sesiones deportivas intensas o reequilibrio energ\u00e9tico muy elevado.<br \/>\nRetire la tecnolog\u00eda del bolsillo y lave a m\u00e1quina el Entrenamiento de Mu\u00f1eca solo.<\/p>\n<p>LA FORMACI\u00d3N DEBE UTILIZARSE PARA SUSTITUIR O COMPLEMENTAR UN BROCHE, COLGANTE O PULSERA PARA QUE SEA 100% EFICAZ DESDE EL MOMENTO DE SU UTILIZACI\u00d3N.<\/p>\n","protected":false},"excerpt":{"rendered":"<p>Descubra nuestro entrenamiento sobre protecci\u00f3n de mu\u00f1eca WP12.<br \/>\nReducen los efectos de las ondas electromagn\u00e9ticas y as\u00ed te garantizan una protecci\u00f3n \u00f3ptima en todas tus sesiones deportivas intensas.<br \/>\nEste producto est\u00e1 fabricado en nuestros talleres en Francia y probado para brindarle el m\u00e1ximo confort y una protecci\u00f3n \u00f3ptima.<br \/>\nDirectamente en contacto con nuestro dispositivo, sentir\u00e1 una ganancia inmediata en su estabilidad, su recuperaci\u00f3n pero tambi\u00e9n en su rendimiento.<br \/>\n<span style=\"color: #0000ff;\"><strong>Tecnolog\u00eda probada 4G y 5G por el laboratorio NEXIO en diciembre de 2020<\/strong><\/span><\/p>\n<p><img alt=\"\" decoding=\"async\" class=\"alignnone wp-image-2038 size-full\" src=\"https:\/\/www.wave-protect-france.com\/wp-content\/uploads\/2020\/10\/LOGO-FABRIQUE-EN-FRANCE-WPF-V2-1.png\" alt=\"\" width=\"200\" height=\"113\"><\/p>\n","protected":false},"featured_media":24988,"comment_status":"closed","ping_status":"closed","template":"","meta":{"_acf_changed":false,"_seopress_robots_primary_cat":"","_seopress_titles_title":"","_seopress_titles_desc":"","_seopress_robots_index":""},"product_brand":[],"product_cat":[218],"product_tag":[],"class_list":{"0":"post-25156","1":"product","2":"type-product","3":"status-publish","4":"has-post-thumbnail","6":"product_cat-tjrs-au-taquet-es","8":"first","9":"instock","10":"shipping-taxable","11":"purchasable","12":"product-type-simple"},"acf":[],"_links":{"self":[{"href":"https:\/\/www.wave-protect-france.com\/es\/wp-json\/wp\/v2\/product\/25156","targetHints":{"allow":["GET"]}}],"collection":[{"href":"https:\/\/www.wave-protect-france.com\/es\/wp-json\/wp\/v2\/product"}],"about":[{"href":"https:\/\/www.wave-protect-france.com\/es\/wp-json\/wp\/v2\/types\/product"}],"replies":[{"embeddable":true,"href":"https:\/\/www.wave-protect-france.com\/es\/wp-json\/wp\/v2\/comments?post=25156"}],"version-history":[{"count":0,"href":"https:\/\/www.wave-protect-france.com\/es\/wp-json\/wp\/v2\/product\/25156\/revisions"}],"wp:featuredmedia":[{"embeddable":true,"href":"https:\/\/www.wave-protect-france.com\/es\/wp-json\/wp\/v2\/media\/24988"}],"wp:attachment":[{"href":"https:\/\/www.wave-protect-france.com\/es\/wp-json\/wp\/v2\/media?parent=25156"}],"wp:term":[{"taxonomy":"product_brand","embeddable":true,"href":"https:\/\/www.wave-protect-france.com\/es\/wp-json\/wp\/v2\/product_brand?post=25156"},{"taxonomy":"product_cat","embeddable":true,"href":"https:\/\/www.wave-protect-france.com\/es\/wp-json\/wp\/v2\/product_cat?post=25156"},{"taxonomy":"product_tag","embeddable":true,"href":"https:\/\/www.wave-protect-france.com\/es\/wp-json\/wp\/v2\/product_tag?post=25156"}],"curies":[{"name":"wp","href":"https:\/\/api.w.org\/{rel}","templated":true}]}}