{"id":25138,"date":"2025-03-14T12:30:41","date_gmt":"2025-03-14T11:30:41","guid":{"rendered":"https:\/\/www.wave-protect-france.com\/boutique\/kit-multideporte-1-para-proteccion-contra-ondas-electromagneticas\/"},"modified":"2025-03-14T12:30:41","modified_gmt":"2025-03-14T11:30:41","slug":"kit-multideporte-1-para-proteccion-contra-ondas-electromagneticas","status":"publish","type":"product","link":"https:\/\/www.wave-protect-france.com\/es\/comercio\/kit-multideporte-1-para-proteccion-contra-ondas-electromagneticas\/","title":{"rendered":"KIT MULTIDEPORTE 1 PARA PROTECCI\u00d3N CONTRA ONDAS ELECTROMAGN\u00c9TICAS"},"content":{"rendered":"<p><em><strong>EL KIT MULTIDEPORTE 1:<\/strong><\/em><\/p>\n<p><strong><b>Broche Blanco WP1<\/b><\/strong> <em>+ <strong>Mu\u00f1eca de entrenamiento WP6<\/strong><\/em><strong>:<\/strong><\/p>\n<p><strong>Broche <\/strong><b>Blanco WP1<\/b><\/p>\n<p>Moldeo por inyecci\u00f3n de termopl\u00e1sticos conforme a las normas ROHS y REACH<\/p>\n<p>Tecnolog\u00eda 100% francesa, patentada y probada por el laboratorio EMITEC<\/p>\n<p><strong>Tecnolog\u00eda probada 4G y 5G por el laboratorio NEXIO en diciembre de 2020<br \/>\n<\/strong>Producci\u00f3n estandarizada ISO 9001<br \/>\nPeso del pasador: 15gr<br \/>\nSin desgaste del dispositivo durante el uso normal.<\/p>\n<p><strong>El pin de protecci\u00f3n FREEDOM WP1 Blanco se puede utilizar para<br \/>\n<\/strong>\u2013 Mejora tu energ\u00eda diaria (aumento de la tasa de vibraci\u00f3n)<br \/>\n\u2013 Mejorar la resistencia muscular<br \/>\n\u2013 Proteger a las llamadas personas electrosensibles<br \/>\n\u2013 Reducir el estr\u00e9s y la fatiga<br \/>\n\u2013 Mejorar la concentraci\u00f3n y la eficiencia en el trabajo.<br \/>\n\u2013 Reducir los trastornos del sue\u00f1o<\/p>\n<p>Equipado con un dispositivo cu\u00e1ntico de tipo \u201cpasivo\u201d WP1 que no implica efectos secundarios.<br \/>\nPermite que las ondas sean absorbidas y transformadas en energ\u00eda continua. Se puede usar en cualquier parte del cuerpo, lo m\u00e1s cerca posible de la piel, con el lado plano contra usted.<br \/>\nSe recomienda una distancia inferior a 10 mm de la piel para obtener una eficacia \u00f3ptima.<br \/>\nUsar 24 horas al d\u00eda, 7 d\u00edas a la semana excepto en la ducha.<br \/>\nNo utilices este producto bajo el agua, no te preocupes por el sudor y la lluvia.<br \/>\nLimpiar el husillo con una toallita sin alcohol<\/p>\n<p><strong>Entrenamiento de mu\u00f1eca WP6 <\/strong><\/p>\n<p>De tejido el\u00e1stico hipoalerg\u00e9nico.<br \/>\nDispositif quantique WP6 de protection contre les ondes \u00e9lectromagn\u00e9tiques et radiofr\u00e9quence (syst\u00e8me fran\u00e7ais brevet\u00e9 et technologie test\u00e9e par le laboratoire Emitec)<\/p>\n<p><strong>Tecnolog\u00eda probada 4G y 5G por el laboratorio NEXIO en diciembre de 2020<br \/>\n<\/strong>Producci\u00f3n estandarizada ISO 9001<br \/>\nPeso: 33gr<\/p>\n<p>El aparato no se desgasta con un uso normal.<\/p>\n<p>La formaci\u00f3n en protecci\u00f3n WP6 se \u200b\u200bpuede utilizar para<br \/>\n\u2013 Mejora tu energ\u00eda durante las sesiones deportivas o de alto reequilibrio energ\u00e9tico.<\/p>\n<p>\u2013 Mejorar la resistencia muscular<\/p>\n<p>\u2013 Reducir el estr\u00e9s y la fatiga muscular<\/p>\n<p>\u2013 Mejorar la concentraci\u00f3n y la eficiencia durante las sesiones deportivas.<\/p>\n<p>La Training Wrist WP6 est\u00e1 equipada con un dispositivo cu\u00e1ntico &#8220;pasivo&#8221;, lo que significa que no tiene efectos secundarios. Absorbe las ondas y las transforma en energ\u00eda continua, y puede llevarse en el brazo o en el tobillo.<\/p>\n<p>La Mu\u00f1eca de entrenamiento WP6 se lleva sin ninguna pieza met\u00e1lica en contacto.<\/p>\n<p>Utilizar s\u00f3lo para sesiones deportivas o de reequilibrio energ\u00e9tico.<br \/>\nRetire la tecnolog\u00eda del bolsillo y lave a m\u00e1quina el Entrenamiento de Mu\u00f1eca solo.<\/p>\n<p>LA FORMACI\u00d3N DEBE UTILIZARSE PARA SUSTITUIR O COMPLEMENTAR UN BROCHE, COLGANTE O PULSERA PARA QUE SEA 100% EFICAZ DESDE EL MOMENTO DE SU UTILIZACI\u00d3N.<\/p>\n","protected":false},"excerpt":{"rendered":"<p>Descubre nuestro <strong>Broche <\/strong><b>Blanco WP1<\/b><b><br \/>\n<\/b>Esta clavija aten\u00faa el efecto de las ondas electromagn\u00e9ticas, ofreci\u00e9ndole una protecci\u00f3n \u00f3ptima.<\/p>\n<p>Discreto y ligero, con su dise\u00f1o altamente funcional, puede engancharlo f\u00e1cilmente y llevarlo todo el d\u00eda sin que le moleste. Su delgadez permite utilizarlo tanto en situaciones cotidianas como en actividades deportivas.<\/p>\n<p>Descubra nuestro <strong>entrenamiento sobre protecci\u00f3n de mu\u00f1eca WP6<\/strong>.<br \/>\nAten\u00faan los efectos de las ondas electromagn\u00e9ticas y as\u00ed te garantizan una protecci\u00f3n \u00f3ptima.<\/p>\n<p>Este producto est\u00e1 fabricado en nuestros talleres en Francia y probado para brindarle el m\u00e1ximo confort y una protecci\u00f3n \u00f3ptima.<br \/>\nDirectamente en contacto con nuestro dispositivo, sentir\u00e1 una ganancia inmediata en su estabilidad, su recuperaci\u00f3n pero tambi\u00e9n en su rendimiento.<\/p>\n<p><span style=\"color: #0000ff;\"><strong>Tecnolog\u00eda 4G y 5G probada por el laboratorio NEXIO en diciembre de 2020<\/strong><\/span><\/p>\n<p><img alt=\"\" decoding=\"async\" class=\"alignnone wp-image-2038 size-full\" src=\"https:\/\/www.wave-protect-france.com\/wp-content\/uploads\/2020\/10\/LOGO-FABRIQUE-EN-FRANCE-WPF-V2-1.png\" alt=\"\" width=\"200\" height=\"113\"><\/p>\n","protected":false},"featured_media":24973,"comment_status":"closed","ping_status":"closed","template":"","meta":{"_acf_changed":false,"_seopress_robots_primary_cat":"none","_seopress_titles_title":"","_seopress_titles_desc":"","_seopress_robots_index":""},"product_brand":[],"product_cat":[218],"product_tag":[],"class_list":{"0":"post-25138","1":"product","2":"type-product","3":"status-publish","4":"has-post-thumbnail","6":"product_cat-tjrs-au-taquet-es","8":"first","9":"instock","10":"shipping-taxable","11":"purchasable","12":"product-type-simple"},"acf":[],"_links":{"self":[{"href":"https:\/\/www.wave-protect-france.com\/es\/wp-json\/wp\/v2\/product\/25138","targetHints":{"allow":["GET"]}}],"collection":[{"href":"https:\/\/www.wave-protect-france.com\/es\/wp-json\/wp\/v2\/product"}],"about":[{"href":"https:\/\/www.wave-protect-france.com\/es\/wp-json\/wp\/v2\/types\/product"}],"replies":[{"embeddable":true,"href":"https:\/\/www.wave-protect-france.com\/es\/wp-json\/wp\/v2\/comments?post=25138"}],"version-history":[{"count":0,"href":"https:\/\/www.wave-protect-france.com\/es\/wp-json\/wp\/v2\/product\/25138\/revisions"}],"wp:featuredmedia":[{"embeddable":true,"href":"https:\/\/www.wave-protect-france.com\/es\/wp-json\/wp\/v2\/media\/24973"}],"wp:attachment":[{"href":"https:\/\/www.wave-protect-france.com\/es\/wp-json\/wp\/v2\/media?parent=25138"}],"wp:term":[{"taxonomy":"product_brand","embeddable":true,"href":"https:\/\/www.wave-protect-france.com\/es\/wp-json\/wp\/v2\/product_brand?post=25138"},{"taxonomy":"product_cat","embeddable":true,"href":"https:\/\/www.wave-protect-france.com\/es\/wp-json\/wp\/v2\/product_cat?post=25138"},{"taxonomy":"product_tag","embeddable":true,"href":"https:\/\/www.wave-protect-france.com\/es\/wp-json\/wp\/v2\/product_tag?post=25138"}],"curies":[{"name":"wp","href":"https:\/\/api.w.org\/{rel}","templated":true}]}}