{"id":25136,"date":"2025-03-14T12:36:23","date_gmt":"2025-03-14T11:36:23","guid":{"rendered":"https:\/\/www.wave-protect-france.com\/boutique\/kit-multideporte-2-para-proteccion-contra-ondas-electromagneticas\/"},"modified":"2025-03-14T12:36:23","modified_gmt":"2025-03-14T11:36:23","slug":"kit-multideporte-2-para-proteccion-contra-ondas-electromagneticas","status":"publish","type":"product","link":"https:\/\/www.wave-protect-france.com\/es\/comercio\/kit-multideporte-2-para-proteccion-contra-ondas-electromagneticas\/","title":{"rendered":"KIT MULTIDEPORTE 2 PARA PROTECCI\u00d3N CONTRA ONDAS ELECTROMAGN\u00c9TICAS"},"content":{"rendered":"<p><em><strong>EL KIT MULTIDEPORTE 2:<\/strong><\/em><\/p>\n<p><em><strong>El pasador de protecci\u00f3n universal WP2 + Mu\u00f1eca de entrenamiento WP6<\/strong><\/em><\/p>\n<p><strong>El pasador de protecci\u00f3n universal WP2<\/strong><\/p>\n<p>Moldeo por inyecci\u00f3n de termopl\u00e1sticos conforme a las normas ROHS y REACH<\/p>\n<p>Tecnolog\u00eda 100% francesa, patentada y probada por el laboratorio EMITECH<\/p>\n<p><strong>Tecnolog\u00eda probada 4G y 5G por el laboratorio NEXIO en diciembre de 2020<br \/>\n<\/strong>Producci\u00f3n estandarizada ISO 9001<br \/>\nPeso del pasador: 15gr<br \/>\nSin desgaste del dispositivo durante el uso normal.<\/p>\n<p><strong>El pasador de protecci\u00f3n universal WP2 se puede utilizar para<br \/>\n<\/strong>\u2013 Mejora tu energ\u00eda diaria (aumento de la tasa de vibraci\u00f3n)<br \/>\n\u2013 Mejorar la resistencia muscular<br \/>\n\u2013 Proteger a las llamadas personas electrosensibles<br \/>\n\u2013 Reducir el estr\u00e9s y la fatiga<br \/>\n\u2013 Mejorar la concentraci\u00f3n y la eficiencia en el trabajo.<br \/>\n\u2013 Reducir los trastornos del sue\u00f1o<\/p>\n<p>Dot\u00e9 d\u2019un dispositif quantique WP2 de type \u00ab passif \u00bb ce qui implique aucun effet secondaire,.<br \/>\nIl permet d\u2019absorber les ondes et de les transformer en \u00e9nergie continue, elle peut \u00eatre port\u00e9e sur toutes parties du corps , le plus en contact possible avec la peau, c\u00f4t\u00e9 plat contre soi.<br \/>\nDistance inf\u00e9rieure \u00e0 10mm de la peau conseill\u00e9e pour obtenir une efficacit\u00e9 optimum.<br \/>\nUtilisation 24\/24h sauf sous la douche<br \/>\nNe pas utiliser ce produit sous l\u2019eau \u2013 aucun soucis pour la transpiration et la pluie.<br \/>\nNettoyage de la broche avec une lingette sans alcool<\/p>\n<p><strong>Entrenamiento de mu\u00f1eca WP6<\/strong><\/p>\n<p>De tejido el\u00e1stico hipoalerg\u00e9nico.<br \/>\nDispositif quantique WP6 de protection contre les ondes \u00e9lectromagn\u00e9tiques et radiofr\u00e9quence (syst\u00e8me fran\u00e7ais brevet\u00e9 et technologie test\u00e9e par le laboratoire Emitec)<\/p>\n<p><strong>Tecnolog\u00eda probada 4G y 5G por el laboratorio NEXIO en diciembre de 2020<br \/>\n<\/strong>Producci\u00f3n estandarizada ISO 9001<br \/>\nPeso: 33gr<\/p>\n<p>El aparato no se desgasta con un uso normal.<\/p>\n<p>La formaci\u00f3n en protecci\u00f3n WP6 se \u200b\u200bpuede utilizar para<br \/>\n\u2013 Mejora tu energ\u00eda durante las sesiones deportivas o de alto reequilibrio energ\u00e9tico.<\/p>\n<p>\u2013 Mejorar la resistencia muscular<\/p>\n<p>\u2013 Reducir el estr\u00e9s y la fatiga muscular<\/p>\n<p>\u2013 Mejorar la concentraci\u00f3n y la eficiencia durante las sesiones deportivas.<\/p>\n<p>La Training Wrist WP6 est\u00e1 equipada con un dispositivo cu\u00e1ntico &#8220;pasivo&#8221;, lo que significa que no tiene efectos secundarios. Absorbe las ondas y las transforma en energ\u00eda continua, y puede llevarse en el brazo o en el tobillo.<\/p>\n<p>La Mu\u00f1eca de entrenamiento WP6 se lleva sin ninguna pieza met\u00e1lica en contacto.<\/p>\n<p>Utilizar s\u00f3lo para sesiones deportivas o de reequilibrio energ\u00e9tico.<br \/>\nRetire la tecnolog\u00eda del bolsillo y lave a m\u00e1quina el Entrenamiento de Mu\u00f1eca solo.<\/p>\n<p>LA FORMACI\u00d3N DEBE UTILIZARSE PARA SUSTITUIR O COMPLEMENTAR UN BROCHE, COLGANTE O PULSERA PARA QUE SEA 100% EFICAZ DESDE EL MOMENTO DE SU UTILIZACI\u00d3N.<\/p>\n","protected":false},"excerpt":{"rendered":"<p>Descubra nuestro <strong>pasador <\/strong>de <b>protecci\u00f3n universal WP2<\/b><b><br \/>\n<\/b>Esta clavija aten\u00faa el efecto de las ondas electromagn\u00e9ticas, ofreci\u00e9ndole una protecci\u00f3n \u00f3ptima.<\/p>\n<p>Discreto y ligero, con su dise\u00f1o altamente funcional, puede engancharlo f\u00e1cilmente y llevarlo todo el d\u00eda sin que le moleste. Su delgadez permite utilizarlo tanto en situaciones cotidianas como en actividades deportivas.<\/p>\n<p>Descubra nuestro <strong>entrenamiento sobre protecci\u00f3n de mu\u00f1eca WP6<\/strong>.<br \/>\nAten\u00faan los efectos de las ondas electromagn\u00e9ticas y as\u00ed te garantizan una protecci\u00f3n \u00f3ptima.<\/p>\n<p>Este producto est\u00e1 fabricado en nuestros talleres en Francia y probado para brindarle el m\u00e1ximo confort y una protecci\u00f3n \u00f3ptima.<br \/>\nDirectamente en contacto con nuestro dispositivo, sentir\u00e1 una ganancia inmediata en su estabilidad, su recuperaci\u00f3n pero tambi\u00e9n en su rendimiento.<\/p>\n<p><span style=\"color: #0000ff;\"><strong>Tecnolog\u00eda 4G y 5G probada por el laboratorio NEXIO en diciembre de 2020<\/strong><\/span><\/p>\n<p><img alt=\"\" decoding=\"async\" class=\"alignnone wp-image-2038 size-full\" src=\"https:\/\/www.wave-protect-france.com\/wp-content\/uploads\/2020\/10\/LOGO-FABRIQUE-EN-FRANCE-WPF-V2-1.png\" alt=\"\" width=\"200\" height=\"113\"><\/p>\n","protected":false},"featured_media":24976,"comment_status":"closed","ping_status":"closed","template":"","meta":{"_acf_changed":false,"_seopress_robots_primary_cat":"none","_seopress_titles_title":"","_seopress_titles_desc":"","_seopress_robots_index":""},"product_brand":[],"product_cat":[218],"product_tag":[],"class_list":{"0":"post-25136","1":"product","2":"type-product","3":"status-publish","4":"has-post-thumbnail","6":"product_cat-tjrs-au-taquet-es","8":"first","9":"instock","10":"shipping-taxable","11":"purchasable","12":"product-type-simple"},"acf":[],"_links":{"self":[{"href":"https:\/\/www.wave-protect-france.com\/es\/wp-json\/wp\/v2\/product\/25136","targetHints":{"allow":["GET"]}}],"collection":[{"href":"https:\/\/www.wave-protect-france.com\/es\/wp-json\/wp\/v2\/product"}],"about":[{"href":"https:\/\/www.wave-protect-france.com\/es\/wp-json\/wp\/v2\/types\/product"}],"replies":[{"embeddable":true,"href":"https:\/\/www.wave-protect-france.com\/es\/wp-json\/wp\/v2\/comments?post=25136"}],"version-history":[{"count":0,"href":"https:\/\/www.wave-protect-france.com\/es\/wp-json\/wp\/v2\/product\/25136\/revisions"}],"wp:featuredmedia":[{"embeddable":true,"href":"https:\/\/www.wave-protect-france.com\/es\/wp-json\/wp\/v2\/media\/24976"}],"wp:attachment":[{"href":"https:\/\/www.wave-protect-france.com\/es\/wp-json\/wp\/v2\/media?parent=25136"}],"wp:term":[{"taxonomy":"product_brand","embeddable":true,"href":"https:\/\/www.wave-protect-france.com\/es\/wp-json\/wp\/v2\/product_brand?post=25136"},{"taxonomy":"product_cat","embeddable":true,"href":"https:\/\/www.wave-protect-france.com\/es\/wp-json\/wp\/v2\/product_cat?post=25136"},{"taxonomy":"product_tag","embeddable":true,"href":"https:\/\/www.wave-protect-france.com\/es\/wp-json\/wp\/v2\/product_tag?post=25136"}],"curies":[{"name":"wp","href":"https:\/\/api.w.org\/{rel}","templated":true}]}}