{"id":14341,"date":"2023-05-16T11:22:51","date_gmt":"2023-05-16T09:22:51","guid":{"rendered":"https:\/\/dev.wave-protect-france.com\/?post_type=product&#038;p=14341"},"modified":"2024-08-27T12:11:12","modified_gmt":"2024-08-27T10:11:12","slug":"wp2-clavija-universal-de-proteccion-contra-ondas-electromagneticas","status":"publish","type":"product","link":"https:\/\/www.wave-protect-france.com\/es\/comercio\/wp2-clavija-universal-de-proteccion-contra-ondas-electromagneticas\/","title":{"rendered":"WP2 CLAVIJA UNIVERSAL DE PROTECCI\u00d3N CONTRA ONDAS ELECTROMAGN\u00c9TICAS"},"content":{"rendered":"<p>Moldeo por inyecci\u00f3n de termopl\u00e1sticos conforme a las normas ROHS y REACH<\/p>\n<p>Tecnolog\u00eda 100% francesa, patentada y probada por el laboratorio EMITECH<\/p>\n<p><span style=\"color: #0000ff;\"><strong>Tecnolog\u00eda 4G y 5G probada por el laboratorio NEXIO en diciembre de 2020<\/strong><\/span><br \/>\nProducci\u00f3n con certificaci\u00f3n ISO 9001<br \/>\nPeso del pasador: 15 g<br \/>\nNo se desgasta con el uso normal<\/p>\n<p><strong>La clavija de protecci\u00f3n universal WP2 puede utilizarse para<\/strong><br \/>\n&#8211; Mejorar sus niveles de energ\u00eda diarios (aumentar su tasa vibratoria)<br \/>\n&#8211; Mejorar la resistencia muscular<br \/>\n&#8211; Proteger a las personas llamadas electrosensibles<br \/>\n&#8211; Reducir el estr\u00e9s y la fatiga<br \/>\n&#8211; Mejorar la concentraci\u00f3n y la eficacia en el trabajo<br \/>\n&#8211; Reducir los trastornos del sue\u00f1o<\/p>\n<p>Equipado con un dispositivo cu\u00e1ntico WP2 &#8220;pasivo&#8221;, lo que significa que no tiene efectos secundarios.<br \/>\nAbsorbe las ondas y las transforma en energ\u00eda continua. Puede llevarse en cualquier parte del cuerpo, lo m\u00e1s cerca posible de la piel, con la parte plana contra usted.<br \/>\nSe recomienda una distancia inferior a 10 mm de la piel para una eficacia \u00f3ptima.<br \/>\nUtil\u00edcelo las 24 horas del d\u00eda, excepto en la ducha.<br \/>\nNo utilice este producto bajo el agua &#8211; no se preocupe por la transpiraci\u00f3n o la lluvia.<br \/>\nLimpie el eje con una toallita sin alcohol.<\/p>\n<p>&nbsp;<\/p>\n<div id=\"gtx-trans\" style=\"position: absolute; left: -10px; top: 527.8px;\">\n<div class=\"gtx-trans-icon\"><\/div>\n<\/div>\n","protected":false},"excerpt":{"rendered":"<p>Descubra\u00a0<span style=\"font-weight: 400;\">nuestra <strong>broche<\/strong><\/span><b> protecci\u00f3n universal WP2<\/b><b><br \/>\n<\/b>Esta clavija aten\u00faa el efecto de las ondas electromagn\u00e9ticas, ofreci\u00e9ndole una protecci\u00f3n \u00f3ptima.<\/p>\n<p>Discreto y ligero, con su\u00a0<span style=\"font-weight: 400;\">Muy funcional<\/span>, puedes engancharlo f\u00e1cilmente y llevarlo todo el d\u00eda sin que te moleste. Su delgadez permite utilizarlo tanto en situaciones cotidianas como en actividades deportivas.<\/p>\n<p><span style=\"color: #0000ff;\"><strong>Tecnolog\u00eda 4G y 5G probada por el laboratorio NEXIO en diciembre de 2020<\/strong><\/span><\/p>\n<p><img alt=\"\" decoding=\"async\" class=\"alignnone size-full wp-image-2038\" src=\"https:\/\/preprod.wave-protect-france.com\/wp-content\/uploads\/2020\/10\/LOGO-FABRIQUE-EN-FRANCE-WPF-V2-1.png\" alt=\"\" width=\"200\" height=\"113\" \/><\/p>\n","protected":false},"featured_media":13481,"comment_status":"closed","ping_status":"closed","template":"","meta":{"_acf_changed":false,"_seopress_robots_primary_cat":"","_seopress_titles_title":"","_seopress_titles_desc":"","_seopress_robots_index":""},"product_brand":[],"product_cat":[163],"product_tag":[],"class_list":{"0":"post-14341","1":"product","2":"type-product","3":"status-publish","4":"has-post-thumbnail","6":"product_cat-husillos","8":"first","9":"instock","10":"shipping-taxable","11":"purchasable","12":"product-type-simple"},"acf":[],"_links":{"self":[{"href":"https:\/\/www.wave-protect-france.com\/es\/wp-json\/wp\/v2\/product\/14341","targetHints":{"allow":["GET"]}}],"collection":[{"href":"https:\/\/www.wave-protect-france.com\/es\/wp-json\/wp\/v2\/product"}],"about":[{"href":"https:\/\/www.wave-protect-france.com\/es\/wp-json\/wp\/v2\/types\/product"}],"replies":[{"embeddable":true,"href":"https:\/\/www.wave-protect-france.com\/es\/wp-json\/wp\/v2\/comments?post=14341"}],"version-history":[{"count":3,"href":"https:\/\/www.wave-protect-france.com\/es\/wp-json\/wp\/v2\/product\/14341\/revisions"}],"predecessor-version":[{"id":22574,"href":"https:\/\/www.wave-protect-france.com\/es\/wp-json\/wp\/v2\/product\/14341\/revisions\/22574"}],"wp:featuredmedia":[{"embeddable":true,"href":"https:\/\/www.wave-protect-france.com\/es\/wp-json\/wp\/v2\/media\/13481"}],"wp:attachment":[{"href":"https:\/\/www.wave-protect-france.com\/es\/wp-json\/wp\/v2\/media?parent=14341"}],"wp:term":[{"taxonomy":"product_brand","embeddable":true,"href":"https:\/\/www.wave-protect-france.com\/es\/wp-json\/wp\/v2\/product_brand?post=14341"},{"taxonomy":"product_cat","embeddable":true,"href":"https:\/\/www.wave-protect-france.com\/es\/wp-json\/wp\/v2\/product_cat?post=14341"},{"taxonomy":"product_tag","embeddable":true,"href":"https:\/\/www.wave-protect-france.com\/es\/wp-json\/wp\/v2\/product_tag?post=14341"}],"curies":[{"name":"wp","href":"https:\/\/api.w.org\/{rel}","templated":true}]}}