{"id":14329,"date":"2023-02-16T08:42:30","date_gmt":"2023-02-16T07:42:30","guid":{"rendered":"https:\/\/dev.wave-protect-france.com\/?post_type=product&#038;p=14329"},"modified":"2024-09-09T12:06:10","modified_gmt":"2024-09-09T10:06:10","slug":"pin-azul-de-futbol-para-proteccion-contra-ondas-electromagneticas","status":"publish","type":"product","link":"https:\/\/www.wave-protect-france.com\/es\/comercio\/pin-azul-de-futbol-para-proteccion-contra-ondas-electromagneticas\/","title":{"rendered":"PIN AZUL DE F\u00daTBOL PARA PROTECCI\u00d3N CONTRA ONDAS ELECTROMAGN\u00c9TICAS"},"content":{"rendered":"<p>Moldeo por inyecci&oacute;n de termopl&aacute;sticos conforme a las normas ROHS y REACH<\/p>\n<p>Tecnolog&iacute;a 100% francesa, patentada y probada por el laboratorio EMITEC<\/p>\n<p><span style=\"color: #0000ff;\"><strong>Tecnolog&iacute;a 4G y 5G probada por el laboratorio NEXIO en diciembre de 2020<\/strong><\/span><br \/>Producci&oacute;n certificada ISO 9001<br \/>Peso del pasador: 15gr<br \/>No se desgasta con el uso normal<\/p>\n<p><strong>La clavija de protecci&oacute;n WP1 del F&Uacute;TBOL azul se puede utilizar para<\/strong><br \/>&#8211; Mejorar los niveles de energ&iacute;a diarios (aumentar la frecuencia vibratoria)<br \/>&#8211; Mejorar la resistencia muscular<br \/>&#8211; Proteger a las personas llamadas electrosensibles<br \/>&#8211; Reducir el estr&eacute;s y la fatiga<br \/>&#8211; Mejorar la concentraci&oacute;n y la eficacia en el trabajo<br \/>&#8211; Reducir los trastornos del sue&ntilde;o<\/p>\n<p>Equipado con un dispositivo cu&aacute;ntico WP1 &quot;pasivo&quot;, lo que significa que no tiene efectos secundarios.<br \/>Absorbe las ondas y las transforma en energ&iacute;a continua, y puede llevarse en cualquier parte del cuerpo, lo m&aacute;s cerca posible de la piel, con la parte plana hacia abajo.<br \/>Se recomienda una distancia inferior a 10 mm de la piel para una eficacia &oacute;ptima.<br \/>Utilizar 24\/24h excepto en la ducha<br \/>No utilice este producto bajo el agua &#8211; no se preocupe por la transpiraci&oacute;n o la lluvia.<br \/>Limpiar el cabezal con una toallita sin alcohol<\/p>\n","protected":false},"excerpt":{"rendered":"<p>Descubra \u00a0<span style=\"font-weight: 400;\">nuestro <strong>spindle<\/strong><\/span><b> F\u00fatbol protector universal azul WP1<\/b><b> <\/b>Este pasador aten\u00faa el efecto de las ondas electromagn\u00e9ticas, garantizando una protecci\u00f3n \u00f3ptima. Discreet and lightweight, with its\u00a0<span style=\"font-weight: 400;\">muy funcional<\/span>,<br \/>\nPuede enganch\u00e1rselo f\u00e1cilmente y llevarlo sin molestias durante todo el d\u00eda. Gracias a su delgadez, podr\u00e1s utilizarlo tanto en situaciones cotidianas como en actividades deportivas. <span style=\"color: #0000ff;\"><\/p>\n<p><strong>Tecnolog\u00eda 4G y 5G probada por el laboratorio NEXIO en diciembre de 2020<\/strong><\/span><\/p>\n<p> <img alt=\"\" decoding=\"async\" class=\"alignnone size-full wp-image-2038\" src=\"https:\/\/preprod.wave-protect-france.com\/wp-content\/uploads\/2020\/10\/LOGO-FABRIQUE-EN-FRANCE-WPF-V2-1.png\" alt=\"\" width=\"200\" height=\"113\" \/><\/p>\n","protected":false},"featured_media":13397,"comment_status":"closed","ping_status":"closed","template":"","meta":{"_acf_changed":false,"_seopress_robots_primary_cat":"","_seopress_titles_title":"","_seopress_titles_desc":"","_seopress_robots_index":""},"product_brand":[],"product_cat":[163],"product_tag":[],"class_list":{"0":"post-14329","1":"product","2":"type-product","3":"status-publish","4":"has-post-thumbnail","6":"product_cat-husillos","8":"first","9":"instock","10":"shipping-taxable","11":"purchasable","12":"product-type-simple"},"acf":[],"_links":{"self":[{"href":"https:\/\/www.wave-protect-france.com\/es\/wp-json\/wp\/v2\/product\/14329","targetHints":{"allow":["GET"]}}],"collection":[{"href":"https:\/\/www.wave-protect-france.com\/es\/wp-json\/wp\/v2\/product"}],"about":[{"href":"https:\/\/www.wave-protect-france.com\/es\/wp-json\/wp\/v2\/types\/product"}],"replies":[{"embeddable":true,"href":"https:\/\/www.wave-protect-france.com\/es\/wp-json\/wp\/v2\/comments?post=14329"}],"version-history":[{"count":3,"href":"https:\/\/www.wave-protect-france.com\/es\/wp-json\/wp\/v2\/product\/14329\/revisions"}],"predecessor-version":[{"id":23199,"href":"https:\/\/www.wave-protect-france.com\/es\/wp-json\/wp\/v2\/product\/14329\/revisions\/23199"}],"wp:featuredmedia":[{"embeddable":true,"href":"https:\/\/www.wave-protect-france.com\/es\/wp-json\/wp\/v2\/media\/13397"}],"wp:attachment":[{"href":"https:\/\/www.wave-protect-france.com\/es\/wp-json\/wp\/v2\/media?parent=14329"}],"wp:term":[{"taxonomy":"product_brand","embeddable":true,"href":"https:\/\/www.wave-protect-france.com\/es\/wp-json\/wp\/v2\/product_brand?post=14329"},{"taxonomy":"product_cat","embeddable":true,"href":"https:\/\/www.wave-protect-france.com\/es\/wp-json\/wp\/v2\/product_cat?post=14329"},{"taxonomy":"product_tag","embeddable":true,"href":"https:\/\/www.wave-protect-france.com\/es\/wp-json\/wp\/v2\/product_tag?post=14329"}],"curies":[{"name":"wp","href":"https:\/\/api.w.org\/{rel}","templated":true}]}}