{"id":14301,"date":"2023-05-16T11:27:09","date_gmt":"2023-05-16T09:27:09","guid":{"rendered":"https:\/\/dev.wave-protect-france.com\/boutique\/broche-aqua-clip-wp2-pour-protection-ondes-electromagnetiques\/"},"modified":"2024-08-27T12:02:58","modified_gmt":"2024-08-27T10:02:58","slug":"broche-aqua-clip-wp2-pour-protection-ondes-electromagnetiques","status":"publish","type":"product","link":"https:\/\/www.wave-protect-france.com\/es\/comercio\/broche-aqua-clip-wp2-pour-protection-ondes-electromagnetiques\/","title":{"rendered":"AQUA CLIP WP2 PIN PARA PROTECCI\u00d3N CONTRA ONDAS ELECTROMAGN\u00c9TICAS"},"content":{"rendered":"<p>Moldeo por inyecci\u00f3n de termopl\u00e1sticos conforme a las normas ROHS y REACH<\/p>\n<p>Tecnolog\u00eda 100% francesa, patentada y probada por el laboratorio EMITECH<\/p>\n<p><span style=\"color: #0000ff;\"><strong>Tecnolog\u00eda 4G y 5G probada por el laboratorio NEXIO en diciembre de 2020<\/strong><\/span><br \/>\nProducci\u00f3n conforme a las normas ISO<br \/>\nPeso del pasador: 15 g<br \/>\nSin desgaste en condiciones normales de uso.<\/p>\n<p>El AQUA CLIP WP2 puede utilizarse para :<br \/>\n&#8211; Mejorar los niveles de energ\u00eda diarios (aumento de la frecuencia vibratoria)<br \/>\n&#8211; Mejorar la resistencia muscular<br \/>\n&#8211; Proteger a las personas electro-sensibles<br \/>\n&#8211; Reducir el estr\u00e9s y la fatiga<br \/>\n&#8211; Mejorar la concentraci\u00f3n y la eficacia en el trabajo<br \/>\n&#8211; Reducir los trastornos del sue\u00f1o<br \/>\n&#8211; Deportes acu\u00e1ticos<\/p>\n<p>Este husillo contiene una junta inyectada adicional que permite utilizarlo a profundidades de hasta 50 metros.<\/p>\n<p>Equipado con un dispositivo cu\u00e1ntico WP2 &#8220;pasivo&#8221;, lo que significa que no tiene efectos secundarios.<br \/>\nAbsorbe las ondas y las transforma en energ\u00eda continua. Puede llevarse en cualquier parte del cuerpo, lo m\u00e1s cerca posible de la piel,<br \/>\ncon la parte plana contra el cuerpo.<br \/>\nSe recomienda una distancia inferior a 10 mm de la piel para una eficacia \u00f3ptima.<br \/>\nUso 24\/24h<br \/>\nLimpie el pasador con una toallita sin alcohol.<\/p>\n","protected":false},"excerpt":{"rendered":"<p><strong>Descubra nuestro broche Aqua clip WP2<\/strong><\/p>\n<p>Este pasador aten\u00faa los efectos de las ondas electromagn\u00e9ticas, proporcion\u00e1ndole una protecci\u00f3n \u00f3ptima, y es 100% impermeable, por lo que es perfecto para todas sus actividades acu\u00e1ticas.<\/p>\n<p>Discreto y ligero, con su dise\u00f1o altamente funcional, puede engancharlo f\u00e1cilmente y llevarlo todo el d\u00eda sin que le moleste. Y como es tan fino, puedes utilizarlo tanto en situaciones cotidianas como en actividades deportivas.<\/p>\n<p><span style=\"color: #0000ff;\"><strong>Tecnolog\u00eda 4G y 5G probada por el laboratorio NEXIO en diciembre de 2020<\/strong><\/span><\/p>\n<p><img alt=\"\" decoding=\"async\" class=\"alignnone size-full wp-image-2038\" src=\"https:\/\/www.wave-protect-france.com\/wp-content\/uploads\/2020\/10\/LOGO-FABRIQUE-EN-FRANCE-WPF-V2-1.png\" alt=\"\" width=\"200\" height=\"113\" \/><\/p>\n","protected":false},"featured_media":13491,"comment_status":"closed","ping_status":"closed","template":"","meta":{"_acf_changed":false,"_seopress_robots_primary_cat":"","_seopress_titles_title":"","_seopress_titles_desc":"","_seopress_robots_index":""},"product_brand":[],"product_cat":[163],"product_tag":[],"class_list":{"0":"post-14301","1":"product","2":"type-product","3":"status-publish","4":"has-post-thumbnail","6":"product_cat-husillos","8":"first","9":"outofstock","10":"shipping-taxable","11":"purchasable","12":"product-type-simple"},"acf":[],"_links":{"self":[{"href":"https:\/\/www.wave-protect-france.com\/es\/wp-json\/wp\/v2\/product\/14301","targetHints":{"allow":["GET"]}}],"collection":[{"href":"https:\/\/www.wave-protect-france.com\/es\/wp-json\/wp\/v2\/product"}],"about":[{"href":"https:\/\/www.wave-protect-france.com\/es\/wp-json\/wp\/v2\/types\/product"}],"replies":[{"embeddable":true,"href":"https:\/\/www.wave-protect-france.com\/es\/wp-json\/wp\/v2\/comments?post=14301"}],"version-history":[{"count":6,"href":"https:\/\/www.wave-protect-france.com\/es\/wp-json\/wp\/v2\/product\/14301\/revisions"}],"predecessor-version":[{"id":22570,"href":"https:\/\/www.wave-protect-france.com\/es\/wp-json\/wp\/v2\/product\/14301\/revisions\/22570"}],"wp:featuredmedia":[{"embeddable":true,"href":"https:\/\/www.wave-protect-france.com\/es\/wp-json\/wp\/v2\/media\/13491"}],"wp:attachment":[{"href":"https:\/\/www.wave-protect-france.com\/es\/wp-json\/wp\/v2\/media?parent=14301"}],"wp:term":[{"taxonomy":"product_brand","embeddable":true,"href":"https:\/\/www.wave-protect-france.com\/es\/wp-json\/wp\/v2\/product_brand?post=14301"},{"taxonomy":"product_cat","embeddable":true,"href":"https:\/\/www.wave-protect-france.com\/es\/wp-json\/wp\/v2\/product_cat?post=14301"},{"taxonomy":"product_tag","embeddable":true,"href":"https:\/\/www.wave-protect-france.com\/es\/wp-json\/wp\/v2\/product_tag?post=14301"}],"curies":[{"name":"wp","href":"https:\/\/api.w.org\/{rel}","templated":true}]}}