{"id":11160,"date":"2020-09-09T15:53:02","date_gmt":"2020-09-09T13:53:02","guid":{"rendered":"https:\/\/new-waveprotect.ezway-technology.com\/produit\/clavija-universal-para-proteccion-contra-ondas-electromagneticas\/"},"modified":"2024-08-27T11:56:37","modified_gmt":"2024-08-27T09:56:37","slug":"pasador-de-proteccion-universal","status":"publish","type":"product","link":"https:\/\/www.wave-protect-france.com\/es\/comercio\/pasador-de-proteccion-universal\/","title":{"rendered":"CLAVIJA UNIVERSAL PARA PROTECCI\u00d3N CONTRA ONDAS ELECTROMAGN\u00c9TICAS"},"content":{"rendered":"<p>Moldeo por inyecci\u00f3n de termopl\u00e1sticos conforme a las normas ROHS y REACH<\/p>\n<p>Tecnolog\u00eda 100% francesa, patentada y probada por el laboratorio EMITEC<\/p>\n<p><span style=\"color: #0000ff;\"><strong>Tecnolog\u00eda 4G y 5G probada por el laboratorio NEXIO en diciembre de 2020<\/strong><\/span><br \/>\nProducci\u00f3n con certificaci\u00f3n ISO 9001<br \/>\nPeso del pasador: 15gr<br \/>\nEl aparato no se desgasta con un uso normal.<\/p>\n<p><strong>La clavija de protecci\u00f3n universal WP1 puede utilizarse para<\/strong><br \/>\n&#8211; Mejore sus niveles de energ\u00eda diarios (aumente su tasa vibratoria)<br \/>\n&#8211; Mejorar la fuerza muscular<br \/>\n&#8211; Proteger a las personas con electrosensibilidad<br \/>\n&#8211; Reducir el estr\u00e9s y la fatiga<br \/>\n&#8211; Mejora la concentraci\u00f3n y la eficacia en el trabajo<br \/>\n&#8211; Reducir los trastornos del sue\u00f1o<\/p>\n<p>Equipado con un dispositivo cu\u00e1ntico WP1 &#8220;pasivo&#8221;, lo que significa que no tiene efectos secundarios.<br \/>\nAbsorbe las ondas y las transforma en energ\u00eda continua. Puede llevarse en cualquier parte del cuerpo, lo m\u00e1s cerca posible de la piel, con la parte plana contra usted.<br \/>\nPara una eficacia \u00f3ptima, recomendamos una distancia inferior a 10 mm de la piel.<br \/>\nUso 24\/24h excepto en la ducha<br \/>\nNo utilice este producto bajo el agua &#8211; no se preocupe por la transpiraci\u00f3n o la lluvia.<br \/>\nLimpieza del husillo con un pa\u00f1o sin alcohol<\/p>\n<p>&nbsp;<\/p>\n<div id=\"gtx-trans\" style=\"position: absolute; left: -10px; top: 527.8px;\">\n<div class=\"gtx-trans-icon\"><\/div>\n<\/div>\n","protected":false},"excerpt":{"rendered":"<p>Descubra <span style=\"font-weight: 400;\">nuestro <strong>pasador<\/strong><\/span> <b>de protecci\u00f3n universal WP1<\/b><b><br \/>\n<\/b>Esta clavija aten\u00faa el efecto de las ondas electromagn\u00e9ticas, ofreci\u00e9ndole una protecci\u00f3n \u00f3ptima.<\/p>\n<p>Discreto y ligero, con su dise\u00f1o <span style=\"font-weight: 400;\">altamente funcional<\/span>, puede engancharlo f\u00e1cilmente y llevarlo todo el d\u00eda sin que le moleste. Su delgadez permite utilizarlo tanto en situaciones cotidianas como en actividades deportivas.<\/p>\n<p><span style=\"color: #0000ff;\"><strong>Tecnolog\u00eda 4G y 5G probada por el laboratorio NEXIO en diciembre de 2020<\/strong><\/span><\/p>\n<p><img alt=\"\" decoding=\"async\" class=\"alignnone size-full wp-image-2038\" src=\"https:\/\/preprod.wave-protect-france.com\/wp-content\/uploads\/2020\/10\/LOGO-FABRIQUE-EN-FRANCE-WPF-V2-1.png\" alt=\"\" width=\"200\" height=\"113\" \/><\/p>\n","protected":false},"featured_media":12718,"comment_status":"closed","ping_status":"closed","template":"","meta":{"_acf_changed":false,"_seopress_robots_primary_cat":"","_seopress_titles_title":"","_seopress_titles_desc":"","_seopress_robots_index":""},"product_brand":[],"product_cat":[163],"product_tag":[],"class_list":{"0":"post-11160","1":"product","2":"type-product","3":"status-publish","4":"has-post-thumbnail","6":"product_cat-husillos","8":"first","9":"instock","10":"shipping-taxable","11":"purchasable","12":"product-type-simple"},"acf":[],"_links":{"self":[{"href":"https:\/\/www.wave-protect-france.com\/es\/wp-json\/wp\/v2\/product\/11160","targetHints":{"allow":["GET"]}}],"collection":[{"href":"https:\/\/www.wave-protect-france.com\/es\/wp-json\/wp\/v2\/product"}],"about":[{"href":"https:\/\/www.wave-protect-france.com\/es\/wp-json\/wp\/v2\/types\/product"}],"replies":[{"embeddable":true,"href":"https:\/\/www.wave-protect-france.com\/es\/wp-json\/wp\/v2\/comments?post=11160"}],"version-history":[{"count":2,"href":"https:\/\/www.wave-protect-france.com\/es\/wp-json\/wp\/v2\/product\/11160\/revisions"}],"predecessor-version":[{"id":22566,"href":"https:\/\/www.wave-protect-france.com\/es\/wp-json\/wp\/v2\/product\/11160\/revisions\/22566"}],"wp:featuredmedia":[{"embeddable":true,"href":"https:\/\/www.wave-protect-france.com\/es\/wp-json\/wp\/v2\/media\/12718"}],"wp:attachment":[{"href":"https:\/\/www.wave-protect-france.com\/es\/wp-json\/wp\/v2\/media?parent=11160"}],"wp:term":[{"taxonomy":"product_brand","embeddable":true,"href":"https:\/\/www.wave-protect-france.com\/es\/wp-json\/wp\/v2\/product_brand?post=11160"},{"taxonomy":"product_cat","embeddable":true,"href":"https:\/\/www.wave-protect-france.com\/es\/wp-json\/wp\/v2\/product_cat?post=11160"},{"taxonomy":"product_tag","embeddable":true,"href":"https:\/\/www.wave-protect-france.com\/es\/wp-json\/wp\/v2\/product_tag?post=11160"}],"curies":[{"name":"wp","href":"https:\/\/api.w.org\/{rel}","templated":true}]}}