{"id":11155,"date":"2020-09-21T11:42:53","date_gmt":"2020-09-21T09:42:53","guid":{"rendered":"https:\/\/new-waveprotect.ezway-technology.com\/produit\/kit-multideporte-2-para-proteccion-contra-ondas-electromagneticas\/"},"modified":"2024-08-29T13:26:32","modified_gmt":"2024-08-29T11:26:32","slug":"kit-multi-deporte-2","status":"publish","type":"product","link":"https:\/\/www.wave-protect-france.com\/es\/comercio\/kit-multi-deporte-2\/","title":{"rendered":"KIT MULTIDEPORTE 2 PARA PROTECCI\u00d3N CONTRA ONDAS ELECTROMAGN\u00c9TICAS"},"content":{"rendered":"<p><strong>Clavija de protecci\u00f3n universal<\/strong><\/p>\n<p>Moldeo por inyecci\u00f3n de termopl\u00e1sticos conforme a las normas ROHS y REACH<\/p>\n<p>Tecnolog\u00eda 100% francesa, patentada y probada por el laboratorio Emitec<\/p>\n<p><span style=\"color: #0000ff;\"><strong>Tecnolog\u00eda 4G y 5G probada por el laboratorio NEXIO en diciembre de 2020<\/strong><\/span><\/p>\n<p>Producci\u00f3n con certificaci\u00f3n ISO 9001<br \/>\nPeso del pasador: 15gr<\/p>\n<p>El dispositivo WP1 no se desgasta en condiciones normales de uso<\/p>\n<p>La clavija de protecci\u00f3n universal puede utilizarse para<br \/>\n&#8211; Mejore sus niveles de energ\u00eda diarios (aumente su tasa vibratoria)<br \/>\n&#8211; Mejorar la fuerza muscular<br \/>\n&#8211; Proteger a las personas con electrosensibilidad<br \/>\n&#8211; Reducir el estr\u00e9s y la fatiga<br \/>\n&#8211; Mejora la concentraci\u00f3n y la eficacia en el trabajo<br \/>\n&#8211; Reducir los trastornos del sue\u00f1o<\/p>\n<p>Equipado con un dispositivo cu\u00e1ntico WP1 &#8220;pasivo&#8221;, lo que significa que no tiene efectos secundarios,<br \/>\nAbsorbe las ondas y las transforma en energ\u00eda continua,<br \/>\nPuede llevarse en cualquier parte del cuerpo, lo m\u00e1s cerca posible de la piel,<br \/>\nlado plano contra ti.<br \/>\nPara una eficacia \u00f3ptima, recomendamos una distancia inferior a 10 mm de la piel.<br \/>\nUso 24\/24h excepto en la ducha<br \/>\nNo utilice este producto bajo el agua<br \/>\nLimpieza del husillo con un pa\u00f1o sin alcohol<\/p>\n<p><strong>WP6 Entrenamiento de mu\u00f1eca<\/strong><br \/>\nDe tejido el\u00e1stico hipoalerg\u00e9nico<br \/>\nDispositivo de protecci\u00f3n cu\u00e1ntica contra<br \/>\nondas electromagn\u00e9ticas y radiofrecuencias<br \/>\n(tecnolog\u00eda 100% francesa, patentada y probada por el laboratorio Emitec)<br \/>\nProducci\u00f3n con certificaci\u00f3n ISO 9001<br \/>\nPeso: 33gr<\/p>\n<p>El aparato no se desgasta con un uso normal.<\/p>\n<p>El entrenador de mu\u00f1eca WP6 puede utilizarse para<br \/>\n&#8211; Mejora de los niveles de energ\u00eda durante las sesiones deportivas o reequilibrio energ\u00e9tico elevado<br \/>\n&#8211; Mejorar la fuerza muscular<br \/>\n&#8211; Reducir el estr\u00e9s y la fatiga muscular<br \/>\n&#8211; Mejorar la concentraci\u00f3n y la eficacia durante las sesiones deportivas<\/p>\n<p>La Training Wrist WP6 est\u00e1 equipada con un dispositivo cu\u00e1ntico &#8220;pasivo&#8221;, lo que significa que no tiene efectos secundarios. Absorbe las ondas y las transforma en energ\u00eda continua, y puede llevarse en el brazo o en el tobillo.<\/p>\n<p>La Mu\u00f1eca de entrenamiento WP 6 se lleva sin ninguna pieza met\u00e1lica en contacto.<br \/>\nUso exclusivo para sesiones deportivas<br \/>\nRetire la tecnolog\u00eda de la bolsa para lavar a m\u00e1quina la Formaci\u00f3n solo<\/p>\n<p>EL ENTRENAMIENTO CON MU\u00d1ECAS DEBE UTILIZARSE COMO SUSTITUTO O COMPLEMENTO DEL PASADOR PARA QUE SEA EFICAZ AL 100% DESDE EL MOMENTO EN QUE SE UTILIZA.<\/p>\n<p>&nbsp;<\/p>\n","protected":false},"excerpt":{"rendered":"<p><strong>El pasador y la mu\u00f1eca de entrenamiento est\u00e1n equipados con un dispositivo cu\u00e1ntico pasivo, lo que significa que no hay efectos secundarios&#8230; absorbe&#8230; continuamente.<\/strong><\/p>\n<p>El broche debe llevarse las 24 horas del d\u00eda, preferentemente en el caso de los hombres, en el b\u00f3xer, en el lado izquierdo del cuerpo y ligeramente por detr\u00e1s del eje de las caderas (parte plana contra la piel). Para las mujeres, se recomienda en el lado izquierdo del sujetador o en el lado izquierdo de los calzoncillos b\u00f3xer para un look deportivo. El entrenamiento se lleva en la mu\u00f1eca derecha o izquierda.<\/p>\n<p><span style=\"color: #0000ff;\"><strong>Tecnolog\u00eda 4G y 5G probada por el laboratorio NEXIO en diciembre de 2020<\/strong><\/span><\/p>\n<p><img alt=\"\" decoding=\"async\" class=\"alignnone size-full wp-image-2038\" src=\"https:\/\/preprod.wave-protect-france.com\/wp-content\/uploads\/2020\/10\/LOGO-FABRIQUE-EN-FRANCE-WPF-V2-1.png\" alt=\"\" width=\"200\" height=\"113\" \/><\/p>\n","protected":false},"featured_media":10414,"comment_status":"closed","ping_status":"closed","template":"","meta":{"_acf_changed":false,"_seopress_robots_primary_cat":"","_seopress_titles_title":"","_seopress_titles_desc":"","_seopress_robots_index":""},"product_brand":[],"product_cat":[171,172],"product_tag":[],"class_list":{"0":"post-11155","1":"product","2":"type-product","3":"status-publish","4":"has-post-thumbnail","6":"product_cat-deporte","7":"product_cat-kit-multideporte","9":"first","10":"instock","11":"featured","12":"shipping-taxable","13":"purchasable","14":"product-type-simple"},"acf":[],"_links":{"self":[{"href":"https:\/\/www.wave-protect-france.com\/es\/wp-json\/wp\/v2\/product\/11155","targetHints":{"allow":["GET"]}}],"collection":[{"href":"https:\/\/www.wave-protect-france.com\/es\/wp-json\/wp\/v2\/product"}],"about":[{"href":"https:\/\/www.wave-protect-france.com\/es\/wp-json\/wp\/v2\/types\/product"}],"replies":[{"embeddable":true,"href":"https:\/\/www.wave-protect-france.com\/es\/wp-json\/wp\/v2\/comments?post=11155"}],"version-history":[{"count":4,"href":"https:\/\/www.wave-protect-france.com\/es\/wp-json\/wp\/v2\/product\/11155\/revisions"}],"predecessor-version":[{"id":23017,"href":"https:\/\/www.wave-protect-france.com\/es\/wp-json\/wp\/v2\/product\/11155\/revisions\/23017"}],"wp:featuredmedia":[{"embeddable":true,"href":"https:\/\/www.wave-protect-france.com\/es\/wp-json\/wp\/v2\/media\/10414"}],"wp:attachment":[{"href":"https:\/\/www.wave-protect-france.com\/es\/wp-json\/wp\/v2\/media?parent=11155"}],"wp:term":[{"taxonomy":"product_brand","embeddable":true,"href":"https:\/\/www.wave-protect-france.com\/es\/wp-json\/wp\/v2\/product_brand?post=11155"},{"taxonomy":"product_cat","embeddable":true,"href":"https:\/\/www.wave-protect-france.com\/es\/wp-json\/wp\/v2\/product_cat?post=11155"},{"taxonomy":"product_tag","embeddable":true,"href":"https:\/\/www.wave-protect-france.com\/es\/wp-json\/wp\/v2\/product_tag?post=11155"}],"curies":[{"name":"wp","href":"https:\/\/api.w.org\/{rel}","templated":true}]}}