{"id":11149,"date":"2020-09-22T22:38:03","date_gmt":"2020-09-22T20:38:03","guid":{"rendered":"https:\/\/new-waveprotect.ezway-technology.com\/produit\/wp3-colgante-de-cuero-para-proteccion-contra-ondas-electromagneticas\/"},"modified":"2024-08-29T10:46:40","modified_gmt":"2024-08-29T08:46:40","slug":"colgante-proteccion-wp3-en-cuero","status":"publish","type":"product","link":"https:\/\/www.wave-protect-france.com\/es\/comercio\/colgante-proteccion-wp3-en-cuero\/","title":{"rendered":"WP3 COLGANTE DE CUERO PARA PROTECCI\u00d3N CONTRA ONDAS ELECTROMAGN\u00c9TICAS"},"content":{"rendered":"<p>Dispositivo t\u00e9cnico envuelto en aut\u00e9ntica piel de vacuno conforme a las normas ROHS y REACH<\/p>\n<p>Tecnolog\u00eda patentada y probada por el laboratorio EMITEC<\/p>\n<p><span style=\"color: #0000ff;\"><strong>Tecnolog\u00eda 4G y 5G probada por el laboratorio NEXIO en diciembre de 2020<\/strong><\/span><\/p>\n<p>Producci\u00f3n con certificaci\u00f3n ISO 9001<\/p>\n<p>Peso : 7gr<\/p>\n<p>El aparato no se desgasta con un uso normal.<\/p>\n<p>El colgante de protecci\u00f3n WP3 puede utilizarse para<br \/>\n&#8211; Mejore sus niveles de energ\u00eda diarios (aumente su tasa vibratoria)<br \/>\n&#8211; Mejorar la fuerza muscular<br \/>\n&#8211; Reducir el estr\u00e9s y la fatiga<br \/>\n&#8211; Mejora la concentraci\u00f3n y la eficacia en el trabajo<br \/>\n&#8211; Reducir los trastornos del sue\u00f1o<\/p>\n<p>Equipado con un dispositivo cu\u00e1ntico &#8220;pasivo&#8221; que no tiene efectos secundarios, absorbe las ondas y las transforma en energ\u00eda continua. Se lleva alrededor del cuello ajustando el colgante en el plexo solar.<\/p>\n<p>Uso 24\/24h excepto en la ducha<br \/>\nNo utilice este producto bajo el agua<br \/>\nLimpiar el colgante con una toallita sin alcohol<\/p>\n","protected":false},"excerpt":{"rendered":"<p>Aut\u00e9ntica innovaci\u00f3n t\u00e9cnica, el colgante de piel WP3 es un producto de bienestar 100% antiest\u00e1tico.<br \/>\nIdeal para personas que necesitan un reequilibrio energ\u00e9tico importante.<br \/>\nLa tecnolog\u00eda Wave Protect France est\u00e1 envuelta en aut\u00e9ntica piel.<br \/>\nConsulte nuestra tabla para elegir el producto adecuado a sus necesidades<\/p>\n<p><span style=\"color: #0000ff;\"><strong>Tecnolog\u00eda 4G y 5G probada por el laboratorio NEXIO en diciembre de 2020<\/strong><\/span><\/p>\n<p><img alt=\"\" decoding=\"async\" class=\"alignnone size-full wp-image-2038\" src=\"https:\/\/preprod.wave-protect-france.com\/wp-content\/uploads\/2020\/10\/LOGO-FABRIQUE-EN-FRANCE-WPF-V2-1.png\" alt=\"\" width=\"200\" height=\"113\" \/><\/p>\n","protected":false},"featured_media":12510,"comment_status":"closed","ping_status":"closed","template":"","meta":{"_acf_changed":false,"_seopress_robots_primary_cat":"","_seopress_titles_title":"","_seopress_titles_desc":"%%title%% %%sep%% dispositivo patentado para atenuar las ondas electromagn\u00e9ticas. Tecnolog\u00eda desarrollada en Francia, ordene ahora!","_seopress_robots_index":""},"product_brand":[],"product_cat":[177],"product_tag":[],"class_list":{"0":"post-11149","1":"product","2":"type-product","3":"status-publish","4":"has-post-thumbnail","6":"product_cat-colgante-protector","8":"first","9":"instock","10":"shipping-taxable","11":"purchasable","12":"product-type-simple"},"acf":[],"_links":{"self":[{"href":"https:\/\/www.wave-protect-france.com\/es\/wp-json\/wp\/v2\/product\/11149","targetHints":{"allow":["GET"]}}],"collection":[{"href":"https:\/\/www.wave-protect-france.com\/es\/wp-json\/wp\/v2\/product"}],"about":[{"href":"https:\/\/www.wave-protect-france.com\/es\/wp-json\/wp\/v2\/types\/product"}],"replies":[{"embeddable":true,"href":"https:\/\/www.wave-protect-france.com\/es\/wp-json\/wp\/v2\/comments?post=11149"}],"version-history":[{"count":2,"href":"https:\/\/www.wave-protect-france.com\/es\/wp-json\/wp\/v2\/product\/11149\/revisions"}],"predecessor-version":[{"id":22996,"href":"https:\/\/www.wave-protect-france.com\/es\/wp-json\/wp\/v2\/product\/11149\/revisions\/22996"}],"wp:featuredmedia":[{"embeddable":true,"href":"https:\/\/www.wave-protect-france.com\/es\/wp-json\/wp\/v2\/media\/12510"}],"wp:attachment":[{"href":"https:\/\/www.wave-protect-france.com\/es\/wp-json\/wp\/v2\/media?parent=11149"}],"wp:term":[{"taxonomy":"product_brand","embeddable":true,"href":"https:\/\/www.wave-protect-france.com\/es\/wp-json\/wp\/v2\/product_brand?post=11149"},{"taxonomy":"product_cat","embeddable":true,"href":"https:\/\/www.wave-protect-france.com\/es\/wp-json\/wp\/v2\/product_cat?post=11149"},{"taxonomy":"product_tag","embeddable":true,"href":"https:\/\/www.wave-protect-france.com\/es\/wp-json\/wp\/v2\/product_tag?post=11149"}],"curies":[{"name":"wp","href":"https:\/\/api.w.org\/{rel}","templated":true}]}}