{"id":11143,"date":"2020-09-22T23:33:11","date_gmt":"2020-09-22T21:33:11","guid":{"rendered":"https:\/\/new-waveprotect.ezway-technology.com\/produit\/wp12-entrenamiento-de-muneca-para-proteccion-contra-ondas-electromagneticas\/"},"modified":"2024-08-27T16:34:30","modified_gmt":"2024-08-27T14:34:30","slug":"entrenamiento-muneca-wp12","status":"publish","type":"product","link":"https:\/\/www.wave-protect-france.com\/es\/comercio\/entrenamiento-muneca-wp12\/","title":{"rendered":"WP12 ENTRENAMIENTO DE MU\u00d1ECA PARA PROTECCI\u00d3N CONTRA ONDAS ELECTROMAGN\u00c9TICAS"},"content":{"rendered":"<p>De tejido el\u00e1stico hipoalerg\u00e9nico.<br \/>\nWP12 dispositivo cu\u00e1ntico de protecci\u00f3n contra las ondas electromagn\u00e9ticas y de radiofrecuencia (sistema patentado franc\u00e9s y tecnolog\u00eda probada por el laboratorio Emitec)<\/p>\n<p><span style=\"color: #0000ff;\"><strong>Tecnolog\u00eda 4G y 5G probada por el laboratorio NEXIO en diciembre de 2020<\/strong><\/span><br \/>\nProducci\u00f3n con certificaci\u00f3n ISO 9001<br \/>\nPeso : 48gr<\/p>\n<p>El aparato no se desgasta con un uso normal.<\/p>\n<p>La formaci\u00f3n sobre protecci\u00f3n WP12 puede utilizarse para<br \/>\n&#8211; Mejora los niveles de energ\u00eda durante las sesiones deportivas intensas o cuando los niveles de energ\u00eda son muy altos<\/p>\n<p>&#8211; Mejorar la fuerza muscular<\/p>\n<p>&#8211; Reducir el estr\u00e9s y la fatiga muscular<\/p>\n<p>&#8211; Mejorar la concentraci\u00f3n y la eficacia durante las sesiones deportivas<\/p>\n<p>El WP12 Wrist Training es un dispositivo cu\u00e1ntico &#8220;pasivo&#8221;, lo que significa que no tiene efectos secundarios. Absorbe las ondas y las transforma en energ\u00eda continua, y puede llevarse en el brazo o en el tobillo.<\/p>\n<p>Training Poigneet WP12 se lleva sin ninguna pieza met\u00e1lica en contacto.<\/p>\n<p>Utilizar s\u00f3lo para sesiones deportivas intensas o reequilibrio energ\u00e9tico muy elevado.<br \/>\nRetire la tecnolog\u00eda del bolsillo y lave a m\u00e1quina el Entrenamiento de Mu\u00f1eca solo.<\/p>\n<p>LA FORMACI\u00d3N DEBE UTILIZARSE PARA SUSTITUIR O COMPLEMENTAR UN BROCHE, COLGANTE O PULSERA PARA QUE SEA 100% EFICAZ DESDE EL MOMENTO DE SU UTILIZACI\u00d3N.<\/p>\n","protected":false},"excerpt":{"rendered":"<p>Descubra nuestras protecciones de mu\u00f1eca WP12.<br \/>\nAten\u00faan los efectos de las ondas electromagn\u00e9ticas, ofreci\u00e9ndote una protecci\u00f3n \u00f3ptima para todas tus intensas sesiones deportivas.<\/p>\n<p>Este producto se fabrica en nuestros talleres de Francia y se somete a pruebas para ofrecerle la m\u00e1xima comodidad y una protecci\u00f3n \u00f3ptima.<br \/>\nDirectamente en contacto directo con nuestro dispositivo, sentir\u00e1 una mejora inmediata en su estabilidad, recuperaci\u00f3n y rendimiento.<\/p>\n<p><span style=\"color: #0000ff;\"><strong>Tecnolog\u00eda 4G y 5G probada por el laboratorio NEXIO en diciembre de 2020<\/strong><\/span><\/p>\n<p><\/p>\n<p><img alt=\"\" decoding=\"async\" class=\"alignnone size-full wp-image-2038\" src=\"https:\/\/preprod.wave-protect-france.com\/wp-content\/uploads\/2020\/10\/LOGO-FABRIQUE-EN-FRANCE-WPF-V2-1.png\" alt=\"\" width=\"200\" height=\"113\" \/><\/p>\n","protected":false},"featured_media":12522,"comment_status":"closed","ping_status":"closed","template":"","meta":{"_acf_changed":false,"_seopress_robots_primary_cat":"","_seopress_titles_title":"","_seopress_titles_desc":"%%title%% %%sep%% dispositivo patentado para atenuar las ondas electromagn\u00e9ticas. Tecnolog\u00eda desarrollada en Francia, ordene ahora!","_seopress_robots_index":""},"product_brand":[],"product_cat":[171,180,185],"product_tag":[],"class_list":{"0":"post-11143","1":"product","2":"type-product","3":"status-publish","4":"has-post-thumbnail","6":"product_cat-deporte","7":"product_cat-entrenamiento-de-la-muneca","8":"product_cat-formacion-sobre-proteccion","10":"first","11":"instock","12":"shipping-taxable","13":"purchasable","14":"product-type-simple"},"acf":[],"_links":{"self":[{"href":"https:\/\/www.wave-protect-france.com\/es\/wp-json\/wp\/v2\/product\/11143","targetHints":{"allow":["GET"]}}],"collection":[{"href":"https:\/\/www.wave-protect-france.com\/es\/wp-json\/wp\/v2\/product"}],"about":[{"href":"https:\/\/www.wave-protect-france.com\/es\/wp-json\/wp\/v2\/types\/product"}],"replies":[{"embeddable":true,"href":"https:\/\/www.wave-protect-france.com\/es\/wp-json\/wp\/v2\/comments?post=11143"}],"version-history":[{"count":6,"href":"https:\/\/www.wave-protect-france.com\/es\/wp-json\/wp\/v2\/product\/11143\/revisions"}],"predecessor-version":[{"id":22832,"href":"https:\/\/www.wave-protect-france.com\/es\/wp-json\/wp\/v2\/product\/11143\/revisions\/22832"}],"wp:featuredmedia":[{"embeddable":true,"href":"https:\/\/www.wave-protect-france.com\/es\/wp-json\/wp\/v2\/media\/12522"}],"wp:attachment":[{"href":"https:\/\/www.wave-protect-france.com\/es\/wp-json\/wp\/v2\/media?parent=11143"}],"wp:term":[{"taxonomy":"product_brand","embeddable":true,"href":"https:\/\/www.wave-protect-france.com\/es\/wp-json\/wp\/v2\/product_brand?post=11143"},{"taxonomy":"product_cat","embeddable":true,"href":"https:\/\/www.wave-protect-france.com\/es\/wp-json\/wp\/v2\/product_cat?post=11143"},{"taxonomy":"product_tag","embeddable":true,"href":"https:\/\/www.wave-protect-france.com\/es\/wp-json\/wp\/v2\/product_tag?post=11143"}],"curies":[{"name":"wp","href":"https:\/\/api.w.org\/{rel}","templated":true}]}}