{"id":11139,"date":"2021-04-29T11:52:04","date_gmt":"2021-04-29T09:52:04","guid":{"rendered":"https:\/\/new-waveprotect.ezway-technology.com\/produit\/brazalete-camel-de-mujer-wp1-para-proteccion-contra-ondas-electromagneticas\/"},"modified":"2024-08-27T16:45:05","modified_gmt":"2024-08-27T14:45:05","slug":"pulsera-brazalete-mujer-wp1-para-proteccion-ondas-electromagneticas-copia","status":"publish","type":"product","link":"https:\/\/www.wave-protect-france.com\/es\/comercio\/pulsera-brazalete-mujer-wp1-para-proteccion-ondas-electromagneticas-copia\/","title":{"rendered":"BRAZALETE CAMEL DE MUJER WP1 PARA PROTECCI\u00d3N CONTRA ONDAS ELECTROMAGN\u00c9TICAS"},"content":{"rendered":"<p>Tecnolog\u00eda envuelta en cuero de alta gama con costuras seg\u00fan las normas ROHS y REACH<\/p>\n<p>Tecnolog\u00eda 100% francesa, patentada y probada por el laboratorio EMITEC<\/p>\n<p><span style=\"color: #0000ff;\"><strong>Tecnolog\u00eda 4G y 5G probada por el laboratorio NEXIO en diciembre de 2020<\/strong><\/span><\/p>\n<p>Producci\u00f3n con certificaci\u00f3n ISO 9001<\/p>\n<p>Longitud : 235 mm Anchura : 32 mm<br \/>\nPeso : 21gr<\/p>\n<p>Adecuado para un tama\u00f1o de mu\u00f1eca de 17 a 21 cm<\/p>\n<p>El aparato no se desgasta con un uso normal.<\/p>\n<p>La mu\u00f1equera de protecci\u00f3n WP1 puede utilizarse para<br \/>\n&#8211; Mejore sus niveles de energ\u00eda diarios (aumente su tasa vibratoria)<br \/>\n&#8211; Mejorar la fuerza muscular<br \/>\n&#8211; Proteger a las personas con electrosensibilidad<br \/>\n&#8211; Reducir el estr\u00e9s y la fatiga<br \/>\n&#8211; Mejora la concentraci\u00f3n y la eficacia en el trabajo<br \/>\n&#8211; Reducir los trastornos del sue\u00f1o<\/p>\n<p>Equipado con un dispositivo cu\u00e1ntico &#8220;pasivo&#8221; que no tiene efectos secundarios, absorbe las ondas y las transforma en energ\u00eda continua,<br \/>\nPuede llevarse en la mu\u00f1eca derecha o izquierda.<\/p>\n<p>El brazalete WP1 est\u00e1 dise\u00f1ado para todo el mundo, y puede ajustarse en 4 posiciones para adaptarse al tama\u00f1o de su mu\u00f1eca.<\/p>\n<p>Uso 24\/24h excepto en la ducha<br \/>\nNo utilice este producto bajo el agua<br \/>\nLimpiar la pulsera con una toallita sin alcohol<\/p>\n","protected":false},"excerpt":{"rendered":"<p><strong>\u00a1Descubra nuestras pulseras de protecci\u00f3n WP1!<\/strong><\/p>\n<p>Estos brazaletes WP1 reducen los efectos de las ondas electromagn\u00e9ticas, proporcion\u00e1ndole una protecci\u00f3n \u00f3ptima.<br \/>\nLa tecnolog\u00eda est\u00e1 envuelta en piel de alta gama, lo que permite llevarla en la mu\u00f1eca sin que moleste durante todo el d\u00eda.<br \/>\nSu delgadez permite utilizarlo tanto en situaciones cotidianas como en actividades deportivas.<\/p>\n<p>Adecuado para un tama\u00f1o de mu\u00f1eca de 17 a 21 cm<\/p>\n<p><span style=\"color: #0000ff;\"><strong>Tecnolog\u00eda 4G y 5G probada por el laboratorio NEXIO en diciembre de 2020<\/strong><\/span><\/p>\n<p>COLORES DISPONIBLES: Blanco \/ Rosa \/ Fushia \/ Camel \/ Negro \/ Azul Real \/ Azul Marino<\/p>\n<p><img alt=\"\" decoding=\"async\" class=\"alignnone size-full wp-image-2038\" src=\"https:\/\/preprod.wave-protect-france.com\/wp-content\/uploads\/2020\/10\/LOGO-FABRIQUE-EN-FRANCE-WPF-V2-1.png\" alt=\"\" width=\"200\" height=\"113\" \/><\/p>\n","protected":false},"featured_media":12468,"comment_status":"closed","ping_status":"closed","template":"","meta":{"_acf_changed":false,"_seopress_robots_primary_cat":"","_seopress_titles_title":"","_seopress_titles_desc":"%%title%% %%sep%% dispositivo patentado para atenuar las ondas electromagn\u00e9ticas. Tecnolog\u00eda desarrollada en Francia, ordene ahora!","_seopress_robots_index":""},"product_brand":[],"product_cat":[166],"product_tag":[],"class_list":{"0":"post-11139","1":"product","2":"type-product","3":"status-publish","4":"has-post-thumbnail","6":"product_cat-brazalete","8":"first","9":"instock","10":"shipping-taxable","11":"purchasable","12":"product-type-simple"},"acf":[],"_links":{"self":[{"href":"https:\/\/www.wave-protect-france.com\/es\/wp-json\/wp\/v2\/product\/11139","targetHints":{"allow":["GET"]}}],"collection":[{"href":"https:\/\/www.wave-protect-france.com\/es\/wp-json\/wp\/v2\/product"}],"about":[{"href":"https:\/\/www.wave-protect-france.com\/es\/wp-json\/wp\/v2\/types\/product"}],"replies":[{"embeddable":true,"href":"https:\/\/www.wave-protect-france.com\/es\/wp-json\/wp\/v2\/comments?post=11139"}],"version-history":[{"count":3,"href":"https:\/\/www.wave-protect-france.com\/es\/wp-json\/wp\/v2\/product\/11139\/revisions"}],"predecessor-version":[{"id":22856,"href":"https:\/\/www.wave-protect-france.com\/es\/wp-json\/wp\/v2\/product\/11139\/revisions\/22856"}],"wp:featuredmedia":[{"embeddable":true,"href":"https:\/\/www.wave-protect-france.com\/es\/wp-json\/wp\/v2\/media\/12468"}],"wp:attachment":[{"href":"https:\/\/www.wave-protect-france.com\/es\/wp-json\/wp\/v2\/media?parent=11139"}],"wp:term":[{"taxonomy":"product_brand","embeddable":true,"href":"https:\/\/www.wave-protect-france.com\/es\/wp-json\/wp\/v2\/product_brand?post=11139"},{"taxonomy":"product_cat","embeddable":true,"href":"https:\/\/www.wave-protect-france.com\/es\/wp-json\/wp\/v2\/product_cat?post=11139"},{"taxonomy":"product_tag","embeddable":true,"href":"https:\/\/www.wave-protect-france.com\/es\/wp-json\/wp\/v2\/product_tag?post=11139"}],"curies":[{"name":"wp","href":"https:\/\/api.w.org\/{rel}","templated":true}]}}