{"id":11111,"date":"2021-04-30T10:19:16","date_gmt":"2021-04-30T08:19:16","guid":{"rendered":"https:\/\/new-waveprotect.ezway-technology.com\/produit\/pulsera-de-manila-camel-para-mujer-wp1-para-proteccion-contra-ondas-electromagneticas\/"},"modified":"2024-08-27T15:46:21","modified_gmt":"2024-08-27T13:46:21","slug":"pulsera-camel-grillete-mujer-wp1-para-proteccion-ondas-electromagneticas","status":"publish","type":"product","link":"https:\/\/www.wave-protect-france.com\/es\/comercio\/pulsera-camel-grillete-mujer-wp1-para-proteccion-ondas-electromagneticas\/","title":{"rendered":"PULSERA DE MANILA CAMEL PARA MUJER WP1 PARA PROTECCI\u00d3N CONTRA ONDAS ELECTROMAGN\u00c9TICAS"},"content":{"rendered":"<p>Tecnolog\u00eda envuelta en cuero de alta gama con costuras seg\u00fan las normas ROHS y REACH<\/p>\n<p>Tecnolog\u00eda 100% francesa, patentada y probada por el laboratorio EMITECH<\/p>\n<p><span style=\"color: #0000ff;\"><strong>Tecnolog\u00eda 4G y 5G probada por el laboratorio NEXIO en diciembre de 2020<\/strong><\/span><\/p>\n<p>Producci\u00f3n con certificaci\u00f3n ISO 9001<\/p>\n<p>Longitud: 230 mm Anchura: 20 mm<br \/>\nPeso : 19gr<\/p>\n<p>Adecuado para un tama\u00f1o de mu\u00f1eca de 18 a 21 cm<\/p>\n<p>El aparato no se desgasta con un uso normal.<\/p>\n<p>La pulsera grillete de protecci\u00f3n WP1 para mujer puede utilizarse para<br \/>\n&#8211; Mejore sus niveles de energ\u00eda diarios (aumente su tasa vibratoria)<br \/>\n&#8211; Mejorar la fuerza muscular<br \/>\n&#8211; Proteger a las personas con electrosensibilidad<br \/>\n&#8211; Reducir el estr\u00e9s y la fatiga<br \/>\n&#8211; Mejora la concentraci\u00f3n y la eficacia en el trabajo<br \/>\n&#8211; Reducir los trastornos del sue\u00f1o<\/p>\n<p>Equipado con un dispositivo cu\u00e1ntico &#8220;pasivo&#8221; que no tiene efectos secundarios, absorbe las ondas y las transforma en energ\u00eda continua,<br \/>\nPuede llevarse en la mu\u00f1eca derecha o izquierda.<\/p>\n<p>La pulsera de grillete WP1 para mujer est\u00e1 dise\u00f1ada para todo el mundo y puede ajustarse en 3 posiciones seg\u00fan el tama\u00f1o de la mu\u00f1eca.<\/p>\n<p>Uso 24\/24h excepto en la ducha<br \/>\nNo utilice este producto bajo el agua<br \/>\nLimpiar la pulsera con una toallita sin alcohol<\/p>\n","protected":false},"excerpt":{"rendered":"<p><strong>\u00a1Descubra nuestras pulseras Manila de mujer con protecci\u00f3n WP1!<\/strong><\/p>\n<p>Estos brazaletes Grillete WP1 para mujer reducen los efectos de las ondas electromagn\u00e9ticas, proporcion\u00e1ndole una protecci\u00f3n \u00f3ptima.<br \/>\nLa tecnolog\u00eda est\u00e1 envuelta en piel de alta gama, lo que permite llevarla en la mu\u00f1eca sin que moleste durante todo el d\u00eda.<br \/>\nSu delgadez permite utilizarlo tanto en situaciones cotidianas como en actividades deportivas.<\/p>\n<p>Adecuado para un tama\u00f1o de mu\u00f1eca de 18 a 21 cm<\/p>\n<p><span style=\"color: #0000ff;\"><strong>Tecnolog\u00eda 4G y 5G probada por el laboratorio NEXIO en diciembre de 2020<\/strong><\/span><\/p>\n<p>COLORES DISPONIBLES: Negro \/ Camel \/ Blanco \/ Azul marino \/ Rosa \/ Fushia \/ Azul real \/ Rojo<\/p>\n<p><img alt=\"\" decoding=\"async\" class=\"alignnone size-full wp-image-2038\" src=\"https:\/\/preprod.wave-protect-france.com\/wp-content\/uploads\/2020\/10\/LOGO-FABRIQUE-EN-FRANCE-WPF-V2-1.png\" alt=\"\" width=\"200\" height=\"113\" \/><\/p>\n","protected":false},"featured_media":12483,"comment_status":"closed","ping_status":"closed","template":"","meta":{"_acf_changed":false,"_seopress_robots_primary_cat":"","_seopress_titles_title":"","_seopress_titles_desc":"","_seopress_robots_index":""},"product_brand":[],"product_cat":[166],"product_tag":[],"class_list":{"0":"post-11111","1":"product","2":"type-product","3":"status-publish","4":"has-post-thumbnail","6":"product_cat-brazalete","8":"first","9":"instock","10":"shipping-taxable","11":"purchasable","12":"product-type-simple"},"acf":[],"_links":{"self":[{"href":"https:\/\/www.wave-protect-france.com\/es\/wp-json\/wp\/v2\/product\/11111","targetHints":{"allow":["GET"]}}],"collection":[{"href":"https:\/\/www.wave-protect-france.com\/es\/wp-json\/wp\/v2\/product"}],"about":[{"href":"https:\/\/www.wave-protect-france.com\/es\/wp-json\/wp\/v2\/types\/product"}],"replies":[{"embeddable":true,"href":"https:\/\/www.wave-protect-france.com\/es\/wp-json\/wp\/v2\/comments?post=11111"}],"version-history":[{"count":3,"href":"https:\/\/www.wave-protect-france.com\/es\/wp-json\/wp\/v2\/product\/11111\/revisions"}],"predecessor-version":[{"id":22759,"href":"https:\/\/www.wave-protect-france.com\/es\/wp-json\/wp\/v2\/product\/11111\/revisions\/22759"}],"wp:featuredmedia":[{"embeddable":true,"href":"https:\/\/www.wave-protect-france.com\/es\/wp-json\/wp\/v2\/media\/12483"}],"wp:attachment":[{"href":"https:\/\/www.wave-protect-france.com\/es\/wp-json\/wp\/v2\/media?parent=11111"}],"wp:term":[{"taxonomy":"product_brand","embeddable":true,"href":"https:\/\/www.wave-protect-france.com\/es\/wp-json\/wp\/v2\/product_brand?post=11111"},{"taxonomy":"product_cat","embeddable":true,"href":"https:\/\/www.wave-protect-france.com\/es\/wp-json\/wp\/v2\/product_cat?post=11111"},{"taxonomy":"product_tag","embeddable":true,"href":"https:\/\/www.wave-protect-france.com\/es\/wp-json\/wp\/v2\/product_tag?post=11111"}],"curies":[{"name":"wp","href":"https:\/\/api.w.org\/{rel}","templated":true}]}}