{"id":11103,"date":"2020-10-08T06:41:40","date_gmt":"2020-10-08T04:41:40","guid":{"rendered":"https:\/\/new-waveprotect.ezway-technology.com\/produit\/pack-pin-universal-par-de-taloneras-para-proteccion-contra-ondas-electromagneticas\/"},"modified":"2024-08-27T10:10:55","modified_gmt":"2024-08-27T08:10:55","slug":"universal-pin-pack-par-de-tacones","status":"publish","type":"product","link":"https:\/\/www.wave-protect-france.com\/es\/comercio\/universal-pin-pack-par-de-tacones\/","title":{"rendered":"PACK PIN UNIVERSAL + PAR DE TALONERAS PARA PROTECCI\u00d3N CONTRA ONDAS ELECTROMAGN\u00c9TICAS"},"content":{"rendered":"<p>El pack de pasadores protectores universales WP1 + Par de taloneras WP2<\/p>\n<p><strong>La clavija de protecci\u00f3n universal WP1<\/strong><\/p>\n<p>Moldeo por inyecci\u00f3n de termopl\u00e1sticos conforme a las normas ROHS y REACH<\/p>\n<p>Tecnolog\u00eda 100% francesa, patentada y probada por el laboratorio EMITEC<\/p>\n<p><span style=\"color: #0000ff;\"><strong>Tecnolog\u00eda 4G y 5G probada por el laboratorio NEXIO en diciembre de 2020<\/strong><\/span><br \/>\nProducci\u00f3n con certificaci\u00f3n ISO 9001<br \/>\nPeso del pasador : 15gr<br \/>\nEl aparato no se desgasta con un uso normal.<\/p>\n<p><strong>La clavija de protecci\u00f3n universal WP1 puede utilizarse para<\/strong><br \/>\n&#8211; Mejore sus niveles de energ\u00eda diarios (aumente su tasa vibratoria)<br \/>\n&#8211; Mejorar la fuerza muscular<br \/>\n&#8211; Proteger a las personas con electrosensibilidad<br \/>\n&#8211; Reducir el estr\u00e9s y la fatiga<br \/>\n&#8211; Mejora la concentraci\u00f3n y la eficacia en el trabajo<br \/>\n&#8211; Reducir los trastornos del sue\u00f1o<\/p>\n<p>Equipado con un dispositivo cu\u00e1ntico WP1 &#8220;pasivo&#8221;, lo que significa que no tiene efectos secundarios.<br \/>\nAbsorbe las ondas y las transforma en energ\u00eda continua. Puede llevarse en cualquier parte del cuerpo, lo m\u00e1s cerca posible de la piel, con la parte plana contra usted.<br \/>\nPara una eficacia \u00f3ptima, recomendamos una distancia inferior a 10 mm de la piel.<br \/>\nUso 24\/24h excepto en la ducha<br \/>\nNo utilice este producto bajo el agua &#8211; no se preocupe por la transpiraci\u00f3n o la lluvia.<br \/>\nLimpieza del husillo con un pa\u00f1o sin alcohol<\/p>\n<p><em><strong>El par de tacones WP2<\/strong><\/em><\/p>\n<p>Compuesto por 2 taloneras de elast\u00f3mero hipoalerg\u00e9nico con parte inferior antideslizante 2 dispositivos de protecci\u00f3n cu\u00e1ntica WP2 contra las ondas electromagn\u00e9ticas y de radiofrecuencia (sistema y tecnolog\u00eda patentados en Francia y probados por el laboratorio Emitec)<\/p>\n<p>Moldeo por inyecci\u00f3n de termopl\u00e1sticos conforme a las normas ROHS y REACH<br \/>\nProducci\u00f3n con certificaci\u00f3n ISO 9001<br \/>\nPeso del tal\u00f3n: 29gr<\/p>\n<p>El aparato no se desgasta con un uso normal.<\/p>\n<p>Los protectores de tal\u00f3n pueden utilizarse para :<br \/>\n&#8211; Mejorar o reequilibrar su energ\u00eda<br \/>\n&#8211; Mejorar la fuerza muscular<br \/>\n&#8211; Mejorar el equilibrio corporal<br \/>\n&#8211; Aider \u00e0 capter l\u2019\u00e9nergie terrestre par les m\u00e9ridiens R1<\/p>\n<p>Las Talonnettes est\u00e1n equipadas con un dispositivo cu\u00e1ntico &#8220;pasivo&#8221;, es decir, sin efectos secundarios, que absorbe las ondas y las transforma en energ\u00eda continua.<\/p>\n<p>No ponga este producto en agua<\/p>\n<p>Limpieza con una toallita sin alcohol<\/p>\n<p><b>LAS TALONERAS DEBEN UTILIZARSE DURANTE EL D\u00cdA EN SUSTITUCI\u00d3N O COMO COMPLEMENTO DE UN BROCHE, COLGANTE O PULSERA PARA QUE SEAN EFICACES AL 100% DESDE EL MOMENTO DE SU UTILIZACI\u00d3N.<\/b><\/p>\n","protected":false},"excerpt":{"rendered":"<p><strong>\u00a1Descubra nuestras taloneras Wave Protect France!<\/strong><\/p>\n<p>Estos tacones aten\u00faan los efectos de las ondas electromagn\u00e9ticas, proporcion\u00e1ndole una protecci\u00f3n \u00f3ptima.<br \/>\nFabricados en nuestros talleres de Francia, han sido probados para ofrecer el m\u00e1ximo confort y una protecci\u00f3n \u00f3ptima.<br \/>\nEn contacto directo con nuestro dispositivo, sentir\u00e1 una mejora inmediata en su estabilidad, recuperaci\u00f3n y rendimiento.<\/p>\n<p>Estos tacones se recomiendan a las personas mayores para recuperar la energ\u00eda a trav\u00e9s del meridiano R1 de los pies, con el objetivo de lograr un mejor equilibrio.<\/p>\n<p>Es imprescindible utilizar el colgante o broche de protecci\u00f3n universal cuando te descalces, para no interrumpir la protecci\u00f3n.<\/p>\n<p>Descubra <span style=\"font-weight: 400;\">nuestro <strong>pasador<\/strong><\/span> <b>de protecci\u00f3n universal WP1<\/b><b><br \/>\n<\/b>Esta clavija aten\u00faa el efecto de las ondas electromagn\u00e9ticas, ofreci\u00e9ndole una protecci\u00f3n \u00f3ptima.<\/p>\n<p>Discreto y ligero, con su dise\u00f1o <span style=\"font-weight: 400;\">altamente funcional<\/span>, puede engancharlo f\u00e1cilmente y llevarlo todo el d\u00eda sin que le moleste. Su delgadez permite utilizarlo tanto en situaciones cotidianas como en actividades deportivas.<\/p>\n<p><span style=\"color: #0000ff;\"><strong>Tecnolog\u00eda 4G y 5G probada por el laboratorio NEXIO en diciembre de 2020<\/strong><\/span><\/p>\n<p><img alt=\"\" decoding=\"async\" class=\"alignnone size-full wp-image-2038\" src=\"https:\/\/preprod.wave-protect-france.com\/wp-content\/uploads\/2020\/10\/LOGO-FABRIQUE-EN-FRANCE-WPF-V2-1.png\" alt=\"\" width=\"200\" height=\"113\" \/><\/p>\n","protected":false},"featured_media":13009,"comment_status":"closed","ping_status":"closed","template":"","meta":{"_acf_changed":false,"_seopress_robots_primary_cat":"","_seopress_titles_title":"","_seopress_titles_desc":"%%title%% %%sep%% dispositivo patentado para atenuar las ondas electromagn\u00e9ticas. Tecnolog\u00eda desarrollada en Francia, ordene ahora!","_seopress_robots_index":""},"product_brand":[],"product_cat":[163,183],"product_tag":[],"class_list":{"0":"post-11103","1":"product","2":"type-product","3":"status-publish","4":"has-post-thumbnail","6":"product_cat-husillos","7":"product_cat-par-de-taloneras-protectoras","9":"first","10":"instock","11":"shipping-taxable","12":"purchasable","13":"product-type-simple"},"acf":[],"_links":{"self":[{"href":"https:\/\/www.wave-protect-france.com\/es\/wp-json\/wp\/v2\/product\/11103","targetHints":{"allow":["GET"]}}],"collection":[{"href":"https:\/\/www.wave-protect-france.com\/es\/wp-json\/wp\/v2\/product"}],"about":[{"href":"https:\/\/www.wave-protect-france.com\/es\/wp-json\/wp\/v2\/types\/product"}],"replies":[{"embeddable":true,"href":"https:\/\/www.wave-protect-france.com\/es\/wp-json\/wp\/v2\/comments?post=11103"}],"version-history":[{"count":5,"href":"https:\/\/www.wave-protect-france.com\/es\/wp-json\/wp\/v2\/product\/11103\/revisions"}],"predecessor-version":[{"id":22519,"href":"https:\/\/www.wave-protect-france.com\/es\/wp-json\/wp\/v2\/product\/11103\/revisions\/22519"}],"wp:featuredmedia":[{"embeddable":true,"href":"https:\/\/www.wave-protect-france.com\/es\/wp-json\/wp\/v2\/media\/13009"}],"wp:attachment":[{"href":"https:\/\/www.wave-protect-france.com\/es\/wp-json\/wp\/v2\/media?parent=11103"}],"wp:term":[{"taxonomy":"product_brand","embeddable":true,"href":"https:\/\/www.wave-protect-france.com\/es\/wp-json\/wp\/v2\/product_brand?post=11103"},{"taxonomy":"product_cat","embeddable":true,"href":"https:\/\/www.wave-protect-france.com\/es\/wp-json\/wp\/v2\/product_cat?post=11103"},{"taxonomy":"product_tag","embeddable":true,"href":"https:\/\/www.wave-protect-france.com\/es\/wp-json\/wp\/v2\/product_tag?post=11103"}],"curies":[{"name":"wp","href":"https:\/\/api.w.org\/{rel}","templated":true}]}}