{"id":11069,"date":"2020-10-08T16:02:01","date_gmt":"2020-10-08T14:02:01","guid":{"rendered":"https:\/\/new-waveprotect.ezway-technology.com\/produit\/pack-de-pulseras-wp2-clean-water-protect-para-proteccion-contra-ondas-electromagneticas\/"},"modified":"2024-08-27T15:36:46","modified_gmt":"2024-08-27T13:36:46","slug":"pack-pulsera-wp2-clean-water-protect","status":"publish","type":"product","link":"https:\/\/www.wave-protect-france.com\/es\/comercio\/pack-pulsera-wp2-clean-water-protect\/","title":{"rendered":"PACK DE PULSERAS WP2 + CLEAN WATER PROTECT PARA PROTECCI\u00d3N CONTRA ONDAS ELECTROMAGN\u00c9TICAS"},"content":{"rendered":"<p><em><strong>EL PACK DE PULSERAS DE PROTECCI\u00d3N WP2 + PROTECCI\u00d3N DEL AGUA LIMPIA<\/strong><\/em><\/p>\n<p><strong>La pulsera de protecci\u00f3n WP2<\/strong><\/p>\n<p>Tecnolog\u00eda envuelta en corcho natural con cosido conforme a las normas ROHS y REACH<\/p>\n<p>Tecnolog\u00eda 100% francesa, patentada y probada por el laboratorio EMITEC<\/p>\n<p><span style=\"color: #0000ff;\"><strong>Tecnolog\u00eda 4G y 5G probada por el laboratorio NEXIO en diciembre de 2020<\/strong><\/span><\/p>\n<p>Producci\u00f3n con certificaci\u00f3n ISO 9001<br \/>\nPeso : 14gr<\/p>\n<p>Se adapta a mu\u00f1ecas de 15 a 23 cm<\/p>\n<p>El aparato no se desgasta con un uso normal.<\/p>\n<p>La pulsera de protecci\u00f3n WP2 puede utilizarse para<br \/>\n&#8211; Mejore sus niveles de energ\u00eda diarios (aumente su tasa vibratoria)<br \/>\n&#8211; Mejorar la fuerza muscular<br \/>\n&#8211; Proteger a las personas con electrosensibilidad<br \/>\n&#8211; Reducir el estr\u00e9s y la fatiga<br \/>\n&#8211; Mejora la concentraci\u00f3n y la eficacia en el trabajo<br \/>\n&#8211; Reducir los trastornos del sue\u00f1o<\/p>\n<p>Equipado con un dispositivo cu\u00e1ntico &#8220;pasivo&#8221; que no tiene efectos secundarios, absorbe las ondas y las transforma en energ\u00eda continua,<br \/>\nPuede llevarse en la mu\u00f1eca derecha o izquierda.<\/p>\n<p>La pulsera WP2 est\u00e1 dise\u00f1ada para cualquier persona que necesite un alto nivel de energ\u00eda.<\/p>\n<p>Uso 24\/24h excepto en la ducha<br \/>\nNo utilice este producto bajo el agua<br \/>\nLimpiar la pulsera con una toallita sin alcohol<\/p>\n<p><b>Proteger el agua limpia<\/b><\/p>\n<p>Fabricado con tejido hipoalerg\u00e9nico conforme a las normas ROHS y REACH<\/p>\n<p>Dispositivo cu\u00e1ntico negativo de protecci\u00f3n contra ondas electromagn\u00e9ticas y de radiofrecuencia.<\/p>\n<p>Producci\u00f3n con certificaci\u00f3n ISO 9001<br \/>\nPeso : 25g<br \/>\nEl aparato no se desgasta con un uso normal.<\/p>\n<p><strong>Este dispositivo se utiliza para<\/strong><br \/>\n&#8211; Mejorar el equilibrio energ\u00e9tico del organismo<br \/>\n&#8211; Reducir la inflamaci\u00f3n<br \/>\n&#8211; Limpia el agua de tu cuerpo<\/p>\n<p>Utilice este producto para sustituir broches &#8211; colgantes &#8211; pulseras de la noche a la ma\u00f1ana.<\/p>\n<p>Asesor al menos una vez a la semana<br \/>\nNo introducir el aparato en agua<br \/>\nLimpie a m\u00e1quina la bolsa extrayendo el dispositivo<\/p>\n<p>&nbsp;<\/p>\n<div id=\"gtx-trans\" style=\"position: absolute; left: -10px; top: 527.8px;\">\n<div class=\"gtx-trans-icon\"><\/div>\n<\/div>\n","protected":false},"excerpt":{"rendered":"<p>Descubra <span style=\"font-weight: 400;\">nuestro pack compuesto por una <strong>pulsera<\/strong><\/span> <b>universal WP2 y Clean Water Protect<\/b><b><br \/>\n<\/b><\/p>\n<p><strong>\u00a1Descubra nuestras pulseras de protecci\u00f3n WP2!<\/strong><\/p>\n<p>Estas pulseras WP2 aten\u00faan los efectos de las ondas electromagn\u00e9ticas, proporcion\u00e1ndole una protecci\u00f3n \u00f3ptima.<br \/>\nLa tecnolog\u00eda est\u00e1 encerrada en corcho natural, lo que permite llevarla en la mu\u00f1eca sin que moleste durante todo el d\u00eda.<br \/>\nSu delgadez permite utilizarlo tanto en situaciones cotidianas como en actividades deportivas.<br \/>\nSe adapta a mu\u00f1ecas de 15 a 23 cm<br \/>\n<strong>Descubra nuestro PROTECTOR DE AGUA LIMPIA<\/strong><br \/>\nEste aparato sirve para depurar el agua contenida en el organismo con el fin de reequilibrar la energ\u00eda y reducir el riesgo de inflamaci\u00f3n al hidratar mejor las c\u00e9lulas.<br \/>\n<strong>Aten\u00faan los efectos de las ondas electromagn\u00e9ticas<\/strong>, proporcion\u00e1ndole una protecci\u00f3n \u00f3ptima.<br \/>\nEste producto se fabrica en nuestros talleres de Francia y se somete a pruebas para ofrecerle la m\u00e1xima comodidad y una protecci\u00f3n \u00f3ptima.<br \/>\n<span style=\"color: #0000ff;\"><strong>Tecnolog\u00eda 4G y 5G probada por el laboratorio NEXIO en diciembre de 2020<\/strong><\/span><\/p>\n<p><img alt=\"\" decoding=\"async\" class=\"alignnone size-full wp-image-2038\" src=\"https:\/\/preprod.wave-protect-france.com\/wp-content\/uploads\/2020\/10\/LOGO-FABRIQUE-EN-FRANCE-WPF-V2-1.png\" alt=\"\" width=\"200\" height=\"113\" \/><\/p>\n","protected":false},"featured_media":12973,"comment_status":"closed","ping_status":"closed","template":"","meta":{"_acf_changed":false,"_seopress_robots_primary_cat":"","_seopress_titles_title":"","_seopress_titles_desc":"%%title%% %%sep%% dispositivo patentado para atenuar las ondas electromagn\u00e9ticas. Tecnolog\u00eda desarrollada en Francia, ordene ahora!","_seopress_robots_index":""},"product_brand":[],"product_cat":[166,174],"product_tag":[],"class_list":{"0":"post-11069","1":"product","2":"type-product","3":"status-publish","4":"has-post-thumbnail","6":"product_cat-brazalete","7":"product_cat-proteger-el-agua-limpia","9":"first","10":"instock","11":"shipping-taxable","12":"purchasable","13":"product-type-simple"},"acf":[],"_links":{"self":[{"href":"https:\/\/www.wave-protect-france.com\/es\/wp-json\/wp\/v2\/product\/11069","targetHints":{"allow":["GET"]}}],"collection":[{"href":"https:\/\/www.wave-protect-france.com\/es\/wp-json\/wp\/v2\/product"}],"about":[{"href":"https:\/\/www.wave-protect-france.com\/es\/wp-json\/wp\/v2\/types\/product"}],"replies":[{"embeddable":true,"href":"https:\/\/www.wave-protect-france.com\/es\/wp-json\/wp\/v2\/comments?post=11069"}],"version-history":[{"count":3,"href":"https:\/\/www.wave-protect-france.com\/es\/wp-json\/wp\/v2\/product\/11069\/revisions"}],"predecessor-version":[{"id":22756,"href":"https:\/\/www.wave-protect-france.com\/es\/wp-json\/wp\/v2\/product\/11069\/revisions\/22756"}],"wp:featuredmedia":[{"embeddable":true,"href":"https:\/\/www.wave-protect-france.com\/es\/wp-json\/wp\/v2\/media\/12973"}],"wp:attachment":[{"href":"https:\/\/www.wave-protect-france.com\/es\/wp-json\/wp\/v2\/media?parent=11069"}],"wp:term":[{"taxonomy":"product_brand","embeddable":true,"href":"https:\/\/www.wave-protect-france.com\/es\/wp-json\/wp\/v2\/product_brand?post=11069"},{"taxonomy":"product_cat","embeddable":true,"href":"https:\/\/www.wave-protect-france.com\/es\/wp-json\/wp\/v2\/product_cat?post=11069"},{"taxonomy":"product_tag","embeddable":true,"href":"https:\/\/www.wave-protect-france.com\/es\/wp-json\/wp\/v2\/product_tag?post=11069"}],"curies":[{"name":"wp","href":"https:\/\/api.w.org\/{rel}","templated":true}]}}