{"id":11037,"date":"2020-10-09T07:55:31","date_gmt":"2020-10-09T05:55:31","guid":{"rendered":"https:\/\/new-waveprotect.ezway-technology.com\/produit\/pack-universal-pin-clean-water-protect-duo-nutrients-para-la-proteccion-contra-las-ondas-electromagneticas\/"},"modified":"2024-08-27T11:19:37","modified_gmt":"2024-08-27T09:19:37","slug":"pack-universal-pin-agua-limpia-proteger-duo-nutrientes","status":"publish","type":"product","link":"https:\/\/www.wave-protect-france.com\/es\/comercio\/pack-universal-pin-agua-limpia-proteger-duo-nutrientes\/","title":{"rendered":"PACK UNIVERSAL PIN + CLEAN WATER PROTECT + DUO NUTRIENTS PARA LA PROTECCI\u00d3N CONTRA LAS ONDAS ELECTROMAGN\u00c9TICAS"},"content":{"rendered":"<p><em><strong>EL PAQUETE DE PASADORES PROTECTORES UNIVERSALES WP1 + CLEAN WATER PROTECT + DUO NUTRIENTS<\/strong><\/em><\/p>\n<p><strong>La clavija de protecci\u00f3n universal WP1<\/strong><\/p>\n<p>Moldeo por inyecci\u00f3n de termopl\u00e1sticos conforme a las normas ROHS y REACH<\/p>\n<p>Tecnolog\u00eda 100% francesa, patentada y probada por el laboratorio EMITEC<\/p>\n<p><span style=\"color: #0000ff;\"><strong>Tecnolog\u00eda 4G y 5G probada por el laboratorio NEXIO en diciembre de 2020<\/strong><\/span><br \/>\nProducci\u00f3n con certificaci\u00f3n ISO 9001<br \/>\nPeso del pasador : 15gr<br \/>\nEl aparato no se desgasta con un uso normal.<\/p>\n<p><strong>La clavija de protecci\u00f3n universal WP1 puede utilizarse para<\/strong><br \/>\n&#8211; Mejore sus niveles de energ\u00eda diarios (aumente su tasa vibratoria)<br \/>\n&#8211; Mejorar la fuerza muscular<br \/>\n&#8211; Proteger a las personas con electrosensibilidad<br \/>\n&#8211; Reducir el estr\u00e9s y la fatiga<br \/>\n&#8211; Mejora la concentraci\u00f3n y la eficacia en el trabajo<br \/>\n&#8211; Reducir los trastornos del sue\u00f1o<\/p>\n<p>Equipado con un dispositivo cu\u00e1ntico WP1 &#8220;pasivo&#8221;, lo que significa que no tiene efectos secundarios.<br \/>\nAbsorbe las ondas y las transforma en energ\u00eda continua. Puede llevarse en cualquier parte del cuerpo, lo m\u00e1s cerca posible de la piel, con la parte plana contra usted.<br \/>\nPara una eficacia \u00f3ptima, recomendamos una distancia inferior a 10 mm de la piel.<br \/>\nUso 24\/24h excepto en la ducha<br \/>\nNo utilice este producto bajo el agua &#8211; no se preocupe por la transpiraci\u00f3n o la lluvia.<br \/>\nLimpieza del husillo con un pa\u00f1o sin alcohol<\/p>\n<p><b>Proteger el agua limpia<\/b><\/p>\n<p>Fabricado con tejido hipoalerg\u00e9nico conforme a las normas ROHS y REACH<\/p>\n<p>Dispositivo cu\u00e1ntico negativo de protecci\u00f3n contra ondas electromagn\u00e9ticas y de radiofrecuencia.<\/p>\n<p>Producci\u00f3n con certificaci\u00f3n ISO 9001<br \/>\nPeso : 25g<br \/>\nEl aparato no se desgasta con un uso normal.<\/p>\n<p><strong>Este dispositivo se utiliza para<\/strong><br \/>\n&#8211; Mejorar el equilibrio energ\u00e9tico del organismo<br \/>\n&#8211; Reducir la inflamaci\u00f3n<br \/>\n&#8211; Limpia el agua de tu cuerpo<\/p>\n<p>Utilice este producto para sustituir broches &#8211; colgantes &#8211; pulseras de la noche a la ma\u00f1ana.<\/p>\n<p>Asesor al menos una vez a la semana<br \/>\nNo introducir el aparato en agua<br \/>\nLimpie a m\u00e1quina la bolsa extrayendo el dispositivo<\/p>\n<p><strong>El d\u00fao Nutrientes +<\/strong><\/p>\n<p>Fabricado con tejido hipoalerg\u00e9nico y corcho aut\u00e9ntico conforme a las normas ROHS y REACH<br \/>\nProtecci\u00f3n cu\u00e1ntica positiva y negativa contra las ondas electromagn\u00e9ticas y de radiofrecuencia (sistema patentado en Francia)<\/p>\n<p>Producci\u00f3n con certificaci\u00f3n ISO 9001<br \/>\nPeso : 17gr<\/p>\n<p>El aparato no se desgasta con un uso normal.<\/p>\n<p>Los discos DUO NUTRIMENTS se utilizan para<br \/>\n-Mejorar el sabor de los alimentos<br \/>\n-Mejorar el valor nutritivo de los alimentos<br \/>\n-Mejorar la velocidad de vibraci\u00f3n de los alimentos l\u00edquidos y s\u00f3lidos<br \/>\n-Energizante de alimentos l\u00edquidos y s\u00f3lidos<br \/>\n-Mejorar el balance energ\u00e9tico del organismo tras la ingesta de alimentos.<\/p>\n<p>Equipados con dispositivos cu\u00e1nticos &#8220;pasivos&#8221;, limpian el agua contenida en los alimentos y los dinamizan en 2 minutos.<\/p>\n<p>Coloque los alimentos directamente sobre el disco negativo (redondo) durante 1 minuto<br \/>\nRepita esta operaci\u00f3n en el disco positivo (cuadrado) durante 1 minuto.<\/p>\n<p>No introducir los productos en agua<br \/>\nLimpieza con una toallita sin alcohol<\/p>\n<div id=\"gtx-trans\" style=\"position: absolute; left: -10px; top: 527.8px;\">\n<div class=\"gtx-trans-icon\"><\/div>\n<\/div>\n","protected":false},"excerpt":{"rendered":"<p>Descubra <span style=\"font-weight: 400;\">nuestro pack compuesto por una <strong>clavija<\/strong><\/span> <b>de protecci\u00f3n universal WP1 y Clean Water Protect<\/b><b><br \/>\n<\/b>Esta clavija aten\u00faa el efecto de las ondas electromagn\u00e9ticas, proporcion\u00e1ndole una protecci\u00f3n \u00f3ptima, y el kit Duo nutrients + le ayuda a limpiar y dinamizar sus alimentos para un consumo m\u00e1s energ\u00e9tico.<\/p>\n<p>El broche de protecci\u00f3n universal WP1 es discreto y ligero, y su dise\u00f1o <span style=\"font-weight: 400;\">altamente funcional<\/span> permite engancharlo f\u00e1cilmente y llevarlo puesto las 24 horas del d\u00eda. Su delgadez permite utilizarlo tanto en situaciones cotidianas como en actividades deportivas.<\/p>\n<p><strong>Descubra nuestro PROTECTOR DE AGUA LIMPIA<\/strong><br \/>\nEste aparato sirve para depurar el agua contenida en el organismo con el fin de reequilibrar la energ\u00eda y reducir el riesgo de inflamaci\u00f3n al hidratar mejor las c\u00e9lulas.<br \/>\n<strong>Aten\u00faan los efectos de las ondas electromagn\u00e9ticas<\/strong>, proporcion\u00e1ndole una protecci\u00f3n \u00f3ptima.<br \/>\nEste producto se fabrica en nuestros talleres de Francia y se somete a pruebas para ofrecerle la m\u00e1xima comodidad y una protecci\u00f3n \u00f3ptima.<br \/>\n<span style=\"color: #0000ff;\"><strong>Tecnolog\u00eda 4G y 5G probada por el laboratorio NEXIO en diciembre de 2020<\/strong><\/span><\/p>\n<blockquote><p>\n<a class=\"lien_product\" style=\"color: #0038ff;\" href=\"https:\/\/www.wave-protect-france.com\/wp-content\/uploads\/2020\/10\/FICHE-PRODUIT-A4-DUO-NUTRIMENTS-V21.pdf\" target=\"_blank\" rel=\"noopener noreferrer\">Descargar la ficha t\u00e9cnica de Duo Nutriments +<\/a><br \/>\n<a class=\"lien_product\" style=\"color: #0038ff;\" href=\"https:\/\/www.youtube.com\/watch?v=gesxkdbgwjQ\">V\u00cdDEO DE PRESENTACI\u00d3N DEL D\u00daO DE NUTRIENTES<\/a><\/p><\/blockquote>\n<p><img alt=\"\" decoding=\"async\" class=\"alignnone size-full wp-image-2038\" src=\"https:\/\/preprod.wave-protect-france.com\/wp-content\/uploads\/2020\/10\/LOGO-FABRIQUE-EN-FRANCE-WPF-V2-1.png\" alt=\"\" width=\"200\" height=\"113\" \/><\/p>\n","protected":false},"featured_media":12896,"comment_status":"closed","ping_status":"closed","template":"","meta":{"_acf_changed":false,"_seopress_robots_primary_cat":"","_seopress_titles_title":"","_seopress_titles_desc":"%%title%% %%sep%% dispositivo patentado para atenuar las ondas electromagn\u00e9ticas. Tecnolog\u00eda desarrollada en Francia, ordene ahora!","_seopress_robots_index":""},"product_brand":[],"product_cat":[163,175,174],"product_tag":[],"class_list":{"0":"post-11037","1":"product","2":"type-product","3":"status-publish","4":"has-post-thumbnail","6":"product_cat-husillos","7":"product_cat-kit-duo-de-nutrientes","8":"product_cat-proteger-el-agua-limpia","10":"first","11":"instock","12":"shipping-taxable","13":"purchasable","14":"product-type-simple"},"acf":[],"_links":{"self":[{"href":"https:\/\/www.wave-protect-france.com\/es\/wp-json\/wp\/v2\/product\/11037","targetHints":{"allow":["GET"]}}],"collection":[{"href":"https:\/\/www.wave-protect-france.com\/es\/wp-json\/wp\/v2\/product"}],"about":[{"href":"https:\/\/www.wave-protect-france.com\/es\/wp-json\/wp\/v2\/types\/product"}],"replies":[{"embeddable":true,"href":"https:\/\/www.wave-protect-france.com\/es\/wp-json\/wp\/v2\/comments?post=11037"}],"version-history":[{"count":8,"href":"https:\/\/www.wave-protect-france.com\/es\/wp-json\/wp\/v2\/product\/11037\/revisions"}],"predecessor-version":[{"id":22561,"href":"https:\/\/www.wave-protect-france.com\/es\/wp-json\/wp\/v2\/product\/11037\/revisions\/22561"}],"wp:featuredmedia":[{"embeddable":true,"href":"https:\/\/www.wave-protect-france.com\/es\/wp-json\/wp\/v2\/media\/12896"}],"wp:attachment":[{"href":"https:\/\/www.wave-protect-france.com\/es\/wp-json\/wp\/v2\/media?parent=11037"}],"wp:term":[{"taxonomy":"product_brand","embeddable":true,"href":"https:\/\/www.wave-protect-france.com\/es\/wp-json\/wp\/v2\/product_brand?post=11037"},{"taxonomy":"product_cat","embeddable":true,"href":"https:\/\/www.wave-protect-france.com\/es\/wp-json\/wp\/v2\/product_cat?post=11037"},{"taxonomy":"product_tag","embeddable":true,"href":"https:\/\/www.wave-protect-france.com\/es\/wp-json\/wp\/v2\/product_tag?post=11037"}],"curies":[{"name":"wp","href":"https:\/\/api.w.org\/{rel}","templated":true}]}}