{"id":11015,"date":"2021-02-08T11:07:16","date_gmt":"2021-02-08T10:07:16","guid":{"rendered":"https:\/\/new-waveprotect.ezway-technology.com\/produit\/clavija-darkoum-para-proteccion-contra-ondas-electromagneticas\/"},"modified":"2024-08-27T13:45:39","modified_gmt":"2024-08-27T11:45:39","slug":"broche-darkum-para-proteccion-ondas-electromagneticas","status":"publish","type":"product","link":"https:\/\/www.wave-protect-france.com\/es\/comercio\/broche-darkum-para-proteccion-ondas-electromagneticas\/","title":{"rendered":"CLAVIJA DARKOUM PARA PROTECCI\u00d3N CONTRA ONDAS ELECTROMAGN\u00c9TICAS"},"content":{"rendered":"<p><strong> <img alt=\"\" decoding=\"async\" class=\"alignnone wp-image-2259\" src=\"https:\/\/dev.wave-protect-france.com\/wp-content\/uploads\/2021\/02\/Darkoum-logo.png\" alt=\"\" width=\"179\" height=\"163\" srcset=\"https:\/\/www.wave-protect-france.com\/wp-content\/uploads\/2021\/02\/Darkoum-logo.png 2078w, https:\/\/www.wave-protect-france.com\/wp-content\/uploads\/2021\/02\/Darkoum-logo-700x638.png 700w, https:\/\/www.wave-protect-france.com\/wp-content\/uploads\/2021\/02\/Darkoum-logo-300x273.png 300w, https:\/\/www.wave-protect-france.com\/wp-content\/uploads\/2021\/02\/Darkoum-logo-1024x933.png 1024w, https:\/\/www.wave-protect-france.com\/wp-content\/uploads\/2021\/02\/Darkoum-logo-768x700.png 768w, https:\/\/www.wave-protect-france.com\/wp-content\/uploads\/2021\/02\/Darkoum-logo-600x547.png 600w, https:\/\/www.wave-protect-france.com\/wp-content\/uploads\/2021\/02\/Darkoum-logo-1536x1400.png 1536w, https:\/\/www.wave-protect-france.com\/wp-content\/uploads\/2021\/02\/Darkoum-logo-2048x1867.png 2048w, https:\/\/www.wave-protect-france.com\/wp-content\/uploads\/2021\/02\/Darkoum-logo-500x456.png 500w\" sizes=\"(max-width: 179px) 100vw, 179px\" \/><\/strong><\/p>\n<p><span style=\"color: #00ccff;\"><strong>CONVIERTE TU PASI\u00d3N&#8230; EN UN MUNDO DE BIENESTAR<\/strong><\/span><\/p>\n<p>Darkoum , es vis gaming, es mange gaming, es dors gaming&#8230;<\/p>\n<p>He descubierto una tecnolog\u00eda incre\u00edble !!!! que me ha permitido convertirme en uno de los mejores jugadores del mundo.<\/p>\n<p>\u00bfEres adicto a los juegos en l\u00ednea, torneos, competiciones amateur o profesionales (brawl star, Ligue of Legend, Fifa 21, CS-GO, e-sport, etc.)?<\/p>\n<p>&nbsp;<\/p>\n<p>POR QU\u00c9 NO &#8230;.<\/p>\n<p><strong>El cabezal DARKOUM LIFE GAMING con protecci\u00f3n WP1 se utiliza para<\/strong><br \/>\n&#8211; Mejora tu energ\u00eda &#8211; Mejora tu resistencia<br \/>\n&#8211; Reducir el estr\u00e9s y la fatiga &#8211; Mejorar la concentraci\u00f3n y la eficacia &#8211; Mejorar la calidad del sue\u00f1o<\/p>\n<p>&nbsp;<\/p>\n<p>Moldeo por inyecci\u00f3n de termopl\u00e1sticos conforme a las normas ROHS y REACH<\/p>\n<p><strong>Tecnolog\u00eda 100% francesa, patentada y probada por el laboratorio EMITEC<\/strong><\/p>\n<p><strong>Tecnolog\u00eda 4G y 5G probada por el laboratorio NEXIO en diciembre de 2020<\/strong>Producci\u00f3n con certificaci\u00f3n ISO 9001<br \/>\nPeso del pasador : 15gr<br \/>\nEl aparato no se desgasta con un uso normal.<\/p>\n<p>Equipado con un dispositivo cu\u00e1ntico WP1 &#8220;pasivo&#8221;, lo que significa que no tiene efectos secundarios.<br \/>\nAbsorbe las ondas y las transforma en energ\u00eda continua. Puede llevarse en cualquier parte del cuerpo, lo m\u00e1s cerca posible de la piel, con la parte plana contra usted.<br \/>\nPara una eficacia \u00f3ptima, recomendamos una distancia inferior a 10 mm de la piel.<br \/>\nUso 24\/24h excepto en la ducha<br \/>\nNo utilice este producto bajo el agua &#8211; no se preocupe por la transpiraci\u00f3n o la lluvia.<br \/>\nLimpieza del husillo con un pa\u00f1o sin alcohol<\/p>\n<p><span style=\"color: #00ccff;\"><strong>EL ESCUPITAJO DE DARKOUM<\/strong><\/span><\/p>\n<p><span style=\"color: #00ccff;\"><strong>SU PROTECCI\u00d3N PARA EL BIENESTAR Y EL RENDIMIENTO EN EL JUEGO<\/strong><\/span><\/p>\n<p>&nbsp;<\/p>\n<div id=\"gtx-trans\" style=\"position: absolute; left: -10px; top: 527.8px;\">\n<div class=\"gtx-trans-icon\"><\/div>\n<\/div>\n","protected":false},"excerpt":{"rendered":"<p>Descubra <span style=\"font-weight: 400;\">nuestro <strong>pasador<\/strong><\/span> <b>de protecci\u00f3n universal WP1<\/b><b><br \/>\n<\/b>Esta clavija aten\u00faa el efecto de las ondas electromagn\u00e9ticas, ofreci\u00e9ndole una protecci\u00f3n \u00f3ptima.<\/p>\n<p>Discreto y ligero, con su dise\u00f1o <span style=\"font-weight: 400;\">altamente funcional<\/span>, puede engancharlo f\u00e1cilmente y llevarlo todo el d\u00eda sin que le moleste. Su delgadez permite utilizarlo tanto en situaciones cotidianas como en actividades deportivas.<\/p>\n<p><span style=\"color: #0000ff;\"><strong>Tecnolog\u00eda 4G y 5G probada por el laboratorio NEXIO en diciembre de 2020<\/strong><\/span><\/p>\n<p><img alt=\"\" decoding=\"async\" class=\"alignnone size-full wp-image-2038\" src=\"https:\/\/www.wave-protect-france.com\/wp-content\/uploads\/2020\/10\/LOGO-FABRIQUE-EN-FRANCE-WPF-V2-1.png\" alt=\"\" width=\"200\" height=\"113\" \/><\/p>\n","protected":false},"featured_media":12356,"comment_status":"closed","ping_status":"closed","template":"","meta":{"_acf_changed":false,"_seopress_robots_primary_cat":"","_seopress_titles_title":"","_seopress_titles_desc":"%%title%% %%sep%% dispositivo patentado para atenuar las ondas electromagn\u00e9ticas. Tecnolog\u00eda desarrollada en Francia, \u00a1p\u00eddalo ya!","_seopress_robots_index":""},"product_brand":[],"product_cat":[163],"product_tag":[],"class_list":{"0":"post-11015","1":"product","2":"type-product","3":"status-publish","4":"has-post-thumbnail","6":"product_cat-husillos","8":"first","9":"instock","10":"shipping-taxable","11":"purchasable","12":"product-type-simple"},"acf":[],"_links":{"self":[{"href":"https:\/\/www.wave-protect-france.com\/es\/wp-json\/wp\/v2\/product\/11015","targetHints":{"allow":["GET"]}}],"collection":[{"href":"https:\/\/www.wave-protect-france.com\/es\/wp-json\/wp\/v2\/product"}],"about":[{"href":"https:\/\/www.wave-protect-france.com\/es\/wp-json\/wp\/v2\/types\/product"}],"replies":[{"embeddable":true,"href":"https:\/\/www.wave-protect-france.com\/es\/wp-json\/wp\/v2\/comments?post=11015"}],"version-history":[{"count":4,"href":"https:\/\/www.wave-protect-france.com\/es\/wp-json\/wp\/v2\/product\/11015\/revisions"}],"predecessor-version":[{"id":22642,"href":"https:\/\/www.wave-protect-france.com\/es\/wp-json\/wp\/v2\/product\/11015\/revisions\/22642"}],"wp:featuredmedia":[{"embeddable":true,"href":"https:\/\/www.wave-protect-france.com\/es\/wp-json\/wp\/v2\/media\/12356"}],"wp:attachment":[{"href":"https:\/\/www.wave-protect-france.com\/es\/wp-json\/wp\/v2\/media?parent=11015"}],"wp:term":[{"taxonomy":"product_brand","embeddable":true,"href":"https:\/\/www.wave-protect-france.com\/es\/wp-json\/wp\/v2\/product_brand?post=11015"},{"taxonomy":"product_cat","embeddable":true,"href":"https:\/\/www.wave-protect-france.com\/es\/wp-json\/wp\/v2\/product_cat?post=11015"},{"taxonomy":"product_tag","embeddable":true,"href":"https:\/\/www.wave-protect-france.com\/es\/wp-json\/wp\/v2\/product_tag?post=11015"}],"curies":[{"name":"wp","href":"https:\/\/api.w.org\/{rel}","templated":true}]}}