{"id":10988,"date":"2023-02-06T09:12:08","date_gmt":"2023-02-06T08:12:08","guid":{"rendered":"https:\/\/new-waveprotect.ezway-technology.com\/produit\/broche-de-bailarina-rosa-para-la-proteccion-contra-las-ondas-electromagneticas\/"},"modified":"2024-09-09T12:10:11","modified_gmt":"2024-09-09T10:10:11","slug":"broche-bailarina-rosa-para-proteccion-ondas-electromagneticas","status":"publish","type":"product","link":"https:\/\/www.wave-protect-france.com\/es\/comercio\/broche-bailarina-rosa-para-proteccion-ondas-electromagneticas\/","title":{"rendered":"BROCHE DE BAILARINA ROSA PARA LA PROTECCI\u00d3N CONTRA LAS ONDAS ELECTROMAGN\u00c9TICAS"},"content":{"rendered":"<p>Moldeo por inyecci&oacute;n de termopl&aacute;sticos conforme a las normas ROHS y REACH<\/p>\n<p>Tecnolog&iacute;a 100% francesa, patentada y probada por el laboratorio EMITEC<\/p>\n<p><span style=\"color: #0000ff;\"><strong>Tecnolog&iacute;a 4G y 5G probada por el laboratorio NEXIO en diciembre de 2020<\/strong><\/span><br \/>Producci&oacute;n con certificaci&oacute;n ISO 9001<br \/>Peso del pasador : 15gr<br \/>El aparato no se desgasta con un uso normal.<\/p>\n<p><strong>El broche rosa de protecci&oacute;n Bailarina WP1 puede utilizarse para<\/strong><br \/>&#8211; Mejore sus niveles de energ&iacute;a diarios (aumente su tasa vibratoria)<br \/>&#8211; Mejorar la fuerza muscular<br \/>&#8211; Proteger a las personas con electrosensibilidad<br \/>&#8211; Reducir el estr&eacute;s y la fatiga<br \/>&#8211; Mejora la concentraci&oacute;n y la eficacia en el trabajo<br \/>&#8211; Reducir los trastornos del sue&ntilde;o<\/p>\n<p>Equipado con un dispositivo cu&aacute;ntico WP1 &quot;pasivo&quot;, lo que significa que no tiene efectos secundarios.<br \/>Absorbe las ondas y las transforma en energ&iacute;a continua. Puede llevarse en cualquier parte del cuerpo, lo m&aacute;s cerca posible de la piel, con la parte plana contra usted.<br \/>Para una eficacia &oacute;ptima, recomendamos una distancia inferior a 10 mm de la piel.<br \/>Uso 24\/24h excepto en la ducha<br \/>No utilice este producto bajo el agua &#8211; no se preocupe por la transpiraci&oacute;n o la lluvia.<br \/>Limpieza del husillo con un pa&ntilde;o sin alcohol<\/p>\n","protected":false},"excerpt":{"rendered":"<p>Descubra <span style=\"font-weight: 400;\">nuestra <strong>brocherose<\/strong><\/span> <b>Bailarina de protecci\u00f3n universal WP1<\/b><b><br \/>\n<\/b>Esta clavija aten\u00faa el efecto de las ondas electromagn\u00e9ticas, ofreci\u00e9ndole una protecci\u00f3n \u00f3ptima.<\/p>\n<p>Discreto y ligero, con su dise\u00f1o <span style=\"font-weight: 400;\">altamente funcional<\/span>, puede engancharlo f\u00e1cilmente y llevarlo todo el d\u00eda sin que le moleste. Su delgadez permite utilizarlo tanto en situaciones cotidianas como en actividades deportivas.<\/p>\n<p><span style=\"color: #0000ff;\"><strong>Tecnolog\u00eda 4G y 5G probada por el laboratorio NEXIO en diciembre de 2020<\/strong><\/span><\/p>\n<p><img alt=\"\" decoding=\"async\" class=\"alignnone size-full wp-image-2038\" src=\"https:\/\/preprod.wave-protect-france.com\/wp-content\/uploads\/2020\/10\/LOGO-FABRIQUE-EN-FRANCE-WPF-V2-1.png\" alt=\"\" width=\"200\" height=\"113\" \/><\/p>\n","protected":false},"featured_media":12396,"comment_status":"closed","ping_status":"closed","template":"","meta":{"_acf_changed":false,"_seopress_robots_primary_cat":"","_seopress_titles_title":"","_seopress_titles_desc":"%%title%% %%sep%% dispositivo patentado para atenuar las ondas electromagn\u00e9ticas. Tecnolog\u00eda desarrollada en Francia, ordene ahora!","_seopress_robots_index":""},"product_brand":[],"product_cat":[163],"product_tag":[],"class_list":{"0":"post-10988","1":"product","2":"type-product","3":"status-publish","4":"has-post-thumbnail","6":"product_cat-husillos","8":"first","9":"instock","10":"shipping-taxable","11":"purchasable","12":"product-type-simple"},"acf":[],"_links":{"self":[{"href":"https:\/\/www.wave-protect-france.com\/es\/wp-json\/wp\/v2\/product\/10988","targetHints":{"allow":["GET"]}}],"collection":[{"href":"https:\/\/www.wave-protect-france.com\/es\/wp-json\/wp\/v2\/product"}],"about":[{"href":"https:\/\/www.wave-protect-france.com\/es\/wp-json\/wp\/v2\/types\/product"}],"replies":[{"embeddable":true,"href":"https:\/\/www.wave-protect-france.com\/es\/wp-json\/wp\/v2\/comments?post=10988"}],"version-history":[{"count":6,"href":"https:\/\/www.wave-protect-france.com\/es\/wp-json\/wp\/v2\/product\/10988\/revisions"}],"predecessor-version":[{"id":23205,"href":"https:\/\/www.wave-protect-france.com\/es\/wp-json\/wp\/v2\/product\/10988\/revisions\/23205"}],"wp:featuredmedia":[{"embeddable":true,"href":"https:\/\/www.wave-protect-france.com\/es\/wp-json\/wp\/v2\/media\/12396"}],"wp:attachment":[{"href":"https:\/\/www.wave-protect-france.com\/es\/wp-json\/wp\/v2\/media?parent=10988"}],"wp:term":[{"taxonomy":"product_brand","embeddable":true,"href":"https:\/\/www.wave-protect-france.com\/es\/wp-json\/wp\/v2\/product_brand?post=10988"},{"taxonomy":"product_cat","embeddable":true,"href":"https:\/\/www.wave-protect-france.com\/es\/wp-json\/wp\/v2\/product_cat?post=10988"},{"taxonomy":"product_tag","embeddable":true,"href":"https:\/\/www.wave-protect-france.com\/es\/wp-json\/wp\/v2\/product_tag?post=10988"}],"curies":[{"name":"wp","href":"https:\/\/api.w.org\/{rel}","templated":true}]}}