{"id":11719,"date":"2023-08-11T16:23:19","date_gmt":"2023-08-11T14:23:19","guid":{"rendered":"https:\/\/new-waveprotect.ezway-technology.com\/noticias\/"},"modified":"2025-05-28T10:39:11","modified_gmt":"2025-05-28T08:39:11","slug":"noticias","status":"publish","type":"page","link":"https:\/\/www.wave-protect-france.com\/es\/noticias\/","title":{"rendered":"Noticias"},"content":{"rendered":"\t\t<div data-elementor-type=\"wp-page\" data-elementor-id=\"11719\" class=\"elementor elementor-11719 elementor-11687\" data-elementor-post-type=\"page\">\n\t\t\t\t\t\t<section class=\"elementor-section elementor-top-section elementor-element elementor-element-80863e3 elementor-section-full_width elementor-section-height-default elementor-section-height-default\" data-id=\"80863e3\" data-element_type=\"section\">\n\t\t\t\t\t\t<div class=\"elementor-container elementor-column-gap-default\">\n\t\t\t\t\t<div class=\"elementor-column elementor-col-100 elementor-top-column elementor-element elementor-element-bbc355f\" data-id=\"bbc355f\" data-element_type=\"column\">\n\t\t\t<div class=\"elementor-widget-wrap elementor-element-populated\">\n\t\t\t\t\t\t<section class=\"elementor-section elementor-inner-section elementor-element elementor-element-01c5ede elementor-section-boxed elementor-section-height-default elementor-section-height-default\" data-id=\"01c5ede\" data-element_type=\"section\">\n\t\t\t\t\t\t<div class=\"elementor-container elementor-column-gap-default\">\n\t\t\t\t\t<div class=\"elementor-column elementor-col-100 elementor-inner-column elementor-element elementor-element-92d3b7f\" data-id=\"92d3b7f\" data-element_type=\"column\">\n\t\t\t<div class=\"elementor-widget-wrap elementor-element-populated\">\n\t\t\t\t\t\t<div class=\"elementor-element elementor-element-08e3e0e elementor-widget elementor-widget-heading\" data-id=\"08e3e0e\" data-element_type=\"widget\" data-widget_type=\"heading.default\">\n\t\t\t\t<div class=\"elementor-widget-container\">\n\t\t\t\t\t<h2 class=\"elementor-heading-title elementor-size-default\">Noticias<\/h2>\t\t\t\t<\/div>\n\t\t\t\t<\/div>\n\t\t\t\t\t<\/div>\n\t\t<\/div>\n\t\t\t\t\t<\/div>\n\t\t<\/section>\n\t\t\t\t\t<\/div>\n\t\t<\/div>\n\t\t\t\t\t<\/div>\n\t\t<\/section>\n\t\t\t\t<section class=\"elementor-section elementor-inner-section elementor-element elementor-element-77d8db elementor-section-boxed elementor-section-height-default elementor-section-height-default\" data-id=\"77d8db\" data-element_type=\"section\">\n\t\t\t\t\t\t<div class=\"elementor-container elementor-column-gap-default\">\n\t\t\t\t\t<div class=\"elementor-column elementor-col-100 elementor-inner-column elementor-element elementor-element-67e02eab\" data-id=\"67e02eab\" data-element_type=\"column\">\n\t\t\t<div class=\"elementor-widget-wrap elementor-element-populated\">\n\t\t\t\t\t\t<div class=\"elementor-element elementor-element-73274bc4 elementor-widget elementor-widget-uael-posts\" data-id=\"73274bc4\" data-element_type=\"widget\" data-settings=\"{&quot;card_slides_to_show&quot;:3,&quot;card_slides_to_show_tablet&quot;:2,&quot;card_slides_to_show_mobile&quot;:1,&quot;card_show_filters&quot;:&quot;no&quot;}\" data-widget_type=\"uael-posts.card\">\n\t\t\t\t<div class=\"elementor-widget-container\">\n\t\t\t\t\t\t\t<div class=\"uael-post__header\">\n\t\t\t\t\t<\/div>\n\t\t<div class=\"uael-post__body\">\n\t\t\t\n\t\t\n\t\t<div class=\"uael-post-grid uael-posts\" data-query-type=\"custom\" data-structure=\"normal\" data-layout=\"\" data-page=\"11719\" data-skin=\"card\" data-filter-default=\"\" data-offset-top=\"30\" >\n\n\t\t\t\t\t\t\t<div class=\"uael-post-grid__inner uael-post__columns-3 uael-post__columns-tablet-2 uael-post__columns-mobile-1\">\n\t\t\t\n<div class=\"uael-post-wrapper   noticias \">\n\t<div class=\"uael-post__bg-wrap\">\n\n\t\t\t\t\n\t\t<div class=\"uael-post__inner-wrap \">\n\n\t\t\t\t<div class=\"uael-post__thumbnail\">\n\t\t\t\n\t\t\t<a href=\"https:\/\/www.wave-protect-france.com\/es\/pulseras-antirradiacion-por-que-y-como-elegir-la-mejor-proteccion-contra-ondas-electromagneticas\/\" target=\"_self\" title=\"Pulseras Antirradiaci\u00f3n: \u00bfPor qu\u00e9 y c\u00f3mo elegir la mejor protecci\u00f3n contra ondas electromagn\u00e9ticas?\"><img fetchpriority=\"high\" decoding=\"async\" width=\"2048\" height=\"1430\" src=\"https:\/\/www.wave-protect-france.com\/wp-content\/uploads\/2025\/05\/bracelet-2048x1430-1.webp\" class=\"attachment-full size-full wp-image-25414\" alt=\"Bracelets Anti-Ondes\" srcset=\"https:\/\/www.wave-protect-france.com\/wp-content\/uploads\/2025\/05\/bracelet-2048x1430-1.webp 2048w, https:\/\/www.wave-protect-france.com\/wp-content\/uploads\/2025\/05\/bracelet-2048x1430-1-300x209.webp 300w, https:\/\/www.wave-protect-france.com\/wp-content\/uploads\/2025\/05\/bracelet-2048x1430-1-1024x715.webp 1024w, https:\/\/www.wave-protect-france.com\/wp-content\/uploads\/2025\/05\/bracelet-2048x1430-1-150x105.webp 150w, https:\/\/www.wave-protect-france.com\/wp-content\/uploads\/2025\/05\/bracelet-2048x1430-1-768x536.webp 768w, https:\/\/www.wave-protect-france.com\/wp-content\/uploads\/2025\/05\/bracelet-2048x1430-1-600x419.webp 600w, https:\/\/www.wave-protect-france.com\/wp-content\/uploads\/2025\/05\/bracelet-2048x1430-1-1536x1073.webp 1536w, https:\/\/www.wave-protect-france.com\/wp-content\/uploads\/2025\/05\/bracelet-2048x1430-1-1320x922.webp 1320w, https:\/\/www.wave-protect-france.com\/wp-content\/uploads\/2025\/05\/bracelet-2048x1430-1-700x489.webp 700w\" sizes=\"(max-width: 2048px) 100vw, 2048px\" \/><\/a>\n\t\t\t\t\t<\/div>\n\t\t\n\t\t\t\n\t\t\t<div class=\"uael-post__content-wrap\">\n\n\t\t\t\t\t<h4 class=\"uael-post__title\">\n\n\t\t\n\t\t\t\t\t\t<a href=\"https:\/\/www.wave-protect-france.com\/es\/pulseras-antirradiacion-por-que-y-como-elegir-la-mejor-proteccion-contra-ondas-electromagneticas\/\" target=\"_self\">\n\t\t\t\tPulseras Antirradiaci\u00f3n: \u00bfPor qu\u00e9 y c\u00f3mo elegir la mejor protecci\u00f3n contra ondas electromagn\u00e9ticas?\t\t\t<\/a>\n\n\t\t\t\t<\/h4>\n\t\t\t\t\t<div class=\"uael-post__meta-data\">\n\t\t\t\t\t<span class=\"uael-post__comments\">\n\t\t\t\t\t\t\t\t\t\t\t\t<i aria-hidden=\"true\" class=\"fa fa-comments\"><\/i>\t\t\t\t\t\t\t\t\t\tNo Comments\t\t<\/span>\n\t\t\t\t<\/div>\n\t\t<div class=\"uael-post__separator\"><\/div>\n\t\t<div class=\"uael-post__excerpt\">\n\t\t\tVivimos rodeados de ondas electromagn\u00e9ticas emitidas por los tel\u00e9fonos m\u00f3viles, Wi-Fi, torres de telefon\u00eda m\u00f3vil, 5G y dispositivos conectados. Invisibles y omnipresentes, ellos est\u00e1n generando ...\t\t<\/div>\n\n\t\t\t\t\t<a class=\"uael-post__read-more elementor-button\" href=\"https:\/\/www.wave-protect-france.com\/es\/pulseras-antirradiacion-por-que-y-como-elegir-la-mejor-proteccion-contra-ondas-electromagneticas\/\" target=\"_self\" aria-labelledby=\"uael-post-25459\">\n\t\t\t\t\t<span class=\"elementor-button-content-wrapper\">\n\t\t\t\t\t\t\t\t\t\t\t\t\t\t<span class=\"elementor-button-icon elementor-align-icon-left\">\n\n\t\t\t\t\t\t\t\t\t\n\t\t\t\t\t\t\t\t<\/span>\n\t\t\t\t\t\t\t\t\t\t\t\t\t\n\t\t\t\t\t\t<span class=\"elementor-button-text\" id=uael-post-25459>Lire la suite<\/span>\n\t\t\t\t\t<\/span>\n\t\t\t\t<\/a>\n\t\t\t\t\t\t<\/div>\n\t\t\t\n\t\t<\/div>\n\t\t\n\t<\/div>\n\n<\/div>\n\n<div class=\"uael-post-wrapper   noticias \">\n\t<div class=\"uael-post__bg-wrap\">\n\n\t\t\t\t\n\t\t<div class=\"uael-post__inner-wrap \">\n\n\t\t\t\t<div class=\"uael-post__thumbnail\">\n\t\t\t\n\t\t\t<a href=\"https:\/\/www.wave-protect-france.com\/es\/la-coleccion-quai-54-y-una-ropa-deportiva\/\" target=\"_self\" title=\"La colecci\u00f3n Quai 54 y una ropa deportiva.\"><img alt=\"\" decoding=\"async\" width=\"1380\" height=\"780\" src=\"https:\/\/www.wave-protect-france.com\/wp-content\/uploads\/2021\/08\/Post_11-1.jpg\" class=\"attachment-full size-full wp-image-10165\" alt=\"\" srcset=\"https:\/\/www.wave-protect-france.com\/wp-content\/uploads\/2021\/08\/Post_11-1.jpg 1380w, https:\/\/www.wave-protect-france.com\/wp-content\/uploads\/2021\/08\/Post_11-1-700x396.jpg 700w\" sizes=\"(max-width: 1380px) 100vw, 1380px\" \/><\/a>\n\t\t\t\t\t<\/div>\n\t\t\n\t\t\t\n\t\t\t<div class=\"uael-post__content-wrap\">\n\n\t\t\t\t\t<h4 class=\"uael-post__title\">\n\n\t\t\n\t\t\t\t\t\t<a href=\"https:\/\/www.wave-protect-france.com\/es\/la-coleccion-quai-54-y-una-ropa-deportiva\/\" target=\"_self\">\n\t\t\t\tLa colecci\u00f3n Quai 54 y una ropa deportiva.\t\t\t<\/a>\n\n\t\t\t\t<\/h4>\n\t\t\t\t\t<div class=\"uael-post__meta-data\">\n\t\t\t\t\t<span class=\"uael-post__comments\">\n\t\t\t\t\t\t\t\t\t\t\t\t<i aria-hidden=\"true\" class=\"fa fa-comments\"><\/i>\t\t\t\t\t\t\t\t\t\tNo Comments\t\t<\/span>\n\t\t\t\t<\/div>\n\t\t<div class=\"uael-post__separator\"><\/div>\n\t\t<div class=\"uael-post__excerpt\">\n\t\t\tLa combinaci\u00f3n de blanco, rosa explosivo, naranja total y carmes\u00ed brillante marcar\u00e1 la presencia de Nike en Tokio a trav\u00e9s de productos seleccionados de rendimiento ...\t\t<\/div>\n\n\t\t\t\t\t<a class=\"uael-post__read-more elementor-button\" href=\"https:\/\/www.wave-protect-france.com\/es\/la-coleccion-quai-54-y-una-ropa-deportiva\/\" target=\"_self\" aria-labelledby=\"uael-post-11751\">\n\t\t\t\t\t<span class=\"elementor-button-content-wrapper\">\n\t\t\t\t\t\t\t\t\t\t\t\t\t\t<span class=\"elementor-button-icon elementor-align-icon-left\">\n\n\t\t\t\t\t\t\t\t\t\n\t\t\t\t\t\t\t\t<\/span>\n\t\t\t\t\t\t\t\t\t\t\t\t\t\n\t\t\t\t\t\t<span class=\"elementor-button-text\" id=uael-post-11751>Lire la suite<\/span>\n\t\t\t\t\t<\/span>\n\t\t\t\t<\/a>\n\t\t\t\t\t\t<\/div>\n\t\t\t\n\t\t<\/div>\n\t\t\n\t<\/div>\n\n<\/div>\n\n<div class=\"uael-post-wrapper   noticias \">\n\t<div class=\"uael-post__bg-wrap\">\n\n\t\t\t\t\n\t\t<div class=\"uael-post__inner-wrap \">\n\n\t\t\t\t<div class=\"uael-post__thumbnail\">\n\t\t\t\n\t\t\t<a href=\"https:\/\/www.wave-protect-france.com\/es\/con-el-monopatin-rumbo-al-diseno-de-tokio\/\" target=\"_self\" title=\"Con el monopat\u00edn rumbo al dise\u00f1o de Tokio\"><img alt=\"\" decoding=\"async\" width=\"1380\" height=\"780\" src=\"https:\/\/www.wave-protect-france.com\/wp-content\/uploads\/2021\/08\/Post_10-1.jpg\" class=\"attachment-full size-full wp-image-10164\" alt=\"\" srcset=\"https:\/\/www.wave-protect-france.com\/wp-content\/uploads\/2021\/08\/Post_10-1.jpg 1380w, https:\/\/www.wave-protect-france.com\/wp-content\/uploads\/2021\/08\/Post_10-1-700x396.jpg 700w\" sizes=\"(max-width: 1380px) 100vw, 1380px\" \/><\/a>\n\t\t\t\t\t<\/div>\n\t\t\n\t\t\t\n\t\t\t<div class=\"uael-post__content-wrap\">\n\n\t\t\t\t\t<h4 class=\"uael-post__title\">\n\n\t\t\n\t\t\t\t\t\t<a href=\"https:\/\/www.wave-protect-france.com\/es\/con-el-monopatin-rumbo-al-diseno-de-tokio\/\" target=\"_self\">\n\t\t\t\tCon el monopat\u00edn rumbo al dise\u00f1o de Tokio\t\t\t<\/a>\n\n\t\t\t\t<\/h4>\n\t\t\t\t\t<div class=\"uael-post__meta-data\">\n\t\t\t\t\t<span class=\"uael-post__comments\">\n\t\t\t\t\t\t\t\t\t\t\t\t<i aria-hidden=\"true\" class=\"fa fa-comments\"><\/i>\t\t\t\t\t\t\t\t\t\tNo Comments\t\t<\/span>\n\t\t\t\t<\/div>\n\t\t<div class=\"uael-post__separator\"><\/div>\n\t\t<div class=\"uael-post__excerpt\">\n\t\t\tLa colecci\u00f3n Quai 54 y una colecci\u00f3n de ropa deportiva basada en la entonces camiseta de la selecci\u00f3n nacional sujetan dos de los grandes espacios ...\t\t<\/div>\n\n\t\t\t\t\t<a class=\"uael-post__read-more elementor-button\" href=\"https:\/\/www.wave-protect-france.com\/es\/con-el-monopatin-rumbo-al-diseno-de-tokio\/\" target=\"_self\" aria-labelledby=\"uael-post-11753\">\n\t\t\t\t\t<span class=\"elementor-button-content-wrapper\">\n\t\t\t\t\t\t\t\t\t\t\t\t\t\t<span class=\"elementor-button-icon elementor-align-icon-left\">\n\n\t\t\t\t\t\t\t\t\t\n\t\t\t\t\t\t\t\t<\/span>\n\t\t\t\t\t\t\t\t\t\t\t\t\t\n\t\t\t\t\t\t<span class=\"elementor-button-text\" id=uael-post-11753>Lire la suite<\/span>\n\t\t\t\t\t<\/span>\n\t\t\t\t<\/a>\n\t\t\t\t\t\t<\/div>\n\t\t\t\n\t\t<\/div>\n\t\t\n\t<\/div>\n\n<\/div>\n\n<div class=\"uael-post-wrapper   noticias \">\n\t<div class=\"uael-post__bg-wrap\">\n\n\t\t\t\t\n\t\t<div class=\"uael-post__inner-wrap \">\n\n\t\t\t\t<div class=\"uael-post__thumbnail\">\n\t\t\t\n\t\t\t<a href=\"https:\/\/www.wave-protect-france.com\/es\/la-zapatilla-que-siempre-quisimos-hacer\/\" target=\"_self\" title=\"LA ZAPATILLA QUE SIEMPRE QUISIMOS HACER\"><img alt=\"\" loading=\"lazy\" decoding=\"async\" width=\"1380\" height=\"780\" src=\"https:\/\/www.wave-protect-france.com\/wp-content\/uploads\/2021\/08\/Post_8-1.jpg\" class=\"attachment-full size-full wp-image-10162\" alt=\"\" srcset=\"https:\/\/www.wave-protect-france.com\/wp-content\/uploads\/2021\/08\/Post_8-1.jpg 1380w, https:\/\/www.wave-protect-france.com\/wp-content\/uploads\/2021\/08\/Post_8-1-700x396.jpg 700w\" sizes=\"(max-width: 1380px) 100vw, 1380px\" \/><\/a>\n\t\t\t\t\t<\/div>\n\t\t\n\t\t\t\n\t\t\t<div class=\"uael-post__content-wrap\">\n\n\t\t\t\t\t<h4 class=\"uael-post__title\">\n\n\t\t\n\t\t\t\t\t\t<a href=\"https:\/\/www.wave-protect-france.com\/es\/la-zapatilla-que-siempre-quisimos-hacer\/\" target=\"_self\">\n\t\t\t\tLA ZAPATILLA QUE SIEMPRE QUISIMOS HACER\t\t\t<\/a>\n\n\t\t\t\t<\/h4>\n\t\t\t\t\t<div class=\"uael-post__meta-data\">\n\t\t\t\t\t<span class=\"uael-post__comments\">\n\t\t\t\t\t\t\t\t\t\t\t\t<i aria-hidden=\"true\" class=\"fa fa-comments\"><\/i>\t\t\t\t\t\t\t\t\t\tNo Comments\t\t<\/span>\n\t\t\t\t<\/div>\n\t\t<div class=\"uael-post__separator\"><\/div>\n\t\t<div class=\"uael-post__excerpt\">\n\t\t\tInspirada en las zapatillas con las que crecimos en los 90, Kanetyk combina un aire retro con los detalles n\u00f3rdicos personalizados que han llegado a ...\t\t<\/div>\n\n\t\t\t\t\t<a class=\"uael-post__read-more elementor-button\" href=\"https:\/\/www.wave-protect-france.com\/es\/la-zapatilla-que-siempre-quisimos-hacer\/\" target=\"_self\" aria-labelledby=\"uael-post-11755\">\n\t\t\t\t\t<span class=\"elementor-button-content-wrapper\">\n\t\t\t\t\t\t\t\t\t\t\t\t\t\t<span class=\"elementor-button-icon elementor-align-icon-left\">\n\n\t\t\t\t\t\t\t\t\t\n\t\t\t\t\t\t\t\t<\/span>\n\t\t\t\t\t\t\t\t\t\t\t\t\t\n\t\t\t\t\t\t<span class=\"elementor-button-text\" id=uael-post-11755>Lire la suite<\/span>\n\t\t\t\t\t<\/span>\n\t\t\t\t<\/a>\n\t\t\t\t\t\t<\/div>\n\t\t\t\n\t\t<\/div>\n\t\t\n\t<\/div>\n\n<\/div>\n\n<div class=\"uael-post-wrapper   noticias \">\n\t<div class=\"uael-post__bg-wrap\">\n\n\t\t\t\t\n\t\t<div class=\"uael-post__inner-wrap \">\n\n\t\t\t\t<div class=\"uael-post__thumbnail\">\n\t\t\t\n\t\t\t<a href=\"https:\/\/www.wave-protect-france.com\/es\/xstore-rawdacious-colorway-celebra\/\" target=\"_self\" title=\"XStore Rawdacious Colorway Celebra\"><img alt=\"\" loading=\"lazy\" decoding=\"async\" width=\"1380\" height=\"780\" src=\"https:\/\/www.wave-protect-france.com\/wp-content\/uploads\/2021\/08\/Post_9-1.jpg\" class=\"attachment-full size-full wp-image-10163\" alt=\"\" srcset=\"https:\/\/www.wave-protect-france.com\/wp-content\/uploads\/2021\/08\/Post_9-1.jpg 1380w, https:\/\/www.wave-protect-france.com\/wp-content\/uploads\/2021\/08\/Post_9-1-700x396.jpg 700w\" sizes=\"(max-width: 1380px) 100vw, 1380px\" \/><\/a>\n\t\t\t\t\t<\/div>\n\t\t\n\t\t\t\n\t\t\t<div class=\"uael-post__content-wrap\">\n\n\t\t\t\t\t<h4 class=\"uael-post__title\">\n\n\t\t\n\t\t\t\t\t\t<a href=\"https:\/\/www.wave-protect-france.com\/es\/xstore-rawdacious-colorway-celebra\/\" target=\"_self\">\n\t\t\t\tXStore Rawdacious Colorway Celebra\t\t\t<\/a>\n\n\t\t\t\t<\/h4>\n\t\t\t\t\t<div class=\"uael-post__meta-data\">\n\t\t\t\t\t<span class=\"uael-post__comments\">\n\t\t\t\t\t\t\t\t\t\t\t\t<i aria-hidden=\"true\" class=\"fa fa-comments\"><\/i>\t\t\t\t\t\t\t\t\t\tNo Comments\t\t<\/span>\n\t\t\t\t<\/div>\n\t\t<div class=\"uael-post__separator\"><\/div>\n\t\t<div class=\"uael-post__excerpt\">\n\t\t\tLas equipaciones de los clubes Nike dan la bienvenida a las nuevas generaciones de aficionados uniendo la inspiraci\u00f3n local y el dise\u00f1o circular. La camiseta ...\t\t<\/div>\n\n\t\t\t\t\t<a class=\"uael-post__read-more elementor-button\" href=\"https:\/\/www.wave-protect-france.com\/es\/xstore-rawdacious-colorway-celebra\/\" target=\"_self\" aria-labelledby=\"uael-post-11763\">\n\t\t\t\t\t<span class=\"elementor-button-content-wrapper\">\n\t\t\t\t\t\t\t\t\t\t\t\t\t\t<span class=\"elementor-button-icon elementor-align-icon-left\">\n\n\t\t\t\t\t\t\t\t\t\n\t\t\t\t\t\t\t\t<\/span>\n\t\t\t\t\t\t\t\t\t\t\t\t\t\n\t\t\t\t\t\t<span class=\"elementor-button-text\" id=uael-post-11763>Lire la suite<\/span>\n\t\t\t\t\t<\/span>\n\t\t\t\t<\/a>\n\t\t\t\t\t\t<\/div>\n\t\t\t\n\t\t<\/div>\n\t\t\n\t<\/div>\n\n<\/div>\n\n<div class=\"uael-post-wrapper   noticias \">\n\t<div class=\"uael-post__bg-wrap\">\n\n\t\t\t\t\n\t\t<div class=\"uael-post__inner-wrap \">\n\n\t\t\t\t<div class=\"uael-post__thumbnail\">\n\t\t\t\n\t\t\t<a href=\"https:\/\/www.wave-protect-france.com\/es\/las-rayas-de-antano-reviven-en-el-atletico\/\" target=\"_self\" title=\"Las rayas de anta\u00f1o reviven en el Atl\u00e9tico\"><img alt=\"\" loading=\"lazy\" decoding=\"async\" width=\"1380\" height=\"780\" src=\"https:\/\/www.wave-protect-france.com\/wp-content\/uploads\/2021\/08\/Post_7-1.jpg\" class=\"attachment-full size-full wp-image-10161\" alt=\"\" srcset=\"https:\/\/www.wave-protect-france.com\/wp-content\/uploads\/2021\/08\/Post_7-1.jpg 1380w, https:\/\/www.wave-protect-france.com\/wp-content\/uploads\/2021\/08\/Post_7-1-700x396.jpg 700w\" sizes=\"(max-width: 1380px) 100vw, 1380px\" \/><\/a>\n\t\t\t\t\t<\/div>\n\t\t\n\t\t\t\n\t\t\t<div class=\"uael-post__content-wrap\">\n\n\t\t\t\t\t<h4 class=\"uael-post__title\">\n\n\t\t\n\t\t\t\t\t\t<a href=\"https:\/\/www.wave-protect-france.com\/es\/las-rayas-de-antano-reviven-en-el-atletico\/\" target=\"_self\">\n\t\t\t\tLas rayas de anta\u00f1o reviven en el Atl\u00e9tico\t\t\t<\/a>\n\n\t\t\t\t<\/h4>\n\t\t\t\t\t<div class=\"uael-post__meta-data\">\n\t\t\t\t\t<span class=\"uael-post__comments\">\n\t\t\t\t\t\t\t\t\t\t\t\t<i aria-hidden=\"true\" class=\"fa fa-comments\"><\/i>\t\t\t\t\t\t\t\t\t\tNo Comments\t\t<\/span>\n\t\t\t\t<\/div>\n\t\t<div class=\"uael-post__separator\"><\/div>\n\t\t<div class=\"uael-post__excerpt\">\n\t\t\tContinuando con los Giants de San Francisco, las Nike MLB City Connect Series se ampliar\u00e1n a siete clubes a lo largo de la temporada 2021. ...\t\t<\/div>\n\n\t\t\t\t\t<a class=\"uael-post__read-more elementor-button\" href=\"https:\/\/www.wave-protect-france.com\/es\/las-rayas-de-antano-reviven-en-el-atletico\/\" target=\"_self\" aria-labelledby=\"uael-post-11765\">\n\t\t\t\t\t<span class=\"elementor-button-content-wrapper\">\n\t\t\t\t\t\t\t\t\t\t\t\t\t\t<span class=\"elementor-button-icon elementor-align-icon-left\">\n\n\t\t\t\t\t\t\t\t\t\n\t\t\t\t\t\t\t\t<\/span>\n\t\t\t\t\t\t\t\t\t\t\t\t\t\n\t\t\t\t\t\t<span class=\"elementor-button-text\" id=uael-post-11765>Lire la suite<\/span>\n\t\t\t\t\t<\/span>\n\t\t\t\t<\/a>\n\t\t\t\t\t\t<\/div>\n\t\t\t\n\t\t<\/div>\n\t\t\n\t<\/div>\n\n<\/div>\n\t\t\t\t<\/div>\n\t\t\t\t\t\t\n\t\t<\/div>\n\n\t\t\t\t\t\t<\/div>\n\t\t<div class=\"uael-post__footer\">\n\t\t\t\t\t<\/div>\n\t\t\t\t\t\t<\/div>\n\t\t\t\t<\/div>\n\t\t\t\t\t<\/div>\n\t\t<\/div>\n\t\t\t\t\t<\/div>\n\t\t<\/section>\n\t\t\t\t<\/div>\n\t\t","protected":false},"excerpt":{"rendered":"<p>Noticias La colecci\u00f3n Quai 54 y una ropa deportiva. Aucun commentaire La combinaci\u00f3n de blanco, rosa explosivo, naranja total y carmes\u00ed brillante marcar\u00e1 la presencia de Nike en Tokio a trav\u00e9s de productos seleccionados de rendimiento &#8230; Lire la suite Con el monopat\u00edn rumbo al dise\u00f1o de Tokio Aucun commentaire La colecci\u00f3n Quai 54 y [&hellip;]<\/p>\n","protected":false},"author":1580,"featured_media":0,"parent":0,"menu_order":0,"comment_status":"closed","ping_status":"closed","template":"","meta":{"_acf_changed":false,"_seopress_robots_primary_cat":"","_seopress_titles_title":"","_seopress_titles_desc":"","_seopress_robots_index":"","footnotes":""},"class_list":["post-11719","page","type-page","status-publish","hentry"],"acf":[],"_links":{"self":[{"href":"https:\/\/www.wave-protect-france.com\/es\/wp-json\/wp\/v2\/pages\/11719","targetHints":{"allow":["GET"]}}],"collection":[{"href":"https:\/\/www.wave-protect-france.com\/es\/wp-json\/wp\/v2\/pages"}],"about":[{"href":"https:\/\/www.wave-protect-france.com\/es\/wp-json\/wp\/v2\/types\/page"}],"author":[{"embeddable":true,"href":"https:\/\/www.wave-protect-france.com\/es\/wp-json\/wp\/v2\/users\/1580"}],"replies":[{"embeddable":true,"href":"https:\/\/www.wave-protect-france.com\/es\/wp-json\/wp\/v2\/comments?post=11719"}],"version-history":[{"count":20,"href":"https:\/\/www.wave-protect-france.com\/es\/wp-json\/wp\/v2\/pages\/11719\/revisions"}],"predecessor-version":[{"id":25457,"href":"https:\/\/www.wave-protect-france.com\/es\/wp-json\/wp\/v2\/pages\/11719\/revisions\/25457"}],"wp:attachment":[{"href":"https:\/\/www.wave-protect-france.com\/es\/wp-json\/wp\/v2\/media?parent=11719"}],"curies":[{"name":"wp","href":"https:\/\/api.w.org\/{rel}","templated":true}]}}