{"id":25166,"date":"2025-03-14T11:29:02","date_gmt":"2025-03-14T10:29:02","guid":{"rendered":"https:\/\/www.wave-protect-france.com\/boutique\/kit-multideporte-performance-plus-1-para-proteccion-contra-ondas-electromagneticas\/"},"modified":"2025-03-14T11:29:02","modified_gmt":"2025-03-14T10:29:02","slug":"kit-multideporte-performance-plus-1-para-proteccion-contra-ondas-electromagneticas","status":"publish","type":"product","link":"https:\/\/www.wave-protect-france.com\/en\/shop\/kit-multideporte-performance-plus-1-para-proteccion-contra-ondas-electromagneticas\/","title":{"rendered":"KIT MULTIDEPORTE PERFORMANCE PLUS 1 PARA PROTECCI\u00d3N CONTRA ONDAS ELECTROMAGN\u00c9TICAS"},"content":{"rendered":"<p><em><strong>EL KIT MULTIDEPORTE PERFORMANCE:<\/strong><\/em><\/p>\n<p><strong>Pin <b>blanco WP1<\/b><\/strong><em><strong> + <\/strong><\/em><strong>Mu\u00f1eca de entrenamiento WP12 + CLEAN WATER PROTECT:<\/strong><\/p>\n<p><strong>White <\/strong><b>Brooch WP1<\/b><\/p>\n<p>Thermoplastic injection molding to ROHS and REACH standards<\/p>\n<p>100% French technology, patented and tested by the EMITEC laboratory<\/p>\n<p><strong>4G and 5G technology tested by the NEXIO laboratory in December 2020<br \/>\n<\/strong>ISO 9001-compliant production<br \/>\nPin weight: 15g<br \/>\nNo wear on the device during normal use<\/p>\n<p><strong>The White LIBERTE WP1 protective brooch can be used to:<br \/>\n<\/strong>\u2013 Improve daily energy (increase vibrational rate)<br \/>\n\u2013 Improve muscular endurance<br \/>\n\u2013 Protect people with electro-sensitivity<br \/>\n\u2013 Reduce stress and fatigue<br \/>\n\u2013 Improve concentration and work efficiency<br \/>\n\u2013 Reduce sleep disturbances<\/p>\n<p>Equipped with a &#8220;passive&#8221; WP1 quantum device, which means no side effects.<br \/>\nIt absorbs waves and transforms them into continuous energy. It can be worn on any part of the body, in as much contact as possible with the skin, flat side against the body.<br \/>\nA distance of less than 10mm from the skin is recommended for optimal effectiveness.<br \/>\nUse 24\/7 except in the shower.<br \/>\nDo not use this product underwater \u2013 no worries about perspiration or rain.<br \/>\nClean the pin with an alcohol-free wipe.<\/p>\n<p><strong>Training Poignet WP12 <\/strong><\/p>\n<p>Made of hypoallergenic elasticated fabric.<br \/>\nWP12 quantum device for protection against electromagnetic and radiofrequency waves (French patented system and technology tested by the Emitec laboratory)<\/p>\n<p><strong>4G and 5G technology tested by the NEXIO laboratory in December 2020<\/strong><br \/>\nISO 9001-certified production<br \/>\nWeight: 48g<\/p>\n<p>No wear and tear under normal use<\/p>\n<p>Le Training de protection WP12 peut s\u2019utiliser pour<br \/>\n\u2013 Am\u00e9liorer son \u00e9nergie lors de s\u00e9ance sportive intense ou r\u00e9\u00e9quilibre \u00e9nerg\u00e9tique tr\u00e8s \u00e9lev\u00e9<\/p>\n<p>\u2013 Improve your muscular resistance<\/p>\n<p>\u2013 Reduce stress and muscle fatigue<\/p>\n<p>\u2013 Improve your concentration and efficiency during sports sessions<\/p>\n<p>The Training Poignet WP12 is equipped with a &#8220;passive&#8221; quantum device, which means no side effects. It absorbs waves and transforms them into continuous energy, and can be worn on the arm or ankle.<\/p>\n<p>Training Poignet WP12 is worn without any metal parts in contact.<\/p>\n<p>Use only for intense sports sessions or very high energy balancing.<br \/>\nRemove the technology from the pocket to machine-wash the Training wrist alone.<\/p>\n<p>THE TRAINING MUST BE USED IN PLACE OF OR IN ADDITION TO A BROOCH, PENDANT OR BRACELET TO BE 100% EFFECTIVE AS SOON AS IT IS APPLIED.<\/p>\n<p><strong>CLEAN WATER PROTECT<\/strong><\/p>\n<p>Made of hypoallergenic fabric to ROHS and REACH standards<\/p>\n<p>Dispositivo de protecci\u00f3n cu\u00e1ntica negativa para limpiar el agua de tu cuerpo<\/p>\n<p>ISO 9001-compliant production<br \/>\nWeight: 25g<br \/>\nNo wear and tear on the device under normal use<\/p>\n<p><strong>Este dispositivo se utiliza para<br \/>\n<\/strong>\u2013 Mejorar el equilibrio energ\u00e9tico del cuerpo.<br \/>\n\u2013 Reducir la inflamaci\u00f3n<br \/>\n\u2013 Limpiar el agua contenida en tu cuerpo.<\/p>\n<p>Use this product to replace brooches &#8211; pendants &#8211; bracelets overnight.<\/p>\n<p>This device is worn on the right wrist or ankle.<\/p>\n<p>Recommend at least once a week<br \/>\nDo not place the device in water<br \/>\nMachine wash the pouch by removing the device<\/p>\n<p>&nbsp;<\/p>\n","protected":false},"excerpt":{"rendered":"<p>Discover our <strong>White <\/strong><b>Brooch WP1<\/b><b><br \/>\n<\/b>This pin attenuates the effect of electromagnetic waves, giving you optimum protection.<\/p>\n<p>This brooch attenuates the effects of electromagnetic waves, guaranteeing optimum protection, and is 100% waterproof for your aquatic activities. Its thinness allows you to use it in everyday situations as well as during sports activities.<\/p>\n<p>Discover our<strong> WP12 Protective Training Wrist Wraps<\/strong>.<br \/>\nThey mitigate the effects of electromagnetic waves, guaranteeing optimal protection for all your intense workouts.<\/p>\n<p>This product is manufactured in our workshops in France and tested to provide you with maximum comfort and optimal protection.<br \/>\nWhen you wear our device directly, you&#8217;ll feel an immediate improvement in your stability, recovery, and performance.<\/p>\n<p><strong>Discover our CLEAN WATER PROTECT<\/strong><\/p>\n<p>This device is used to cleanse the water contained in your body to rebalance energy and reduce the risk of inflammation by better hydrating cells.<\/p>\n<p>Aten\u00faan <strong>los efectos de las ondas electromagn\u00e9ticas<\/strong> y as\u00ed te garantizan una protecci\u00f3n \u00f3ptima.<br \/>\nEste producto est\u00e1 fabricado en nuestros talleres en Francia y probado para brindarle el m\u00e1ximo confort y una protecci\u00f3n \u00f3ptima.<\/p>\n<p><span style=\"color: #0000ff;\"><strong>4G and 5G technologies tested by the NEXIO laboratory in December 2020<\/strong><\/span><\/p>\n<p><img alt=\"\" decoding=\"async\" class=\"alignnone wp-image-2038 size-full\" src=\"https:\/\/www.wave-protect-france.com\/wp-content\/uploads\/2020\/10\/LOGO-FABRIQUE-EN-FRANCE-WPF-V2-1.png\" alt=\"\" width=\"200\" height=\"113\"><\/p>\n","protected":false},"featured_media":24981,"comment_status":"closed","ping_status":"closed","template":"","meta":{"_acf_changed":false,"_seopress_robots_primary_cat":"","_seopress_titles_title":"","_seopress_titles_desc":"","_seopress_robots_index":""},"product_brand":[],"product_cat":[217],"product_tag":[],"class_list":{"0":"post-25166","1":"product","2":"type-product","3":"status-publish","4":"has-post-thumbnail","6":"product_cat-tjrs-au-taquet-en","8":"first","9":"instock","10":"shipping-taxable","11":"purchasable","12":"product-type-simple"},"acf":[],"_links":{"self":[{"href":"https:\/\/www.wave-protect-france.com\/en\/wp-json\/wp\/v2\/product\/25166","targetHints":{"allow":["GET"]}}],"collection":[{"href":"https:\/\/www.wave-protect-france.com\/en\/wp-json\/wp\/v2\/product"}],"about":[{"href":"https:\/\/www.wave-protect-france.com\/en\/wp-json\/wp\/v2\/types\/product"}],"replies":[{"embeddable":true,"href":"https:\/\/www.wave-protect-france.com\/en\/wp-json\/wp\/v2\/comments?post=25166"}],"version-history":[{"count":0,"href":"https:\/\/www.wave-protect-france.com\/en\/wp-json\/wp\/v2\/product\/25166\/revisions"}],"wp:featuredmedia":[{"embeddable":true,"href":"https:\/\/www.wave-protect-france.com\/en\/wp-json\/wp\/v2\/media\/24981"}],"wp:attachment":[{"href":"https:\/\/www.wave-protect-france.com\/en\/wp-json\/wp\/v2\/media?parent=25166"}],"wp:term":[{"taxonomy":"product_brand","embeddable":true,"href":"https:\/\/www.wave-protect-france.com\/en\/wp-json\/wp\/v2\/product_brand?post=25166"},{"taxonomy":"product_cat","embeddable":true,"href":"https:\/\/www.wave-protect-france.com\/en\/wp-json\/wp\/v2\/product_cat?post=25166"},{"taxonomy":"product_tag","embeddable":true,"href":"https:\/\/www.wave-protect-france.com\/en\/wp-json\/wp\/v2\/product_tag?post=25166"}],"curies":[{"name":"wp","href":"https:\/\/api.w.org\/{rel}","templated":true}]}}