{"id":25137,"date":"2025-03-14T12:30:41","date_gmt":"2025-03-14T11:30:41","guid":{"rendered":"https:\/\/www.wave-protect-france.com\/boutique\/multisport-kit-1-for-electromagnetic-wave-protection\/"},"modified":"2025-03-14T12:30:41","modified_gmt":"2025-03-14T11:30:41","slug":"multisport-kit-1-for-electromagnetic-wave-protection","status":"publish","type":"product","link":"https:\/\/www.wave-protect-france.com\/en\/shop\/multisport-kit-1-for-electromagnetic-wave-protection\/","title":{"rendered":"MULTISPORT KIT 1 FOR ELECTROMAGNETIC WAVE PROTECTION"},"content":{"rendered":"<p><em><strong>THE MULTISPORT KIT 1:<\/strong><\/em><\/p>\n<p><strong><b>White Blanche Pin WP1<\/b><\/strong><em><strong>+ Wrist Training WP6<\/strong><\/em><strong> :<\/strong><\/p>\n<p><strong>White <\/strong><b>Brooch WP1<\/b><\/p>\n<p>Thermoplastic injection molding to ROHS and REACH standards<\/p>\n<p>100% French technology, patented and tested by the EMITEC laboratory<\/p>\n<p><strong>4G and 5G technology tested by the NEXIO laboratory in December 2020<br \/>\n<\/strong>ISO 9001-compliant production<br \/>\nPin weight: 15g<br \/>\nNo wear on the device during normal use<\/p>\n<p><strong>The White LIBERTE WP1 protective brooch can be used to:<br \/>\n<\/strong>\u2013 Improve daily energy (increase vibrational rate)<br \/>\n\u2013 Improve muscular endurance<br \/>\n\u2013 Protect people with electro-sensitivity<br \/>\n\u2013 Reduce stress and fatigue<br \/>\n\u2013 Improve concentration and work efficiency<br \/>\n\u2013 Reduce sleep disturbances<\/p>\n<p>Equipped with a &#8220;passive&#8221; WP1 quantum device, which means no side effects.<br \/>\nIt absorbs waves and transforms them into continuous energy. It can be worn on any part of the body, in as much contact as possible with the skin, flat side against the body.<br \/>\nA distance of less than 10mm from the skin is recommended for optimal effectiveness.<br \/>\nUse 24\/7 except in the shower.<br \/>\nDo not use this product underwater \u2013 no worries about perspiration or rain.<br \/>\nClean the pin with an alcohol-free wipe.<\/p>\n<p><strong>WP6 Wrist Training <\/strong><\/p>\n<p>Made of hypoallergenic elasticated fabric.<br \/>\nWP6 quantum device for protection against electromagnetic and radiofrequency waves (French patented system and technology tested by the Emitec laboratory)<\/p>\n<p><strong>Technologie test\u00e9e 4G et 5G par le laboratoire NEXIO en d\u00e9cembre 2020<\/strong><br \/>\nProduction norm\u00e9e ISO 9001<br \/>\nPoids: 33gr<\/p>\n<p>No wear and tear under normal use<\/p>\n<p>WP6 Protection Training can be used to<br \/>\n\u2013 Improve energy during workouts or rebalance energy levels<\/p>\n<p>\u2013 Improve your muscular resistance<\/p>\n<p>\u2013 Reduce stress and muscle fatigue<\/p>\n<p>\u2013 Improve your concentration and efficiency during sports sessions<\/p>\n<p>The Training Poignet WP6 is equipped with a &#8220;passive&#8221; quantum device, which means no side effects. It absorbs waves and transforms them into continuous energy, and can be worn on the arm or ankle.<\/p>\n<p>Training Poignet WP6 is worn without any metal parts in contact.<\/p>\n<p>Use only for sports sessions or high energy balancing.<br \/>\nRemove the technology from the pocket to machine-wash the Training wrist alone.<\/p>\n<p>THE TRAINING MUST BE USED IN PLACE OF OR IN ADDITION TO A BROOCH, PENDANT OR BRACELET TO BE 100% EFFECTIVE AS SOON AS IT IS APPLIED.<\/p>\n","protected":false},"excerpt":{"rendered":"<p>Discover our <strong>White <\/strong><b>Brooch WP1<\/b><b><br \/>\n<\/b>This pin attenuates the effect of electromagnetic waves, giving you optimum protection.<\/p>\n<p>This brooch attenuates the effects of electromagnetic waves, guaranteeing optimum protection, and is 100% waterproof for your aquatic activities. Its thinness allows you to use it in everyday situations as well as during sports activities.<\/p>\n<p>Discover<strong> our WP6 Protective Training Wrist Wraps<\/strong>.<br \/>\nThey mitigate the effects of electromagnetic waves, ensuring optimal protection.<\/p>\n<p>This product is manufactured in our workshops in France and tested to provide you with maximum comfort and optimal protection.<br \/>\nWhen you wear our device directly, you&#8217;ll feel an immediate improvement in your stability, recovery, and performance.Ce produit est fabriqu\u00e9 dans nos ateliers en France et test\u00e9s pour vous apporter un confort maximum et une protection optimale.<br \/>Directement en contact avec notre dispositif, vous sentirez un gain imm\u00e9diat sur votre stabilit\u00e9, votre r\u00e9cup\u00e9ration mais \u00e9galement sur vos performances.<\/p>\n<p><span style=\"color: #0000ff;\"><strong>4G and 5G technologies tested by the NEXIO laboratory in December 2020<\/strong><\/span><\/p>\n<p><img alt=\"\" decoding=\"async\" class=\"alignnone wp-image-2038 size-full\" src=\"https:\/\/www.wave-protect-france.com\/wp-content\/uploads\/2020\/10\/LOGO-FABRIQUE-EN-FRANCE-WPF-V2-1.png\" alt=\"\" width=\"200\" height=\"113\"><\/p>\n","protected":false},"featured_media":24972,"comment_status":"closed","ping_status":"closed","template":"","meta":{"_acf_changed":false,"_seopress_robots_primary_cat":"none","_seopress_titles_title":"","_seopress_titles_desc":"","_seopress_robots_index":""},"product_brand":[],"product_cat":[217],"product_tag":[],"class_list":{"0":"post-25137","1":"product","2":"type-product","3":"status-publish","4":"has-post-thumbnail","6":"product_cat-tjrs-au-taquet-en","8":"first","9":"instock","10":"shipping-taxable","11":"purchasable","12":"product-type-simple"},"acf":[],"_links":{"self":[{"href":"https:\/\/www.wave-protect-france.com\/en\/wp-json\/wp\/v2\/product\/25137","targetHints":{"allow":["GET"]}}],"collection":[{"href":"https:\/\/www.wave-protect-france.com\/en\/wp-json\/wp\/v2\/product"}],"about":[{"href":"https:\/\/www.wave-protect-france.com\/en\/wp-json\/wp\/v2\/types\/product"}],"replies":[{"embeddable":true,"href":"https:\/\/www.wave-protect-france.com\/en\/wp-json\/wp\/v2\/comments?post=25137"}],"version-history":[{"count":0,"href":"https:\/\/www.wave-protect-france.com\/en\/wp-json\/wp\/v2\/product\/25137\/revisions"}],"wp:featuredmedia":[{"embeddable":true,"href":"https:\/\/www.wave-protect-france.com\/en\/wp-json\/wp\/v2\/media\/24972"}],"wp:attachment":[{"href":"https:\/\/www.wave-protect-france.com\/en\/wp-json\/wp\/v2\/media?parent=25137"}],"wp:term":[{"taxonomy":"product_brand","embeddable":true,"href":"https:\/\/www.wave-protect-france.com\/en\/wp-json\/wp\/v2\/product_brand?post=25137"},{"taxonomy":"product_cat","embeddable":true,"href":"https:\/\/www.wave-protect-france.com\/en\/wp-json\/wp\/v2\/product_cat?post=25137"},{"taxonomy":"product_tag","embeddable":true,"href":"https:\/\/www.wave-protect-france.com\/en\/wp-json\/wp\/v2\/product_tag?post=25137"}],"curies":[{"name":"wp","href":"https:\/\/api.w.org\/{rel}","templated":true}]}}