{"id":9792,"date":"2020-09-14T15:59:09","date_gmt":"2020-09-14T13:59:09","guid":{"rendered":"https:\/\/new-waveprotect.ezway-technology.com\/my-cart\/"},"modified":"2024-09-11T21:43:06","modified_gmt":"2024-09-11T19:43:06","slug":"my-cart","status":"publish","type":"page","link":"https:\/\/www.wave-protect-france.com\/en\/my-cart\/","title":{"rendered":"My Cart"},"content":{"rendered":"\t\t<div data-elementor-type=\"wp-page\" data-elementor-id=\"9792\" class=\"elementor elementor-9792 elementor-1589\" data-elementor-post-type=\"page\">\n\t\t\t\t<div class=\"elementor-element elementor-element-65bd23b e-flex e-con-boxed e-con e-parent\" data-id=\"65bd23b\" data-element_type=\"container\">\n\t\t\t\t\t<div class=\"e-con-inner\">\n\t\t\t\t\t<\/div>\n\t\t\t\t<\/div>\n\t\t\t\t<\/div>\n\t\t","protected":false},"excerpt":{"rendered":"<p>Supprimer l\u2019\u00e9l\u00e9ment Miniature Produit Prix Quantit\u00e9 Sous-total &times; BROCHE AQUA CLIP WP2 POUR PROTECTION ONDES ELECTROMAGNETIQUES 89,00&euro; quantit\u00e9 de BROCHE AQUA CLIP WP2 POUR PROTECTION ONDES ELECTROMAGNETIQUES&nbsp; 1 068,00&euro; Update Cart Apply coupon Cart Totals Sous-total 1 068,00&euro; Exp\u00e9dition Mondial Relay: 6,00&euro; LA POSTE Colissimo point retrait: 6,50&euro; La poste Colissimo \u00e0 domicile avec signature: [&hellip;]<\/p>\n","protected":false},"author":323,"featured_media":0,"parent":0,"menu_order":0,"comment_status":"closed","ping_status":"closed","template":"","meta":{"_acf_changed":false,"_seopress_robots_primary_cat":"","_seopress_titles_title":"","_seopress_titles_desc":"%%title%% %%sep%% patented device for attenuating electromagnetic waves. Technology developed in France, order now!","_seopress_robots_index":"","footnotes":""},"class_list":["post-9792","page","type-page","status-publish","hentry"],"acf":[],"_links":{"self":[{"href":"https:\/\/www.wave-protect-france.com\/en\/wp-json\/wp\/v2\/pages\/9792","targetHints":{"allow":["GET"]}}],"collection":[{"href":"https:\/\/www.wave-protect-france.com\/en\/wp-json\/wp\/v2\/pages"}],"about":[{"href":"https:\/\/www.wave-protect-france.com\/en\/wp-json\/wp\/v2\/types\/page"}],"author":[{"embeddable":true,"href":"https:\/\/www.wave-protect-france.com\/en\/wp-json\/wp\/v2\/users\/323"}],"replies":[{"embeddable":true,"href":"https:\/\/www.wave-protect-france.com\/en\/wp-json\/wp\/v2\/comments?post=9792"}],"version-history":[{"count":9,"href":"https:\/\/www.wave-protect-france.com\/en\/wp-json\/wp\/v2\/pages\/9792\/revisions"}],"predecessor-version":[{"id":23261,"href":"https:\/\/www.wave-protect-france.com\/en\/wp-json\/wp\/v2\/pages\/9792\/revisions\/23261"}],"wp:attachment":[{"href":"https:\/\/www.wave-protect-france.com\/en\/wp-json\/wp\/v2\/media?parent=9792"}],"curies":[{"name":"wp","href":"https:\/\/api.w.org\/{rel}","templated":true}]}}