{"id":9208,"date":"2016-07-05T01:41:09","date_gmt":"2016-07-04T23:41:09","guid":{"rendered":"https:\/\/waveprotect.midev-mg.com\/?page_id=9208"},"modified":"2024-01-09T19:23:34","modified_gmt":"2024-01-09T18:23:34","slug":"find-a-dealer-in-your-area","status":"publish","type":"page","link":"https:\/\/www.wave-protect-france.com\/en\/find-a-dealer-in-your-area\/","title":{"rendered":"Find a dealer in your area!"},"content":{"rendered":"\t\t<div data-elementor-type=\"wp-page\" data-elementor-id=\"9208\" class=\"elementor elementor-9208 elementor-527\" data-elementor-post-type=\"page\">\n\t\t\t\t\t\t<section class=\"elementor-section elementor-top-section elementor-element elementor-element-60c98084 elementor-section-boxed elementor-section-height-default elementor-section-height-default\" data-id=\"60c98084\" data-element_type=\"section\">\n\t\t\t\t\t\t<div class=\"elementor-container elementor-column-gap-default\">\n\t\t\t\t\t<div class=\"elementor-column elementor-col-100 elementor-top-column elementor-element elementor-element-23d2f693\" data-id=\"23d2f693\" data-element_type=\"column\">\n\t\t\t<div class=\"elementor-widget-wrap elementor-element-populated\">\n\t\t\t\t\t\t<div class=\"elementor-element elementor-element-6afd3851 elementor-widget elementor-widget-text-editor\" data-id=\"6afd3851\" data-element_type=\"widget\" data-widget_type=\"text-editor.default\">\n\t\t\t\t<div class=\"elementor-widget-container\">\n\t\t\t\t\t\t\t\t\t<div class=\"QmZWSe\"><div class=\"DHcWmd\">\u00a0<\/div><\/div><div class=\"oSioSc\"><div id=\"tw-target\"><div id=\"kAz1tf\" class=\"g9WsWb\"><div id=\"tw-target-text-container\" class=\"tw-ta-container F0azHf tw-nfl\" tabindex=\"0\"><h2 id=\"tw-target-text\" class=\"tw-data-text tw-text-large tw-ta\" dir=\"ltr\" style=\"text-align: center;\" data-placeholder=\"Traduction\"><span class=\"Y2IQFc\" lang=\"en\">Our points of sale are constantly increasing, discover our resellers in your department below, if you want to become resellers<\/span><\/h2><\/div><\/div><\/div><\/div><h3 style=\"text-align: center;\">if you want to become resellers <a style=\"color: #1378ac;\" href=\"https:\/\/www.wave-protect-france.com\/\/en\/contact\/\">click here :<\/a><\/h3><h1><span style=\"color: #0000ff;\">IN FRANCE :<\/span><\/h1><p><strong><span style=\"color: #3366ff;\"> HEAD MISSION DEVELOPMENT<\/span><\/strong><\/p><p>Olivier JACOME T\u00e9l: 06 21 91 75 38<\/p><p><strong><span style=\"color: #3366ff;\">Department 01 :<\/span><\/strong><\/p><p>shop Bio : Bio Mania\u00a0 T\u00e9l : 04 50 20 38 55<\/p><p><strong><span style=\"color: #3366ff;\">Department 02 :<\/span><\/strong><\/p><p><strong><span style=\"color: #3366ff;\">Department 03 :<\/span><\/strong><\/p><p>shop Bio : Biophare Bio Sathya\u00a0 T\u00e9l : 06 77 11 29 82<\/p><p><strong><span style=\"color: #3366ff;\">Department 04 :<\/span><\/strong><\/p><p>shop BIOMONDE \u00e0 Forcalquier<\/p><p><strong><span style=\"color: #3366ff;\">Department 05 :<\/span><\/strong><\/p><p><strong><span style=\"color: #3366ff;\">Department 06 :<\/span><\/strong><\/p><p>Agent VDI: Wendy PASETTI T\u00e9l: 06 14 05 01 50<\/p><p><strong><span style=\"color: #3366ff;\">Department 07 :<\/span><\/strong><\/p><p>Agent VDI: Marie-Christine BERTIN T\u00e9l: 06 01 39 85 99<\/p><p><strong><span style=\"color: #3366ff;\">Department 08 :<\/span><\/strong><\/p><p>Agent VDI\u00a0Laura GILBERT T\u00e9l: 06 44 82 62 94<\/p><p><strong><span style=\"color: #3366ff;\">Department 09:<\/span><\/strong><\/p><p>Agent VDI: Sarah GALIGNIE T\u00e9l: 06 45 43 67 61<\/p><p><strong><span style=\"color: #3366ff;\">Department 10 :<\/span><\/strong><\/p><p>Agent VDI: Laetitia TREMOUILLOUX T\u00e9l: 06 58 22 23 68<\/p><p><strong><span style=\"color: #3366ff;\">Department 11:<\/span><\/strong><\/p><p>Agent VDI Mikael GARCIA T\u00e9l: 06 37 55 10 70<\/p><p><strong><span style=\"color: #3366ff;\">Department 13 :<\/span><\/strong><\/p><p>Davidson Distribution T\u00e9l: 06.88.55.41.83<\/p><p><strong><span style=\"color: #3366ff;\">Department 14 :<\/span><\/strong><\/p><p>Agent VDI: Karine BARBE T\u00e9l: 06 31 26 21 17<\/p><p><strong><span style=\"color: #3366ff;\">Department 15 :<\/span><\/strong><\/p><p>Agent VDI: Marie ANDRIEU T\u00e9l: 06 88 23 52 84<\/p><p><strong><span style=\"color: #3366ff;\">Department 16 :<\/span><\/strong><\/p><p><strong><span style=\"color: #3366ff;\">Department 17 :<\/span><\/strong><\/p><p><strong><span style=\"color: #3366ff;\">Department 18 :<\/span><\/strong><\/p><p>shop HYPER U de Vierzon T\u00e9l: 02 48 53 53 53<\/p><p>Agent VDI: Clarisse DUBOURG T\u00e9l: 06 69 60 35 67<\/p><p>shop Bionature : Mme ROBIN\u00a0 T\u00e9l : 02 48 24 94 23<\/p><p>shop La vie clair : M. GODIN\u00a0 T\u00e9l : 09 62 27 31 22<\/p><p>Ost\u00e9opathe : M. LIMOUSIN\u00a0 T\u00e9l : 06 19 72 66 37<\/p><p>shop de v\u00eatement : M. ARMOD\u00a0 T\u00e9l : 02 48 75 85 97<\/p><p>Coach professionnel : LS COMPAGNY\u00a0 M. SOETENS\u00a0 T\u00e9l : 06 50 98 81 04<\/p><p>shop de d\u00e9tails : CASA PEDRO\u00a0 T\u00e9l : 02 48 71 42 50<\/p><p>Naturopathe : M. PIEDOIS\u00a0 T\u00e9l : 07 87 95 82 06<\/p><p>Agent de distribution secteur entreprise et sport : MY FUN LIFE\u00a0 T\u00e9l : 07 60 75 70 16<\/p><p>shop Intersport : M. GERBAULT\u00a0 T\u00e9l : 02 48 24 45 20<\/p><p>shop Rayon Vert : M. SANCHEZ\u00a0 T\u00e9l : 02 48 75 33 53<\/p><p>Espace Culturel Leclerc : M. AUGROS\u00a0 T\u00e9l : 02 48 83 00 43<\/p><p>Chiropracteur : Mme BUTEL\u00a0 T\u00e9l : 02 48 21 55 61<\/p><p>shop Bio : Nature et sant\u00e9\u00a0 T\u00e9l : 02 48 96 30 43<\/p><p>Centre Leclerc Vierzon\u00a0 T\u00e9l : 02 48 53 00 10<\/p><p><strong><span style=\"color: #3366ff;\">Department 19:<\/span><\/strong><\/p><p><strong><span style=\"color: #3366ff;\">Department 21:<\/span><\/strong><\/p><p>Agent VDI Gwenaelle GUERET LETRENEUF T\u00e9l: 06 66 76 77 52<\/p><p><strong><span style=\"color: #3366ff;\">Department 22 :<\/span><\/strong><\/p><p data-pm-slice=\"1 1 [&quot;bulletList&quot;,null,&quot;listItem&quot;,null]\">Yann LE MAU T\u00e9l: 06.67.88.94.46<\/p><p><strong><span style=\"color: #3366ff;\">Department 23 :<\/span><\/strong><\/p><p>Agent VDI: Sabine MIGNOT T\u00e9l: 07 80 37 66 78<\/p><p><strong><span style=\"color: #3366ff;\">Department 24 :<\/span><\/strong><\/p><p>Agent VDI: Emmanuelle PERACHE T\u00e9l: 06 74 81 54 76<\/p><p><strong><span style=\"color: #3366ff;\">Department 25:<\/span><\/strong><\/p><p><strong><span style=\"color: #3366ff;\">Department 27 :<\/span><\/strong><\/p><p>Agent VDI: Fabienne RAMBURE LOPES t\u00e9l: 06 31 31 88 69<\/p><p><strong><span style=\"color: #3366ff;\">Department 28 :<\/span><\/strong><\/p><p>Agent VDI: Jennifer BELLEC T\u00e9l: 06 95 26 06 69<\/p><p><strong><span style=\"color: #3366ff;\">Department 29 :<\/span><\/strong><\/p><p>Agent VDI: Fr\u00e9d\u00e9ric BOCQUIER T\u00e9l: 06 50 53 31 17<\/p><p>Agent VDI: Cindy JOACHIM T\u00e9l: 07 87 52 10 42<\/p><p><strong><span style=\"color: #3366ff;\">Department 30 :<\/span><\/strong><\/p><p>Agent VDI: Stessy SANCHEZ T\u00e9l: 06 86 62 68 88<\/p><p><strong><span style=\"color: #3366ff;\">Department 31 :<\/span><\/strong><\/p><p>Agent commercial: Olivier JACOME T\u00e9l: 06 21 91 75 32<\/p><p><strong><span style=\"color: #3366ff;\">Department 33 :<\/span><\/strong><\/p><p>Agent VDI: Aurore CHAUCHOT T\u00e9l: 06 49 58 31 26<\/p><p>Agent VDI: Nadia BLANC T\u00e9l: 06 23 56 33 96<\/p><p><strong><span style=\"color: #3366ff;\">Department 34 :<\/span><\/strong><\/p><p>shop Bio: Biocoop Laroque T\u00e9l: 04 99 53 11 02<\/p><p>shop Bio: Vert chez nous\u00a0 T\u00e9l: 04 67 30 51 36<\/p><p>Directrice R\u00e9seaux VDI : M Distribution : Mme MARTIN\u00a0 T\u00e9l : 06 61 54 45 17<\/p><p>PHYSIOQUANTA : M. MORAND\u00a0 T\u00e9l : 06 45 90 85 38<\/p><p><strong><span style=\"color: #3366ff;\">Department 35 :<\/span><\/strong><\/p><p>Agent VDI: Steve POURU T\u00e9l: 06 82 33 99 10<\/p><p>Agent VDI: Sabrina POURU T\u00e9l: 06 82 33 99 10<\/p><p><strong><span style=\"color: #3366ff;\">Department 36 :<\/span><\/strong><\/p><p>Agent VDI: Jessica GAUTHIER T\u00e9l: 06 78 31 77 84<\/p><p><strong><span style=\"color: #3366ff;\">Department 37 :<\/span><\/strong><\/p><p>Agent VDI: Noemie GIMENEZ JUREK T\u00e9l: 06 27 44 75 11<\/p><p><strong><span style=\"color: #3366ff;\">Department 38 :<\/span><\/strong><\/p><p>shop Bio: Des racines et des herbes Mr BROSSIER T\u00e9l: 04 76 46 18 75<\/p><p>shop de sport\u00a0THEDIMAT : M. GARDENT\u00a0 T\u00e9l : 04 76 80 15 08<\/p><p>shop Bio : La vie claire\u00a0\u00a0 T\u00e9l : 06 13 30 15 38<\/p><p>shop Bio : Meylan nature et sant\u00e9\u00a0\u00a0 T\u00e9l : 06 21 24 37 98<\/p><p><strong><span style=\"color: #3366ff;\">Department 40 :<\/span><\/strong><\/p><p>Agent VDI: Marie-Th\u00e9r\u00e8se BRIAND T\u00e9l: 06 49 26 61 75<\/p><p><strong><span style=\"color: #3366ff;\">Department 41 :<\/span><\/strong><\/p><p>M\u00e9decine douce et th\u00e9rapie: Patrick LEGER T\u00e9l: 06 70 11 75 58<\/p><p>shop Bio: Saveurs de la Terre\u00a0 T\u00e9l: 02 54 77 49 50<\/p><p>Agent VDI: Barbara LEMORE T\u00e9l: 06 17 12 65 22<\/p><p>Agent VDI: D\u00e9borah LANGLAIS T\u00e9l: 06 99 89 13 11<\/p><p>shop Bio :\u00a0 Croq nature : M. FALLOURD\u00a0 T\u00e9l : 02 54 76 30 40<\/p><p>Agent sport : M. THEBEAULT\u00a0 T\u00e9l : 06 05 23 94<\/p><p>Magn\u00e9tiseur : M. PROVENDIER\u00a0 T\u00e9l : 06 09 84 51 39<\/p><p><strong><span style=\"color: #3366ff;\">Department 42 :<\/span><\/strong><\/p><p>Agent VDI: Xavi\u00e8re RICHARD T\u00e9l: 06 95 42 26 33<\/p><p>Agent: Sarah GOUTAGNEUX T\u00e9l: 06.33.27.27.39<\/p><p><strong><span style=\"color: #3366ff;\">Department 43 :<\/span><\/strong><\/p><p>Agent VDI: Manon BONNEFOY T\u00e9l: 06 06 95 36 37<\/p><p><strong><span style=\"color: #3366ff;\">Department 44 :<\/span><\/strong><\/p><p>Agent VDI: Aline GRY T\u00e9l: 06 37 40 47 67<\/p><p><strong><span style=\"color: #3366ff;\">Department 45 :<\/span><\/strong><\/p><p>shop BIO: BIOMONDE TAVERS T\u00e9l: 02 38 69 16 40<\/p><p>shop Bio: AZUR BIEN ETRE T\u00e9l: 02.38.31.21.98<\/p><p><strong><span style=\"color: #3366ff;\">Department 46:<\/span><\/strong><\/p><p><strong><span style=\"color: #3366ff;\">Department 47:<\/span><\/strong><\/p><p><strong><span style=\"color: #3366ff;\">Department 49:<\/span><\/strong><\/p><p><strong><span style=\"color: #3366ff;\">Department 50 :<\/span><\/strong><\/p><p><strong><span style=\"color: #3366ff;\">Department 51 :<\/span><\/strong><\/p><p><strong><span style=\"color: #3366ff;\">Department 52 :<\/span><\/strong><\/p><p><strong><span style=\"color: #3366ff;\">Department 54:<\/span><\/strong><\/p><p><strong><span style=\"color: #3366ff;\">Department 55:<\/span><\/strong><\/p><p>Agent VDI: Cynthia GIRBONE T\u00e9l: 06 51 45 39 10<\/p><p><strong><span style=\"color: #3366ff;\">Department 56:<\/span><\/strong><\/p><p><strong><span style=\"color: #3366ff;\">Department 57 :<\/span><\/strong><\/p><p><strong><span style=\"color: #3366ff;\">Department 58 :<\/span><\/strong><\/p><p>shop Bio :\u00a0 Bio Monde\u00a0 T\u00e9l : 03 86 60 04 53<\/p><p><strong><span style=\"color: #3366ff;\">Department 59 :<\/span><\/strong><\/p><p>Huby Innovation T\u00e9l: 09.72.01.01.30<\/p><p><strong><span style=\"color: #3366ff;\">Department 60:<\/span><\/strong><\/p><p>Agent VDI: Laetitia VAILLANT T\u00e9l: 06 15 07 57 42<\/p><p><strong><span style=\"color: #3366ff;\">Department 61:<\/span><\/strong><\/p><p><strong><span style=\"color: #3366ff;\">Department 62:<\/span><\/strong><\/p><p><strong><span style=\"color: #3366ff;\">Department 63 :<\/span><\/strong><\/p><p><strong><span style=\"color: #3366ff;\">Department 64 :<\/span><\/strong><\/p><p data-pm-slice=\"1 1 []\">KAHYPNOSE Nicolas ROUBY T\u00e9l: 06 99 31 51 60<\/p><p data-pm-slice=\"1 1 []\"><strong><span style=\"color: #3366ff;\">Department 65 :<\/span><\/strong><\/p><p data-pm-slice=\"1 1 []\">KAHYPNOSE Nicolas ROUBY T\u00e9l: 06 99 31 51 60<\/p><p><strong><span style=\"color: #3366ff;\">Department 66 :<\/span><\/strong><\/p><p><strong><span style=\"color: #3366ff;\">Department 67 :<\/span><\/strong><\/p><p>Boutique Bien \u00catre COEUR DE SANTE: Claudine LEPRINCE T\u00e9l: 03 88 39 86 20<\/p><p><strong><span style=\"color: #3366ff;\">Department 69 :<\/span><\/strong><\/p><p><strong><span style=\"color: #3366ff;\">Department 70 :<\/span><\/strong><\/p><p><strong><span style=\"color: #3366ff;\">Department 71:<\/span><\/strong><\/p><p><strong><span style=\"color: #3366ff;\">Department 72 :<\/span><\/strong><\/p><p><strong><span style=\"color: #3366ff;\">Department 73 :<\/span><\/strong><\/p><p>shop Bio :\u00a0 La vie claire\u00a0 T\u00e9l : 04 92 51 58 50<\/p><p><strong><span style=\"color: #3366ff;\">Department 74 :<\/span><\/strong><\/p><p>shop Bio :\u00a0 La vie claire\u00a0 T\u00e9l : 04 50 94 61 17<\/p><p>shop Bio :\u00a0 Santoline\u00a0 T\u00e9l : 06 52 20 61 20<\/p><p>shop Bio :\u00a0 Propafor\u00a0 T\u00e9l : 06 87 71 42 46<\/p><p>shop Bien \u00eatre :\u00a0 Hair institut\u00a0 T\u00e9l : 04 50 27 67 67<\/p><p><strong><span style=\"color: #3366ff;\">Department 75 :<br \/><\/span><\/strong><\/p><p>Water Life High Tech: Mr BAUDOIN T\u00e9l: 06.51.00.10.85<\/p><p><strong><span style=\"color: #3366ff;\">Department 76:<\/span><\/strong><\/p><p><strong><span style=\"color: #3366ff;\">Department 77 :<\/span><\/strong><\/p><p><strong><span style=\"color: #3366ff;\">Department 78 :<\/span><\/strong><\/p><p><strong><span style=\"color: #3366ff;\">Department 79 :<\/span><\/strong><\/p><p><strong><span style=\"color: #3366ff;\">Department 80 :<\/span><\/strong><\/p><p><strong><span style=\"color: #3366ff;\">Department 81 :<\/span><\/strong><\/p><p><strong><span style=\"color: #3366ff;\">Department 82 :<\/span><\/strong><\/p><p><strong><span style=\"color: #3366ff;\">Department 83 :<\/span><\/strong><\/p><p>shop Bio : Vitaforce\u00a0 T\u00e9l : 06 03 71 00 73<\/p><p>shop Bio : Natur&#8217;shop\u00a0 T\u00e9l : 04 94 95 82 95<\/p><p>Seller: BUADES Maeva T\u00e9l: 06 11 42 89 78<\/p><p><strong><span style=\"color: #3366ff;\">Department 84:<\/span><\/strong><\/p><p><strong><span style=\"color: #3366ff;\">Department 85 :<\/span><\/strong><\/p><p>Agent sportif pro : Mr Josselin\u00a0 T\u00e9l : 06 89 36 52 13<\/p><p>shop Bio : Nature Verte Les herbiers\u00a0 T\u00e9l : 02 51 91 16 93<\/p><p>shop Bio : Le centre bio nature\u00a0 T\u00e9l : 09 53 13 13 13<\/p><p>shop Bio : Naturellement\u00a0 T\u00e9l : 02 51 68 30 06<\/p><p>shop Bio : Nature Verte Chantonnay\u00a0 T\u00e9l : 07 82 27 17 17<\/p><p><strong><span style=\"color: #3366ff;\">Department 86 :<\/span><\/strong><\/p><p>Agent VDI: St\u00e9phanie SAULNIER T\u00e9l: 06 79 19 98 68<\/p><p><strong><span style=\"color: #3366ff;\">Department 87:<\/span><\/strong><\/p><p>Agent VDI: Gwenaelle MARTIN T\u00e9l: 06 28 33 08 42<\/p><p><strong><span style=\"color: #3366ff;\">Department 88:<\/span><\/strong><\/p><p><strong><span style=\"color: #3366ff;\">Department 89 :<\/span><\/strong><\/p><p><strong><span style=\"color: #3366ff;\">Department 91:<\/span><\/strong><\/p><p><strong><span style=\"color: #3366ff;\">Department 92 :<br \/><\/span><\/strong><\/p><p>Agent distributeur entreprise : M. Ginebre\u00a0 T\u00e9l : 07 86 78 37 60<\/p><p><strong><span style=\"color: #3366ff;\">Department 93 :<\/span><\/strong><\/p><p><strong><span style=\"color: #3366ff;\">Department 95 :<\/span><\/strong><\/p><p><strong><span style=\"color: #3366ff;\">Department 97 :<\/span><\/strong><\/p><h1><span style=\"color: #0000ff;\">A L&#8217; INTERNATIONAL :<br \/><\/span><\/h1><p><strong><span style=\"color: #3366ff;\">ALLEMAGNE :<\/span><\/strong><\/p><p>Cabinet Ost\u00e9opathie Munich: Genevi\u00e8ve HEIM T\u00e9l:\u00a0: 0049(0)1728959857<\/p><p><strong><span style=\"color: #3366ff;\">BELGIQUE:<\/span><\/strong><\/p><p data-pm-slice=\"1 1 []\">SRL INFINITY Bruno BARBENCON 04.78.24.16.52<\/p><p><strong><span style=\"color: #3366ff;\">BRESIL :<\/span><\/strong><\/p><p>Exclusive Distributor : Wave protect Br\u00e9sil : Oliv\u00e9rio JACOME<\/p><p>T\u00e9l : 00 351 96 541 6550 ou 06 21 91 75 32<\/p><p><strong><span style=\"color: #3366ff;\">DANEMARK :<\/span><\/strong><\/p><p>Exclusive Distributor : Aur\u00e9lie ROITBERG GOURMELON 0034 645 722 484<\/p><p><strong><span style=\"color: #3366ff;\">ESPAGNE :<\/span><\/strong><\/p><p>Exclusive Distributor : Aur\u00e9lie ROITBERG GOURMELON 0034 645 722 484<\/p><p><strong><span style=\"color: #3366ff;\">HONGRIE :<\/span><\/strong><\/p><p>Exclusive Distributor : Aur\u00e9lie ROITBERG GOURMELON 0034 645 722 484<\/p><p><strong><span style=\"color: #3366ff;\">LUXEMBOURG :<\/span><\/strong><\/p><p>Exclusive Distributor : Aur\u00e9lie ROITBERG GOURMELON 0034 645 722 484<\/p><p><strong><span style=\"color: #3366ff;\">PORTUGAL\u00a0:<\/span><\/strong><\/p><p>Exclusive Distributor : Wave protect Portugal : Oliv\u00e9rio JACOME<\/p><p>T\u00e9l : 00 351 96 541 6550 ou 00 33 6 21 91 75 32<\/p><p><strong><span style=\"color: #3366ff;\">POLOGNE :<\/span><\/strong><\/p><p>Seller : Ets Vega Medica\u00a0 M. Dariusz Szymanski\u00a0 T\u00e9l : 00 48 6 05 96 37 25<\/p><p><strong><span style=\"color: #3366ff;\">SUISSE :<\/span><\/strong><\/p><p>Seller\u00a0 : SMART VIBES : D.RIBEIRO\u00a0 \u00a0 \u00a0 daniel@smartvibes.ch<\/p><p><strong><span style=\"color: #3366ff;\">COTE D&#8217;IVOIRE\u00a0:<\/span><\/strong><\/p><p>Exclusive Distributor : Plan\u00e8te verte entreprise\u00a0 M. Sounkoro\u00a0 T\u00e9l : 00 225 52 89 39 86<\/p><p><strong><span style=\"color: #3366ff;\">BELGIQUE:<\/span><\/strong><\/p>\t\t\t\t\t\t\t\t<\/div>\n\t\t\t\t<\/div>\n\t\t\t\t\t<\/div>\n\t\t<\/div>\n\t\t\t\t\t<\/div>\n\t\t<\/section>\n\t\t\t\t<\/div>\n\t\t","protected":false},"excerpt":{"rendered":"<p>\u00a0 Our points of sale are constantly increasing, discover our resellers in your department below, if you want to become resellers if you want to become resellers click here : IN FRANCE : HEAD MISSION DEVELOPMENT Olivier JACOME T\u00e9l: 06 21 91 75 38 Department 01 : shop Bio : Bio Mania\u00a0 T\u00e9l : 04 [&hellip;]<\/p>\n","protected":false},"author":1580,"featured_media":0,"parent":0,"menu_order":0,"comment_status":"closed","ping_status":"closed","template":"","meta":{"_acf_changed":false,"_seopress_robots_primary_cat":"","_seopress_titles_title":"","_seopress_titles_desc":"%%title%% %%sep%% patented device for attenuating electromagnetic waves. Technology developed in France, order now!","_seopress_robots_index":"","footnotes":""},"class_list":["post-9208","page","type-page","status-publish","hentry"],"acf":[],"_links":{"self":[{"href":"https:\/\/www.wave-protect-france.com\/en\/wp-json\/wp\/v2\/pages\/9208","targetHints":{"allow":["GET"]}}],"collection":[{"href":"https:\/\/www.wave-protect-france.com\/en\/wp-json\/wp\/v2\/pages"}],"about":[{"href":"https:\/\/www.wave-protect-france.com\/en\/wp-json\/wp\/v2\/types\/page"}],"author":[{"embeddable":true,"href":"https:\/\/www.wave-protect-france.com\/en\/wp-json\/wp\/v2\/users\/1580"}],"replies":[{"embeddable":true,"href":"https:\/\/www.wave-protect-france.com\/en\/wp-json\/wp\/v2\/comments?post=9208"}],"version-history":[{"count":29,"href":"https:\/\/www.wave-protect-france.com\/en\/wp-json\/wp\/v2\/pages\/9208\/revisions"}],"predecessor-version":[{"id":21103,"href":"https:\/\/www.wave-protect-france.com\/en\/wp-json\/wp\/v2\/pages\/9208\/revisions\/21103"}],"wp:attachment":[{"href":"https:\/\/www.wave-protect-france.com\/en\/wp-json\/wp\/v2\/media?parent=9208"}],"curies":[{"name":"wp","href":"https:\/\/api.w.org\/{rel}","templated":true}]}}